{"id":7941,"date":"2026-03-26T08:24:39","date_gmt":"2026-03-26T08:24:39","guid":{"rendered":"https:\/\/m-acryl.hu\/prestige\/?post_type=product&#038;p=7941"},"modified":"2026-04-01T07:15:37","modified_gmt":"2026-04-01T07:15:37","slug":"fenyes-feher-es-matt-fekete-lefolyo-teto","status":"publish","type":"product","link":"https:\/\/m-acryl.hu\/prestige\/termek\/fenyes-feher-es-matt-fekete-lefolyo-teto\/","title":{"rendered":"F\u00e9nyes feh\u00e9r \u00e9s matt fekete lefoly\u00f3 tet\u0151"},"content":{"rendered":"<p>A szabadon \u00e1ll\u00f3 k\u00e1dakat alap\u00e1ron kr\u00f3m lefoly\u00f3val sz\u00e1ll\u00edtjuk. Ez az ut\u00f3lag is megrendelhet\u0151 f\u00e9nyes feh\u00e9r \u00e9s matt fekete acryl lefoly\u00f3 tet\u0151 opcion\u00e1lisan v\u00e1laszthat\u00f3, azaz k\u00fcl\u00f6n kell megrendelni a k\u00e1dhoz.<\/p>\n<p>A lefoly\u00f3tet\u0151t nem sz\u00fcks\u00e9ges a k\u00e1ddal egy\u00fctt megrendelni.<\/p>\n","protected":false},"excerpt":{"rendered":"<p>A szabadon \u00e1ll\u00f3 k\u00e1dakat alap\u00e1ron kr\u00f3m lefoly\u00f3val sz\u00e1ll\u00edtjuk. Ez az  [&#8230;]<\/p>\n","protected":false},"featured_media":7946,"template":"","meta":[],"product_brand":[],"product_cat":[109],"product_tag":[203],"class_list":{"0":"post-7941","1":"product","2":"type-product","3":"status-publish","4":"has-post-thumbnail","6":"product_cat-kiegeszitok","7":"product_tag-kiegeszitok","9":"first","10":"instock","11":"sold-individually","12":"shipping-taxable","13":"purchasable","14":"product-type-variable"},"yoast_head":"<!-- This site is optimized with the Yoast SEO plugin v27.2 - https:\/\/yoast.com\/product\/yoast-seo-wordpress\/ -->\n<title>F\u00e9nyes feh\u00e9r \u00e9s matt fekete lefoly\u00f3 tet\u0151 - Prestige<\/title>\n<meta name=\"description\" content=\"A szabadon \u00e1ll\u00f3 k\u00e1dakat alap\u00e1ron kr\u00f3m lefoly\u00f3val sz\u00e1ll\u00edtjuk. Ez az ut\u00f3lag is megrendelhet\u0151 f\u00e9nyes feh\u00e9r \u00e9s matt fekete acryl lefoly\u00f3 tet\u0151 opcion\u00e1lisan v\u00e1laszthat\u00f3, azaz k\u00fcl\u00f6n kell megrendelni a k\u00e1dhoz.A lefoly\u00f3tet\u0151t nem sz\u00fcks\u00e9ges a k\u00e1ddal egy\u00fctt megrendelni.\" \/>\n<meta name=\"robots\" content=\"index, follow, max-snippet:-1, max-image-preview:large, max-video-preview:-1\" \/>\n<link rel=\"canonical\" href=\"https:\/\/m-acryl.hu\/prestige\/termek\/fenyes-feher-es-matt-fekete-lefolyo-teto\/\" \/>\n<meta property=\"og:locale\" content=\"hu_HU\" \/>\n<meta property=\"og:type\" content=\"article\" \/>\n<meta property=\"og:title\" content=\"F\u00e9nyes feh\u00e9r \u00e9s matt fekete lefoly\u00f3 tet\u0151 - Prestige\" \/>\n<meta property=\"og:description\" content=\"A szabadon \u00e1ll\u00f3 k\u00e1dakat alap\u00e1ron kr\u00f3m lefoly\u00f3val sz\u00e1ll\u00edtjuk. Ez az ut\u00f3lag is megrendelhet\u0151 f\u00e9nyes feh\u00e9r \u00e9s matt fekete acryl lefoly\u00f3 tet\u0151 opcion\u00e1lisan v\u00e1laszthat\u00f3, azaz k\u00fcl\u00f6n kell megrendelni a k\u00e1dhoz.A lefoly\u00f3tet\u0151t nem sz\u00fcks\u00e9ges a k\u00e1ddal egy\u00fctt megrendelni.\" \/>\n<meta property=\"og:url\" content=\"https:\/\/m-acryl.hu\/prestige\/termek\/fenyes-feher-es-matt-fekete-lefolyo-teto\/\" \/>\n<meta property=\"og:site_name\" content=\"Prestige\" \/>\n<meta property=\"article:modified_time\" content=\"2026-04-01T07:15:37+00:00\" \/>\n<meta property=\"og:image\" content=\"https:\/\/m-acryl.hu\/prestige\/wp-content\/uploads\/2026\/03\/w-lefolyo-teto-FENYES-FEHER-1.jpg\" \/>\n\t<meta property=\"og:image:width\" content=\"675\" \/>\n\t<meta property=\"og:image:height\" content=\"675\" \/>\n\t<meta property=\"og:image:type\" content=\"image\/jpeg\" \/>\n<meta name=\"twitter:card\" content=\"summary_large_image\" \/>\n<meta name=\"twitter:label1\" content=\"Becs\u00fclt olvas\u00e1si id\u0151\" \/>\n\t<meta name=\"twitter:data1\" content=\"1 perc\" \/>\n<script type=\"application\/ld+json\" class=\"yoast-schema-graph\">{\"@context\":\"https:\/\/schema.org\",\"@graph\":[{\"@type\":\"WebPage\",\"@id\":\"https:\/\/m-acryl.hu\/prestige\/termek\/fenyes-feher-es-matt-fekete-lefolyo-teto\/\",\"url\":\"https:\/\/m-acryl.hu\/prestige\/termek\/fenyes-feher-es-matt-fekete-lefolyo-teto\/\",\"name\":\"F\u00e9nyes feh\u00e9r \u00e9s matt fekete lefoly\u00f3 tet\u0151 - Prestige\",\"isPartOf\":{\"@id\":\"https:\/\/m-acryl.hu\/prestige\/#website\"},\"primaryImageOfPage\":{\"@id\":\"https:\/\/m-acryl.hu\/prestige\/termek\/fenyes-feher-es-matt-fekete-lefolyo-teto\/#primaryimage\"},\"image\":{\"@id\":\"https:\/\/m-acryl.hu\/prestige\/termek\/fenyes-feher-es-matt-fekete-lefolyo-teto\/#primaryimage\"},\"thumbnailUrl\":\"https:\/\/m-acryl.hu\/prestige\/wp-content\/uploads\/2026\/03\/w-lefolyo-teto-FENYES-FEHER-1.jpg\",\"datePublished\":\"2026-03-26T08:24:39+00:00\",\"dateModified\":\"2026-04-01T07:15:37+00:00\",\"description\":\"A szabadon \u00e1ll\u00f3 k\u00e1dakat alap\u00e1ron kr\u00f3m lefoly\u00f3val sz\u00e1ll\u00edtjuk. Ez az ut\u00f3lag is megrendelhet\u0151 f\u00e9nyes feh\u00e9r \u00e9s matt fekete acryl lefoly\u00f3 tet\u0151 opcion\u00e1lisan v\u00e1laszthat\u00f3, azaz k\u00fcl\u00f6n kell megrendelni a k\u00e1dhoz.A lefoly\u00f3tet\u0151t nem sz\u00fcks\u00e9ges a k\u00e1ddal egy\u00fctt megrendelni.\",\"breadcrumb\":{\"@id\":\"https:\/\/m-acryl.hu\/prestige\/termek\/fenyes-feher-es-matt-fekete-lefolyo-teto\/#breadcrumb\"},\"inLanguage\":\"hu\",\"potentialAction\":[{\"@type\":\"ReadAction\",\"target\":[\"https:\/\/m-acryl.hu\/prestige\/termek\/fenyes-feher-es-matt-fekete-lefolyo-teto\/\"]}]},{\"@type\":\"ImageObject\",\"inLanguage\":\"hu\",\"@id\":\"https:\/\/m-acryl.hu\/prestige\/termek\/fenyes-feher-es-matt-fekete-lefolyo-teto\/#primaryimage\",\"url\":\"https:\/\/m-acryl.hu\/prestige\/wp-content\/uploads\/2026\/03\/w-lefolyo-teto-FENYES-FEHER-1.jpg\",\"contentUrl\":\"https:\/\/m-acryl.hu\/prestige\/wp-content\/uploads\/2026\/03\/w-lefolyo-teto-FENYES-FEHER-1.jpg\",\"width\":675,\"height\":675,\"caption\":\"F\u00e9nyes feh\u00e9r lefoly\u00f3 tet\u0151 z\u00e1rt \u00e1ll\u00e1sban\"},{\"@type\":\"BreadcrumbList\",\"@id\":\"https:\/\/m-acryl.hu\/prestige\/termek\/fenyes-feher-es-matt-fekete-lefolyo-teto\/#breadcrumb\",\"itemListElement\":[{\"@type\":\"ListItem\",\"position\":1,\"name\":\"Kezd\u0151lap\",\"item\":\"https:\/\/m-acryl.hu\/prestige\/\"},{\"@type\":\"ListItem\",\"position\":2,\"name\":\"K\u00e1dak\",\"item\":\"https:\/\/m-acryl.hu\/prestige\/kadak\/\"},{\"@type\":\"ListItem\",\"position\":3,\"name\":\"F\u00e9nyes feh\u00e9r \u00e9s matt fekete lefoly\u00f3 tet\u0151\"}]},{\"@type\":\"WebSite\",\"@id\":\"https:\/\/m-acryl.hu\/prestige\/#website\",\"url\":\"https:\/\/m-acryl.hu\/prestige\/\",\"name\":\"Prestige\",\"description\":\"Kiemelt k\u00e9nyelem minden nap\",\"potentialAction\":[{\"@type\":\"SearchAction\",\"target\":{\"@type\":\"EntryPoint\",\"urlTemplate\":\"https:\/\/m-acryl.hu\/prestige\/?s={search_term_string}\"},\"query-input\":{\"@type\":\"PropertyValueSpecification\",\"valueRequired\":true,\"valueName\":\"search_term_string\"}}],\"inLanguage\":\"hu\"}]}<\/script>\n<!-- \/ Yoast SEO plugin. -->","yoast_head_json":{"title":"F\u00e9nyes feh\u00e9r \u00e9s matt fekete lefoly\u00f3 tet\u0151 - Prestige","description":"A szabadon \u00e1ll\u00f3 k\u00e1dakat alap\u00e1ron kr\u00f3m lefoly\u00f3val sz\u00e1ll\u00edtjuk. Ez az ut\u00f3lag is megrendelhet\u0151 f\u00e9nyes feh\u00e9r \u00e9s matt fekete acryl lefoly\u00f3 tet\u0151 opcion\u00e1lisan v\u00e1laszthat\u00f3, azaz k\u00fcl\u00f6n kell megrendelni a k\u00e1dhoz.A lefoly\u00f3tet\u0151t nem sz\u00fcks\u00e9ges a k\u00e1ddal egy\u00fctt megrendelni.","robots":{"index":"index","follow":"follow","max-snippet":"max-snippet:-1","max-image-preview":"max-image-preview:large","max-video-preview":"max-video-preview:-1"},"canonical":"https:\/\/m-acryl.hu\/prestige\/termek\/fenyes-feher-es-matt-fekete-lefolyo-teto\/","og_locale":"hu_HU","og_type":"article","og_title":"F\u00e9nyes feh\u00e9r \u00e9s matt fekete lefoly\u00f3 tet\u0151 - Prestige","og_description":"A szabadon \u00e1ll\u00f3 k\u00e1dakat alap\u00e1ron kr\u00f3m lefoly\u00f3val sz\u00e1ll\u00edtjuk. Ez az ut\u00f3lag is megrendelhet\u0151 f\u00e9nyes feh\u00e9r \u00e9s matt fekete acryl lefoly\u00f3 tet\u0151 opcion\u00e1lisan v\u00e1laszthat\u00f3, azaz k\u00fcl\u00f6n kell megrendelni a k\u00e1dhoz.A lefoly\u00f3tet\u0151t nem sz\u00fcks\u00e9ges a k\u00e1ddal egy\u00fctt megrendelni.","og_url":"https:\/\/m-acryl.hu\/prestige\/termek\/fenyes-feher-es-matt-fekete-lefolyo-teto\/","og_site_name":"Prestige","article_modified_time":"2026-04-01T07:15:37+00:00","og_image":[{"width":675,"height":675,"url":"https:\/\/m-acryl.hu\/prestige\/wp-content\/uploads\/2026\/03\/w-lefolyo-teto-FENYES-FEHER-1.jpg","type":"image\/jpeg"}],"twitter_card":"summary_large_image","twitter_misc":{"Becs\u00fclt olvas\u00e1si id\u0151":"1 perc"},"schema":{"@context":"https:\/\/schema.org","@graph":[{"@type":"WebPage","@id":"https:\/\/m-acryl.hu\/prestige\/termek\/fenyes-feher-es-matt-fekete-lefolyo-teto\/","url":"https:\/\/m-acryl.hu\/prestige\/termek\/fenyes-feher-es-matt-fekete-lefolyo-teto\/","name":"F\u00e9nyes feh\u00e9r \u00e9s matt fekete lefoly\u00f3 tet\u0151 - Prestige","isPartOf":{"@id":"https:\/\/m-acryl.hu\/prestige\/#website"},"primaryImageOfPage":{"@id":"https:\/\/m-acryl.hu\/prestige\/termek\/fenyes-feher-es-matt-fekete-lefolyo-teto\/#primaryimage"},"image":{"@id":"https:\/\/m-acryl.hu\/prestige\/termek\/fenyes-feher-es-matt-fekete-lefolyo-teto\/#primaryimage"},"thumbnailUrl":"https:\/\/m-acryl.hu\/prestige\/wp-content\/uploads\/2026\/03\/w-lefolyo-teto-FENYES-FEHER-1.jpg","datePublished":"2026-03-26T08:24:39+00:00","dateModified":"2026-04-01T07:15:37+00:00","description":"A szabadon \u00e1ll\u00f3 k\u00e1dakat alap\u00e1ron kr\u00f3m lefoly\u00f3val sz\u00e1ll\u00edtjuk. Ez az ut\u00f3lag is megrendelhet\u0151 f\u00e9nyes feh\u00e9r \u00e9s matt fekete acryl lefoly\u00f3 tet\u0151 opcion\u00e1lisan v\u00e1laszthat\u00f3, azaz k\u00fcl\u00f6n kell megrendelni a k\u00e1dhoz.A lefoly\u00f3tet\u0151t nem sz\u00fcks\u00e9ges a k\u00e1ddal egy\u00fctt megrendelni.","breadcrumb":{"@id":"https:\/\/m-acryl.hu\/prestige\/termek\/fenyes-feher-es-matt-fekete-lefolyo-teto\/#breadcrumb"},"inLanguage":"hu","potentialAction":[{"@type":"ReadAction","target":["https:\/\/m-acryl.hu\/prestige\/termek\/fenyes-feher-es-matt-fekete-lefolyo-teto\/"]}]},{"@type":"ImageObject","inLanguage":"hu","@id":"https:\/\/m-acryl.hu\/prestige\/termek\/fenyes-feher-es-matt-fekete-lefolyo-teto\/#primaryimage","url":"https:\/\/m-acryl.hu\/prestige\/wp-content\/uploads\/2026\/03\/w-lefolyo-teto-FENYES-FEHER-1.jpg","contentUrl":"https:\/\/m-acryl.hu\/prestige\/wp-content\/uploads\/2026\/03\/w-lefolyo-teto-FENYES-FEHER-1.jpg","width":675,"height":675,"caption":"F\u00e9nyes feh\u00e9r lefoly\u00f3 tet\u0151 z\u00e1rt \u00e1ll\u00e1sban"},{"@type":"BreadcrumbList","@id":"https:\/\/m-acryl.hu\/prestige\/termek\/fenyes-feher-es-matt-fekete-lefolyo-teto\/#breadcrumb","itemListElement":[{"@type":"ListItem","position":1,"name":"Kezd\u0151lap","item":"https:\/\/m-acryl.hu\/prestige\/"},{"@type":"ListItem","position":2,"name":"K\u00e1dak","item":"https:\/\/m-acryl.hu\/prestige\/kadak\/"},{"@type":"ListItem","position":3,"name":"F\u00e9nyes feh\u00e9r \u00e9s matt fekete lefoly\u00f3 tet\u0151"}]},{"@type":"WebSite","@id":"https:\/\/m-acryl.hu\/prestige\/#website","url":"https:\/\/m-acryl.hu\/prestige\/","name":"Prestige","description":"Kiemelt k\u00e9nyelem minden nap","potentialAction":[{"@type":"SearchAction","target":{"@type":"EntryPoint","urlTemplate":"https:\/\/m-acryl.hu\/prestige\/?s={search_term_string}"},"query-input":{"@type":"PropertyValueSpecification","valueRequired":true,"valueName":"search_term_string"}}],"inLanguage":"hu"}]}},"_links":{"self":[{"href":"https:\/\/m-acryl.hu\/prestige\/wp-json\/wp\/v2\/product\/7941","targetHints":{"allow":["GET"]}}],"collection":[{"href":"https:\/\/m-acryl.hu\/prestige\/wp-json\/wp\/v2\/product"}],"about":[{"href":"https:\/\/m-acryl.hu\/prestige\/wp-json\/wp\/v2\/types\/product"}],"wp:featuredmedia":[{"embeddable":true,"href":"https:\/\/m-acryl.hu\/prestige\/wp-json\/wp\/v2\/media\/7946"}],"wp:attachment":[{"href":"https:\/\/m-acryl.hu\/prestige\/wp-json\/wp\/v2\/media?parent=7941"}],"wp:term":[{"taxonomy":"product_brand","embeddable":true,"href":"https:\/\/m-acryl.hu\/prestige\/wp-json\/wp\/v2\/product_brand?post=7941"},{"taxonomy":"product_cat","embeddable":true,"href":"https:\/\/m-acryl.hu\/prestige\/wp-json\/wp\/v2\/product_cat?post=7941"},{"taxonomy":"product_tag","embeddable":true,"href":"https:\/\/m-acryl.hu\/prestige\/wp-json\/wp\/v2\/product_tag?post=7941"}],"curies":[{"name":"wp","href":"https:\/\/api.w.org\/{rel}","templated":true}]}}