{"id":7612,"date":"2026-02-10T11:45:35","date_gmt":"2026-02-10T11:45:35","guid":{"rendered":"https:\/\/m-acryl.hu\/prestige\/?post_type=product&#038;p=7612"},"modified":"2026-03-16T10:03:23","modified_gmt":"2026-03-16T10:03:23","slug":"iris-o-szabadon-allo-akril-kad","status":"publish","type":"product","link":"https:\/\/m-acryl.hu\/prestige\/termek\/iris-o-szabadon-allo-akril-kad\/","title":{"rendered":"Iris O szabadon \u00e1ll\u00f3 akril k\u00e1d"},"content":{"rendered":"<p class=\"p1\">Modern forma, ami fu\u0308rd\u0151szob\u00e1ja k\u00f6zponti eleme.<\/p>\n","protected":false},"excerpt":{"rendered":"<h3><b>Modern forma, ami karaktert ad t\u00e9rnek.<\/b><\/h3>\n<p><span style=\"font-weight: 400;\">Az <\/span><b>Iris O<\/b> <b>szabadon \u00e1ll\u00f3 k\u00e1d<\/b><span style=\"font-weight: 400;\"> letisztult form\u00e1j\u00e1val \u00e9s kiegyens\u00falyozott ar\u00e1nyaival a f\u00fcrd\u0151szoba term\u00e9szetes k\u00f6z\u00e9ppontj\u00e1v\u00e1 v\u00e1lhat. T\u00e9glalap kialak\u00edt\u00e1sa, sz\u00f6gletes vonalai \u00e9s l\u00e1gyan lekerek\u00edtett sarkai modern, id\u0151t\u00e1ll\u00f3 karaktert adnak a t\u00e9rnek.\u00a0<\/span><\/p>\n<h3><b>Letisztult k\u00fcllem, egys\u00e9ges megjelen\u00e9s<\/b><\/h3>\n<p><span style=\"font-weight: 400;\">Az Iris O integr\u00e1lt burkolattal k\u00e9sz\u00fcl, ez\u00e9rt minden oldalr\u00f3l egys\u00e9ges, letisztult l\u00e1tv\u00e1nyt ny\u00fajt. Egyszer\u0171, ar\u00e1nyos kialak\u00edt\u00e1sa nem a d\u00edsz\u00edt\u00e9sekre, hanem a tiszta form\u00e1ra \u00e9s az id\u0151t\u00e1ll\u00f3 diz\u00e1jnra \u00e9p\u00fcl.<\/span><\/p>\n<h3><b>Tart\u00f3s akril anyag, stabil szerkezet<\/b><\/h3>\n<p><span style=\"font-weight: 400;\">Az Iris O <\/span><b>100%-ban szaniter akrilb\u00f3l<\/b><span style=\"font-weight: 400;\"> k\u00e9sz\u00fcl. Az anyag kellemes \u00e9rzetet ad f\u00fcrd\u00e9s k\u00f6zben, gyorsan felveszi a v\u00edz h\u0151m\u00e9rs\u00e9klet\u00e9t, \u00e9s seg\u00edt azt megtartani. Fel\u00fclete sima \u00e9s k\u00f6nnyen tiszt\u00e1n tarthat\u00f3, nem s\u00e1rgul, \u00e9s ellen\u00e1ll a rendszeres ig\u00e9nybev\u00e9telnek.\u00a0<\/span><\/p>\n<p><span style=\"font-weight: 400;\">A stabil v\u00e1z \u00e9s a meger\u0151s\u00edtett szerkezet biztos alapot ad a mindennapi haszn\u00e1lathoz. A k\u00e1d <\/span><b>antibakteri\u00e1lis fel\u00fclet\u0171<\/b><span style=\"font-weight: 400;\">, \u00e9s a term\u00e9kre <\/span><b>15 \u00e9v garancia<\/b><span style=\"font-weight: 400;\"> vonatkozik.<\/span><\/p>\n<h3><b>M\u00e9ret \u00e9s kialak\u00edt\u00e1s<\/b><\/h3>\n<p><span style=\"font-weight: 400;\">Az Iris O 160&#215;73 cm m\u00e9retben k\u00e9sz\u00fcl, ami elegend\u0151 teret biztos\u00edt a k\u00e9nyelmes ellazul\u00e1shoz, ak\u00e1r k\u00e9t szem\u00e9ly r\u00e9sz\u00e9re is. A bels\u0151 form\u00e1ja ergonomikus, \u00edgy a f\u00fcrd\u0151z\u00e9s val\u00f3ban k\u00e9nyelmes f\u00fcrd\u00e9s\u00e9lm\u00e9nyt ny\u00fajt.<\/span><\/p>\n","protected":false},"featured_media":7533,"template":"","meta":[],"product_brand":[],"product_cat":[193,194,65,196,175,174,173,244],"product_tag":[52,53,198,54],"class_list":{"0":"post-7612","1":"product","2":"type-product","3":"status-publish","4":"has-post-thumbnail","6":"product_cat-15-ev-garancia","7":"product_cat-2-szemelyes-kad","8":"product_cat-akril-kadak","9":"product_cat-antibakterialis-felulet","10":"product_cat-feher-kadak","11":"product_cat-matt-fekete-kadak","12":"product_cat-terben-elhelyezheto-kadak","13":"product_cat-ujdonsag","14":"product_tag-15-ev-garancia","15":"product_tag-2-szemelyes-kad","16":"product_tag-akril","17":"product_tag-antibaterialis-felulet","19":"first","20":"instock","21":"sold-individually","22":"shipping-taxable","23":"purchasable","24":"product-type-variable","25":"has-default-attributes"},"yoast_head":"<!-- This site is optimized with the Yoast SEO plugin v27.2 - https:\/\/yoast.com\/product\/yoast-seo-wordpress\/ -->\n<title>Iris O szabadon \u00e1ll\u00f3 akril k\u00e1d - Prestige<\/title>\n<meta name=\"robots\" content=\"index, follow, max-snippet:-1, max-image-preview:large, max-video-preview:-1\" \/>\n<link rel=\"canonical\" href=\"https:\/\/m-acryl.hu\/prestige\/termek\/iris-o-szabadon-allo-akril-kad\/\" \/>\n<meta property=\"og:locale\" content=\"hu_HU\" \/>\n<meta property=\"og:type\" content=\"article\" \/>\n<meta property=\"og:title\" content=\"Iris O szabadon \u00e1ll\u00f3 akril k\u00e1d - Prestige\" \/>\n<meta property=\"og:description\" content=\"Modern forma, ami karaktert ad t\u00e9rnek. Az Iris O szabadon \u00e1ll\u00f3 k\u00e1d letisztult form\u00e1j\u00e1val \u00e9s kiegyens\u00falyozott ar\u00e1nyaival a f\u00fcrd\u0151szoba term\u00e9szetes k\u00f6z\u00e9ppontj\u00e1v\u00e1 v\u00e1lhat. T\u00e9glalap kialak\u00edt\u00e1sa, sz\u00f6gletes vonalai \u00e9s l\u00e1gyan lekerek\u00edtett sarkai modern, id\u0151t\u00e1ll\u00f3 karaktert adnak a t\u00e9rnek.\u00a0 Letisztult k\u00fcllem, egys\u00e9ges megjelen\u00e9s Az Iris O integr\u00e1lt burkolattal k\u00e9sz\u00fcl, ez\u00e9rt minden oldalr\u00f3l egys\u00e9ges, letisztult l\u00e1tv\u00e1nyt ny\u00fajt. Egyszer\u0171, ar\u00e1nyos kialak\u00edt\u00e1sa nem a d\u00edsz\u00edt\u00e9sekre, hanem a tiszta form\u00e1ra \u00e9s az id\u0151t\u00e1ll\u00f3 diz\u00e1jnra \u00e9p\u00fcl. Tart\u00f3s akril anyag, stabil szerkezet Az Iris O 100%-ban szaniter akrilb\u00f3l k\u00e9sz\u00fcl. Az anyag kellemes \u00e9rzetet ad f\u00fcrd\u00e9s k\u00f6zben, gyorsan felveszi a v\u00edz h\u0151m\u00e9rs\u00e9klet\u00e9t, \u00e9s seg\u00edt azt megtartani. Fel\u00fclete sima \u00e9s k\u00f6nnyen tiszt\u00e1n tarthat\u00f3, nem s\u00e1rgul, \u00e9s ellen\u00e1ll a rendszeres ig\u00e9nybev\u00e9telnek.\u00a0  A stabil v\u00e1z \u00e9s a meger\u0151s\u00edtett szerkezet biztos alapot ad a mindennapi haszn\u00e1lathoz. A k\u00e1d antibakteri\u00e1lis fel\u00fclet\u0171, \u00e9s a term\u00e9kre 15 \u00e9v garancia vonatkozik. M\u00e9ret \u00e9s kialak\u00edt\u00e1s Az Iris O 160x73 cm m\u00e9retben k\u00e9sz\u00fcl, ami elegend\u0151 teret biztos\u00edt a k\u00e9nyelmes ellazul\u00e1shoz, ak\u00e1r k\u00e9t szem\u00e9ly r\u00e9sz\u00e9re is. A bels\u0151 form\u00e1ja ergonomikus, \u00edgy a f\u00fcrd\u0151z\u00e9s val\u00f3ban k\u00e9nyelmes f\u00fcrd\u00e9s\u00e9lm\u00e9nyt ny\u00fajt.\" \/>\n<meta property=\"og:url\" content=\"https:\/\/m-acryl.hu\/prestige\/termek\/iris-o-szabadon-allo-akril-kad\/\" \/>\n<meta property=\"og:site_name\" content=\"Prestige\" \/>\n<meta property=\"article:modified_time\" content=\"2026-03-16T10:03:23+00:00\" \/>\n<meta property=\"og:image\" content=\"https:\/\/m-acryl.hu\/prestige\/wp-content\/uploads\/2026\/02\/m-acryl-iris-o-acryl-szabadon-allo-kad-feher-02.webp\" \/>\n\t<meta property=\"og:image:width\" content=\"1920\" \/>\n\t<meta property=\"og:image:height\" content=\"1200\" \/>\n\t<meta property=\"og:image:type\" content=\"image\/webp\" \/>\n<meta name=\"twitter:card\" content=\"summary_large_image\" \/>\n<meta name=\"twitter:label1\" content=\"Becs\u00fclt olvas\u00e1si id\u0151\" \/>\n\t<meta name=\"twitter:data1\" content=\"1 perc\" \/>\n<script type=\"application\/ld+json\" class=\"yoast-schema-graph\">{\"@context\":\"https:\/\/schema.org\",\"@graph\":[{\"@type\":\"WebPage\",\"@id\":\"https:\/\/m-acryl.hu\/prestige\/termek\/iris-o-szabadon-allo-akril-kad\/\",\"url\":\"https:\/\/m-acryl.hu\/prestige\/termek\/iris-o-szabadon-allo-akril-kad\/\",\"name\":\"Iris O szabadon \u00e1ll\u00f3 akril k\u00e1d - Prestige\",\"isPartOf\":{\"@id\":\"https:\/\/m-acryl.hu\/prestige\/#website\"},\"primaryImageOfPage\":{\"@id\":\"https:\/\/m-acryl.hu\/prestige\/termek\/iris-o-szabadon-allo-akril-kad\/#primaryimage\"},\"image\":{\"@id\":\"https:\/\/m-acryl.hu\/prestige\/termek\/iris-o-szabadon-allo-akril-kad\/#primaryimage\"},\"thumbnailUrl\":\"https:\/\/m-acryl.hu\/prestige\/wp-content\/uploads\/2026\/02\/m-acryl-iris-o-acryl-szabadon-allo-kad-feher-02.webp\",\"datePublished\":\"2026-02-10T11:45:35+00:00\",\"dateModified\":\"2026-03-16T10:03:23+00:00\",\"breadcrumb\":{\"@id\":\"https:\/\/m-acryl.hu\/prestige\/termek\/iris-o-szabadon-allo-akril-kad\/#breadcrumb\"},\"inLanguage\":\"hu\",\"potentialAction\":[{\"@type\":\"ReadAction\",\"target\":[\"https:\/\/m-acryl.hu\/prestige\/termek\/iris-o-szabadon-allo-akril-kad\/\"]}]},{\"@type\":\"ImageObject\",\"inLanguage\":\"hu\",\"@id\":\"https:\/\/m-acryl.hu\/prestige\/termek\/iris-o-szabadon-allo-akril-kad\/#primaryimage\",\"url\":\"https:\/\/m-acryl.hu\/prestige\/wp-content\/uploads\/2026\/02\/m-acryl-iris-o-acryl-szabadon-allo-kad-feher-02.webp\",\"contentUrl\":\"https:\/\/m-acryl.hu\/prestige\/wp-content\/uploads\/2026\/02\/m-acryl-iris-o-acryl-szabadon-allo-kad-feher-02.webp\",\"width\":1920,\"height\":1200},{\"@type\":\"BreadcrumbList\",\"@id\":\"https:\/\/m-acryl.hu\/prestige\/termek\/iris-o-szabadon-allo-akril-kad\/#breadcrumb\",\"itemListElement\":[{\"@type\":\"ListItem\",\"position\":1,\"name\":\"Kezd\u0151lap\",\"item\":\"https:\/\/m-acryl.hu\/prestige\/\"},{\"@type\":\"ListItem\",\"position\":2,\"name\":\"K\u00e1dak\",\"item\":\"https:\/\/m-acryl.hu\/prestige\/kadak\/\"},{\"@type\":\"ListItem\",\"position\":3,\"name\":\"Iris O szabadon \u00e1ll\u00f3 akril k\u00e1d\"}]},{\"@type\":\"WebSite\",\"@id\":\"https:\/\/m-acryl.hu\/prestige\/#website\",\"url\":\"https:\/\/m-acryl.hu\/prestige\/\",\"name\":\"Prestige\",\"description\":\"Kiemelt k\u00e9nyelem minden nap\",\"potentialAction\":[{\"@type\":\"SearchAction\",\"target\":{\"@type\":\"EntryPoint\",\"urlTemplate\":\"https:\/\/m-acryl.hu\/prestige\/?s={search_term_string}\"},\"query-input\":{\"@type\":\"PropertyValueSpecification\",\"valueRequired\":true,\"valueName\":\"search_term_string\"}}],\"inLanguage\":\"hu\"}]}<\/script>\n<!-- \/ Yoast SEO plugin. -->","yoast_head_json":{"title":"Iris O szabadon \u00e1ll\u00f3 akril k\u00e1d - Prestige","robots":{"index":"index","follow":"follow","max-snippet":"max-snippet:-1","max-image-preview":"max-image-preview:large","max-video-preview":"max-video-preview:-1"},"canonical":"https:\/\/m-acryl.hu\/prestige\/termek\/iris-o-szabadon-allo-akril-kad\/","og_locale":"hu_HU","og_type":"article","og_title":"Iris O szabadon \u00e1ll\u00f3 akril k\u00e1d - Prestige","og_description":"Modern forma, ami karaktert ad t\u00e9rnek. Az Iris O szabadon \u00e1ll\u00f3 k\u00e1d letisztult form\u00e1j\u00e1val \u00e9s kiegyens\u00falyozott ar\u00e1nyaival a f\u00fcrd\u0151szoba term\u00e9szetes k\u00f6z\u00e9ppontj\u00e1v\u00e1 v\u00e1lhat. T\u00e9glalap kialak\u00edt\u00e1sa, sz\u00f6gletes vonalai \u00e9s l\u00e1gyan lekerek\u00edtett sarkai modern, id\u0151t\u00e1ll\u00f3 karaktert adnak a t\u00e9rnek.\u00a0 Letisztult k\u00fcllem, egys\u00e9ges megjelen\u00e9s Az Iris O integr\u00e1lt burkolattal k\u00e9sz\u00fcl, ez\u00e9rt minden oldalr\u00f3l egys\u00e9ges, letisztult l\u00e1tv\u00e1nyt ny\u00fajt. Egyszer\u0171, ar\u00e1nyos kialak\u00edt\u00e1sa nem a d\u00edsz\u00edt\u00e9sekre, hanem a tiszta form\u00e1ra \u00e9s az id\u0151t\u00e1ll\u00f3 diz\u00e1jnra \u00e9p\u00fcl. Tart\u00f3s akril anyag, stabil szerkezet Az Iris O 100%-ban szaniter akrilb\u00f3l k\u00e9sz\u00fcl. Az anyag kellemes \u00e9rzetet ad f\u00fcrd\u00e9s k\u00f6zben, gyorsan felveszi a v\u00edz h\u0151m\u00e9rs\u00e9klet\u00e9t, \u00e9s seg\u00edt azt megtartani. Fel\u00fclete sima \u00e9s k\u00f6nnyen tiszt\u00e1n tarthat\u00f3, nem s\u00e1rgul, \u00e9s ellen\u00e1ll a rendszeres ig\u00e9nybev\u00e9telnek.\u00a0  A stabil v\u00e1z \u00e9s a meger\u0151s\u00edtett szerkezet biztos alapot ad a mindennapi haszn\u00e1lathoz. A k\u00e1d antibakteri\u00e1lis fel\u00fclet\u0171, \u00e9s a term\u00e9kre 15 \u00e9v garancia vonatkozik. M\u00e9ret \u00e9s kialak\u00edt\u00e1s Az Iris O 160x73 cm m\u00e9retben k\u00e9sz\u00fcl, ami elegend\u0151 teret biztos\u00edt a k\u00e9nyelmes ellazul\u00e1shoz, ak\u00e1r k\u00e9t szem\u00e9ly r\u00e9sz\u00e9re is. A bels\u0151 form\u00e1ja ergonomikus, \u00edgy a f\u00fcrd\u0151z\u00e9s val\u00f3ban k\u00e9nyelmes f\u00fcrd\u00e9s\u00e9lm\u00e9nyt ny\u00fajt.","og_url":"https:\/\/m-acryl.hu\/prestige\/termek\/iris-o-szabadon-allo-akril-kad\/","og_site_name":"Prestige","article_modified_time":"2026-03-16T10:03:23+00:00","og_image":[{"width":1920,"height":1200,"url":"https:\/\/m-acryl.hu\/prestige\/wp-content\/uploads\/2026\/02\/m-acryl-iris-o-acryl-szabadon-allo-kad-feher-02.webp","type":"image\/webp"}],"twitter_card":"summary_large_image","twitter_misc":{"Becs\u00fclt olvas\u00e1si id\u0151":"1 perc"},"schema":{"@context":"https:\/\/schema.org","@graph":[{"@type":"WebPage","@id":"https:\/\/m-acryl.hu\/prestige\/termek\/iris-o-szabadon-allo-akril-kad\/","url":"https:\/\/m-acryl.hu\/prestige\/termek\/iris-o-szabadon-allo-akril-kad\/","name":"Iris O szabadon \u00e1ll\u00f3 akril k\u00e1d - Prestige","isPartOf":{"@id":"https:\/\/m-acryl.hu\/prestige\/#website"},"primaryImageOfPage":{"@id":"https:\/\/m-acryl.hu\/prestige\/termek\/iris-o-szabadon-allo-akril-kad\/#primaryimage"},"image":{"@id":"https:\/\/m-acryl.hu\/prestige\/termek\/iris-o-szabadon-allo-akril-kad\/#primaryimage"},"thumbnailUrl":"https:\/\/m-acryl.hu\/prestige\/wp-content\/uploads\/2026\/02\/m-acryl-iris-o-acryl-szabadon-allo-kad-feher-02.webp","datePublished":"2026-02-10T11:45:35+00:00","dateModified":"2026-03-16T10:03:23+00:00","breadcrumb":{"@id":"https:\/\/m-acryl.hu\/prestige\/termek\/iris-o-szabadon-allo-akril-kad\/#breadcrumb"},"inLanguage":"hu","potentialAction":[{"@type":"ReadAction","target":["https:\/\/m-acryl.hu\/prestige\/termek\/iris-o-szabadon-allo-akril-kad\/"]}]},{"@type":"ImageObject","inLanguage":"hu","@id":"https:\/\/m-acryl.hu\/prestige\/termek\/iris-o-szabadon-allo-akril-kad\/#primaryimage","url":"https:\/\/m-acryl.hu\/prestige\/wp-content\/uploads\/2026\/02\/m-acryl-iris-o-acryl-szabadon-allo-kad-feher-02.webp","contentUrl":"https:\/\/m-acryl.hu\/prestige\/wp-content\/uploads\/2026\/02\/m-acryl-iris-o-acryl-szabadon-allo-kad-feher-02.webp","width":1920,"height":1200},{"@type":"BreadcrumbList","@id":"https:\/\/m-acryl.hu\/prestige\/termek\/iris-o-szabadon-allo-akril-kad\/#breadcrumb","itemListElement":[{"@type":"ListItem","position":1,"name":"Kezd\u0151lap","item":"https:\/\/m-acryl.hu\/prestige\/"},{"@type":"ListItem","position":2,"name":"K\u00e1dak","item":"https:\/\/m-acryl.hu\/prestige\/kadak\/"},{"@type":"ListItem","position":3,"name":"Iris O szabadon \u00e1ll\u00f3 akril k\u00e1d"}]},{"@type":"WebSite","@id":"https:\/\/m-acryl.hu\/prestige\/#website","url":"https:\/\/m-acryl.hu\/prestige\/","name":"Prestige","description":"Kiemelt k\u00e9nyelem minden nap","potentialAction":[{"@type":"SearchAction","target":{"@type":"EntryPoint","urlTemplate":"https:\/\/m-acryl.hu\/prestige\/?s={search_term_string}"},"query-input":{"@type":"PropertyValueSpecification","valueRequired":true,"valueName":"search_term_string"}}],"inLanguage":"hu"}]}},"_links":{"self":[{"href":"https:\/\/m-acryl.hu\/prestige\/wp-json\/wp\/v2\/product\/7612","targetHints":{"allow":["GET"]}}],"collection":[{"href":"https:\/\/m-acryl.hu\/prestige\/wp-json\/wp\/v2\/product"}],"about":[{"href":"https:\/\/m-acryl.hu\/prestige\/wp-json\/wp\/v2\/types\/product"}],"wp:featuredmedia":[{"embeddable":true,"href":"https:\/\/m-acryl.hu\/prestige\/wp-json\/wp\/v2\/media\/7533"}],"wp:attachment":[{"href":"https:\/\/m-acryl.hu\/prestige\/wp-json\/wp\/v2\/media?parent=7612"}],"wp:term":[{"taxonomy":"product_brand","embeddable":true,"href":"https:\/\/m-acryl.hu\/prestige\/wp-json\/wp\/v2\/product_brand?post=7612"},{"taxonomy":"product_cat","embeddable":true,"href":"https:\/\/m-acryl.hu\/prestige\/wp-json\/wp\/v2\/product_cat?post=7612"},{"taxonomy":"product_tag","embeddable":true,"href":"https:\/\/m-acryl.hu\/prestige\/wp-json\/wp\/v2\/product_tag?post=7612"}],"curies":[{"name":"wp","href":"https:\/\/api.w.org\/{rel}","templated":true}]}}