{"id":7598,"date":"2026-02-10T11:26:56","date_gmt":"2026-02-10T11:26:56","guid":{"rendered":"https:\/\/m-acryl.hu\/prestige\/?post_type=product&#038;p=7598"},"modified":"2026-03-13T09:58:22","modified_gmt":"2026-03-13T09:58:22","slug":"iris-w-kulonleges-akril-kad","status":"publish","type":"product","link":"https:\/\/m-acryl.hu\/prestige\/termek\/iris-w-kulonleges-akril-kad\/","title":{"rendered":"Iris W k\u00fcl\u00f6nleges akril k\u00e1d"},"content":{"rendered":"<p>Falhoz simul, karaktere m\u00e9gis figyelmet k\u00e9r \u2013 az Iris term\u00e9szetesen illeszkedik a t\u00e9rbe.<\/p>\n","protected":false},"excerpt":{"rendered":"<p><span style=\"font-weight: 400;\">Falhoz simul, karaktere m\u00e9gis figyelmet k\u00e9r.\u00a0<\/span><\/p>\n<p><span style=\"font-weight: 400;\">Az Iris W falhoz tolhat\u00f3 szabadon \u00e1ll\u00f3 k\u00e1d, amely letisztult form\u00e1j\u00e1val term\u00e9szetesen illeszkedik a f\u00fcrd\u0151szob\u00e1ba. Enyh\u00e9n d\u00f6nt\u00f6tt oldalfalai vizu\u00e1lisan k\u00f6nnyedebb\u00e9 teszik a megjelen\u00e9s\u00e9t, \u00edgy kisebb terekben sem hat t\u00fal nagynak, mik\u00f6zben k\u00e9nyelmes f\u00fcrd\u0151z\u00e9st biztos\u00edt.<\/span><\/p>\n<p><span style=\"font-weight: 400;\">Az Iris W falhoz tolhat\u00f3 k\u00e1d t\u00e9glalap form\u00e1ja \u00e9s finoman lekerek\u00edtett, sz\u00f6gletes vonalai rendezett, nyugodt \u00f6sszk\u00e9pet adnak. A fal melletti kialak\u00edt\u00e1s lehet\u0151v\u00e9 teszi a pontos illeszt\u00e9st, ami megk\u00f6nny\u00edti a f\u00fcrd\u0151szoba tervez\u00e9s\u00e9t \u00e9s a v\u00edzki\u00e1ll\u00e1sok el\u0151k\u00e9sz\u00edt\u00e9s\u00e9t, mik\u00f6zben a k\u00e1d meg\u0151rzi a szabadon \u00e1ll\u00f3 modellek jellegzetes megjelen\u00e9s\u00e9t.<\/span><\/p>\n<h3><strong>Letisztult k\u00fcllem, praktikus kialak\u00edt\u00e1s<\/strong><\/h3>\n<p><span style=\"font-weight: 400;\">A fal fel\u0151li oldalon kialak\u00edtott <\/span><b>sz\u00e9les perem<\/b><span style=\"font-weight: 400;\"> praktikus pakol\u00f3fel\u00fcletet biztos\u00edt a f\u00fcrd\u0151z\u00e9shez sz\u00fcks\u00e9ges kieg\u00e9sz\u00edt\u0151knek. Az <\/span><b>integr\u00e1lt burkolat<\/b><span style=\"font-weight: 400;\"> egys\u00e9ges, letisztult megjelen\u00e9st ad a k\u00e1dnak, k\u00fcl\u00f6n oldallap vagy burkol\u00e1s n\u00e9lk\u00fcl.<\/span><\/p>\n<h3><strong>Tart\u00f3s akril anyag, stabil szerkezet<\/strong><\/h3>\n<p><span style=\"font-weight: 400;\">Az Iris W <\/span><b>100% szaniter akrilb\u00f3l<\/b><span style=\"font-weight: 400;\"> k\u00e9sz\u00fcl, fen\u00e9kszerkezete meger\u0151s\u00edtett, ami stabilit\u00e1st \u00e9s hossz\u00fa t\u00e1v\u00fa terhelhet\u0151s\u00e9get biztos\u00edt. Az k\u00e1d fel\u00fclete kellemes tapint\u00e1s\u00fa, gyorsan felveszi a v\u00edz hosszan megtartja a v\u00edz h\u0151m\u00e9rs\u00e9klet\u00e9t. K\u00f6nnyen tiszt\u00edthat\u00f3, nem s\u00e1rgul, \u00e9s ellen\u00e1ll a mindennapi haszn\u00e1latnak.<\/span><\/p>\n<h3><strong>M\u00e9retv\u00e1laszt\u00e9k<\/strong><\/h3>\n<p><span style=\"font-weight: 400;\">Az Iris W k\u00fcl\u00f6nleges k\u00e1d h\u00e1rom m\u00e9retben \u00e9rhet\u0151 el, \u00edgy k\u00fcl\u00f6nb\u00f6z\u0151 adotts\u00e1g\u00fa f\u00fcrd\u0151szob\u00e1khoz is j\u00f3l illeszthet\u0151: <\/span><b>150 \u00d7 72 cm<\/b><span style=\"font-weight: 400;\">, <\/span><b>160 \u00d7 73 cm<\/b><span style=\"font-weight: 400;\"> \u00e9s <\/span><b>170 \u00d7 75 cm<\/b><span style=\"font-weight: 400;\">.<\/span><\/p>\n<h3><strong>Alapfelszerelts\u00e9g \u00e9s garancia<\/strong><\/h3>\n<p><span style=\"font-weight: 400;\">Az Iris W alapfelszerelts\u00e9g\u00e9hez tartozik a <\/span><b>be\u00e9p\u00edtett r\u00e9ses t\u00falfoly\u00f3<\/b><span style=\"font-weight: 400;\">, a <\/span><b>feh\u00e9r Click-Clack lefoly\u00f3<\/b><span style=\"font-weight: 400;\">, valamint a <\/span><b>stabil v\u00e1z \u00e9s a k\u00e1dl\u00e1bak<\/b><span style=\"font-weight: 400;\">, amelyek biztons\u00e1gos elhelyez\u00e9st biztos\u00edtanak.<\/span><span style=\"font-weight: 400;\"><br \/>\n<\/span><span style=\"font-weight: 400;\"> A k\u00e1d <\/span><b>antibakteri\u00e1lis fel\u00fclet\u0171<\/b><span style=\"font-weight: 400;\">, \u00e9s a term\u00e9kre <\/span><b>15 \u00e9v garanci\u00e1t biztos\u00edtunk.<\/b><\/p>\n","protected":false},"featured_media":7553,"template":"","meta":[],"product_brand":[],"product_cat":[193,194,65,196,171,175,174,218],"product_tag":[52,53,198,54],"class_list":{"0":"post-7598","1":"product","2":"type-product","3":"status-publish","4":"has-post-thumbnail","6":"product_cat-15-ev-garancia","7":"product_cat-2-szemelyes-kad","8":"product_cat-akril-kadak","9":"product_cat-antibakterialis-felulet","10":"product_cat-falhoz-rakhato-kadak","11":"product_cat-feher-kadak","12":"product_cat-matt-fekete-kadak","13":"product_cat-pakolhato-feluletu-kadak","14":"product_tag-15-ev-garancia","15":"product_tag-2-szemelyes-kad","16":"product_tag-akril","17":"product_tag-antibaterialis-felulet","19":"first","20":"instock","21":"sold-individually","22":"shipping-taxable","23":"purchasable","24":"product-type-variable","25":"has-default-attributes"},"yoast_head":"<!-- This site is optimized with the Yoast SEO plugin v27.2 - https:\/\/yoast.com\/product\/yoast-seo-wordpress\/ -->\n<title>Iris W k\u00fcl\u00f6nleges akril k\u00e1d - Prestige<\/title>\n<meta name=\"description\" content=\"Az Optima pr\u00e9mium akril k\u00e1d ergonomikus kialak\u00edt\u00e1s\u00e1val \u00e9s modern diz\u00e1jnj\u00e1val t\u00f6k\u00e9letes k\u00e9nyelmet \u00e9s luxus \u00e9lm\u00e9nyt biztos\u00edt. Fedezze fel most!\" \/>\n<meta name=\"robots\" content=\"index, follow, max-snippet:-1, max-image-preview:large, max-video-preview:-1\" \/>\n<link rel=\"canonical\" href=\"https:\/\/m-acryl.hu\/prestige\/termek\/iris-w-kulonleges-akril-kad\/\" \/>\n<meta property=\"og:locale\" content=\"hu_HU\" \/>\n<meta property=\"og:type\" content=\"article\" \/>\n<meta property=\"og:title\" content=\"Iris W k\u00fcl\u00f6nleges akril k\u00e1d - Prestige\" \/>\n<meta property=\"og:description\" content=\"Az Optima pr\u00e9mium akril k\u00e1d ergonomikus kialak\u00edt\u00e1s\u00e1val \u00e9s modern diz\u00e1jnj\u00e1val t\u00f6k\u00e9letes k\u00e9nyelmet \u00e9s luxus \u00e9lm\u00e9nyt biztos\u00edt. Fedezze fel most!\" \/>\n<meta property=\"og:url\" content=\"https:\/\/m-acryl.hu\/prestige\/termek\/iris-w-kulonleges-akril-kad\/\" \/>\n<meta property=\"og:site_name\" content=\"Prestige\" \/>\n<meta property=\"article:modified_time\" content=\"2026-03-13T09:58:22+00:00\" \/>\n<meta property=\"og:image\" content=\"https:\/\/m-acryl.hu\/prestige\/wp-content\/uploads\/2026\/02\/m-acryl-iris-w-acryl-szabadon-allo-kad-feher-01.webp\" \/>\n\t<meta property=\"og:image:width\" content=\"1920\" \/>\n\t<meta property=\"og:image:height\" content=\"1200\" \/>\n\t<meta property=\"og:image:type\" content=\"image\/webp\" \/>\n<meta name=\"twitter:card\" content=\"summary_large_image\" \/>\n<meta name=\"twitter:label1\" content=\"Becs\u00fclt olvas\u00e1si id\u0151\" \/>\n\t<meta name=\"twitter:data1\" content=\"1 perc\" \/>\n<script type=\"application\/ld+json\" class=\"yoast-schema-graph\">{\"@context\":\"https:\/\/schema.org\",\"@graph\":[{\"@type\":\"WebPage\",\"@id\":\"https:\/\/m-acryl.hu\/prestige\/termek\/iris-w-kulonleges-akril-kad\/\",\"url\":\"https:\/\/m-acryl.hu\/prestige\/termek\/iris-w-kulonleges-akril-kad\/\",\"name\":\"Iris W k\u00fcl\u00f6nleges akril k\u00e1d - Prestige\",\"isPartOf\":{\"@id\":\"https:\/\/m-acryl.hu\/prestige\/#website\"},\"primaryImageOfPage\":{\"@id\":\"https:\/\/m-acryl.hu\/prestige\/termek\/iris-w-kulonleges-akril-kad\/#primaryimage\"},\"image\":{\"@id\":\"https:\/\/m-acryl.hu\/prestige\/termek\/iris-w-kulonleges-akril-kad\/#primaryimage\"},\"thumbnailUrl\":\"https:\/\/m-acryl.hu\/prestige\/wp-content\/uploads\/2026\/02\/m-acryl-iris-w-acryl-szabadon-allo-kad-feher-01.webp\",\"datePublished\":\"2026-02-10T11:26:56+00:00\",\"dateModified\":\"2026-03-13T09:58:22+00:00\",\"description\":\"Az Optima pr\u00e9mium akril k\u00e1d ergonomikus kialak\u00edt\u00e1s\u00e1val \u00e9s modern diz\u00e1jnj\u00e1val t\u00f6k\u00e9letes k\u00e9nyelmet \u00e9s luxus \u00e9lm\u00e9nyt biztos\u00edt. Fedezze fel most!\",\"breadcrumb\":{\"@id\":\"https:\/\/m-acryl.hu\/prestige\/termek\/iris-w-kulonleges-akril-kad\/#breadcrumb\"},\"inLanguage\":\"hu\",\"potentialAction\":[{\"@type\":\"ReadAction\",\"target\":[\"https:\/\/m-acryl.hu\/prestige\/termek\/iris-w-kulonleges-akril-kad\/\"]}]},{\"@type\":\"ImageObject\",\"inLanguage\":\"hu\",\"@id\":\"https:\/\/m-acryl.hu\/prestige\/termek\/iris-w-kulonleges-akril-kad\/#primaryimage\",\"url\":\"https:\/\/m-acryl.hu\/prestige\/wp-content\/uploads\/2026\/02\/m-acryl-iris-w-acryl-szabadon-allo-kad-feher-01.webp\",\"contentUrl\":\"https:\/\/m-acryl.hu\/prestige\/wp-content\/uploads\/2026\/02\/m-acryl-iris-w-acryl-szabadon-allo-kad-feher-01.webp\",\"width\":1920,\"height\":1200},{\"@type\":\"BreadcrumbList\",\"@id\":\"https:\/\/m-acryl.hu\/prestige\/termek\/iris-w-kulonleges-akril-kad\/#breadcrumb\",\"itemListElement\":[{\"@type\":\"ListItem\",\"position\":1,\"name\":\"Kezd\u0151lap\",\"item\":\"https:\/\/m-acryl.hu\/prestige\/\"},{\"@type\":\"ListItem\",\"position\":2,\"name\":\"K\u00e1dak\",\"item\":\"https:\/\/m-acryl.hu\/prestige\/kadak\/\"},{\"@type\":\"ListItem\",\"position\":3,\"name\":\"Iris W k\u00fcl\u00f6nleges akril k\u00e1d\"}]},{\"@type\":\"WebSite\",\"@id\":\"https:\/\/m-acryl.hu\/prestige\/#website\",\"url\":\"https:\/\/m-acryl.hu\/prestige\/\",\"name\":\"Prestige\",\"description\":\"Kiemelt k\u00e9nyelem minden nap\",\"potentialAction\":[{\"@type\":\"SearchAction\",\"target\":{\"@type\":\"EntryPoint\",\"urlTemplate\":\"https:\/\/m-acryl.hu\/prestige\/?s={search_term_string}\"},\"query-input\":{\"@type\":\"PropertyValueSpecification\",\"valueRequired\":true,\"valueName\":\"search_term_string\"}}],\"inLanguage\":\"hu\"}]}<\/script>\n<!-- \/ Yoast SEO plugin. -->","yoast_head_json":{"title":"Iris W k\u00fcl\u00f6nleges akril k\u00e1d - Prestige","description":"Az Optima pr\u00e9mium akril k\u00e1d ergonomikus kialak\u00edt\u00e1s\u00e1val \u00e9s modern diz\u00e1jnj\u00e1val t\u00f6k\u00e9letes k\u00e9nyelmet \u00e9s luxus \u00e9lm\u00e9nyt biztos\u00edt. Fedezze fel most!","robots":{"index":"index","follow":"follow","max-snippet":"max-snippet:-1","max-image-preview":"max-image-preview:large","max-video-preview":"max-video-preview:-1"},"canonical":"https:\/\/m-acryl.hu\/prestige\/termek\/iris-w-kulonleges-akril-kad\/","og_locale":"hu_HU","og_type":"article","og_title":"Iris W k\u00fcl\u00f6nleges akril k\u00e1d - Prestige","og_description":"Az Optima pr\u00e9mium akril k\u00e1d ergonomikus kialak\u00edt\u00e1s\u00e1val \u00e9s modern diz\u00e1jnj\u00e1val t\u00f6k\u00e9letes k\u00e9nyelmet \u00e9s luxus \u00e9lm\u00e9nyt biztos\u00edt. Fedezze fel most!","og_url":"https:\/\/m-acryl.hu\/prestige\/termek\/iris-w-kulonleges-akril-kad\/","og_site_name":"Prestige","article_modified_time":"2026-03-13T09:58:22+00:00","og_image":[{"width":1920,"height":1200,"url":"https:\/\/m-acryl.hu\/prestige\/wp-content\/uploads\/2026\/02\/m-acryl-iris-w-acryl-szabadon-allo-kad-feher-01.webp","type":"image\/webp"}],"twitter_card":"summary_large_image","twitter_misc":{"Becs\u00fclt olvas\u00e1si id\u0151":"1 perc"},"schema":{"@context":"https:\/\/schema.org","@graph":[{"@type":"WebPage","@id":"https:\/\/m-acryl.hu\/prestige\/termek\/iris-w-kulonleges-akril-kad\/","url":"https:\/\/m-acryl.hu\/prestige\/termek\/iris-w-kulonleges-akril-kad\/","name":"Iris W k\u00fcl\u00f6nleges akril k\u00e1d - Prestige","isPartOf":{"@id":"https:\/\/m-acryl.hu\/prestige\/#website"},"primaryImageOfPage":{"@id":"https:\/\/m-acryl.hu\/prestige\/termek\/iris-w-kulonleges-akril-kad\/#primaryimage"},"image":{"@id":"https:\/\/m-acryl.hu\/prestige\/termek\/iris-w-kulonleges-akril-kad\/#primaryimage"},"thumbnailUrl":"https:\/\/m-acryl.hu\/prestige\/wp-content\/uploads\/2026\/02\/m-acryl-iris-w-acryl-szabadon-allo-kad-feher-01.webp","datePublished":"2026-02-10T11:26:56+00:00","dateModified":"2026-03-13T09:58:22+00:00","description":"Az Optima pr\u00e9mium akril k\u00e1d ergonomikus kialak\u00edt\u00e1s\u00e1val \u00e9s modern diz\u00e1jnj\u00e1val t\u00f6k\u00e9letes k\u00e9nyelmet \u00e9s luxus \u00e9lm\u00e9nyt biztos\u00edt. Fedezze fel most!","breadcrumb":{"@id":"https:\/\/m-acryl.hu\/prestige\/termek\/iris-w-kulonleges-akril-kad\/#breadcrumb"},"inLanguage":"hu","potentialAction":[{"@type":"ReadAction","target":["https:\/\/m-acryl.hu\/prestige\/termek\/iris-w-kulonleges-akril-kad\/"]}]},{"@type":"ImageObject","inLanguage":"hu","@id":"https:\/\/m-acryl.hu\/prestige\/termek\/iris-w-kulonleges-akril-kad\/#primaryimage","url":"https:\/\/m-acryl.hu\/prestige\/wp-content\/uploads\/2026\/02\/m-acryl-iris-w-acryl-szabadon-allo-kad-feher-01.webp","contentUrl":"https:\/\/m-acryl.hu\/prestige\/wp-content\/uploads\/2026\/02\/m-acryl-iris-w-acryl-szabadon-allo-kad-feher-01.webp","width":1920,"height":1200},{"@type":"BreadcrumbList","@id":"https:\/\/m-acryl.hu\/prestige\/termek\/iris-w-kulonleges-akril-kad\/#breadcrumb","itemListElement":[{"@type":"ListItem","position":1,"name":"Kezd\u0151lap","item":"https:\/\/m-acryl.hu\/prestige\/"},{"@type":"ListItem","position":2,"name":"K\u00e1dak","item":"https:\/\/m-acryl.hu\/prestige\/kadak\/"},{"@type":"ListItem","position":3,"name":"Iris W k\u00fcl\u00f6nleges akril k\u00e1d"}]},{"@type":"WebSite","@id":"https:\/\/m-acryl.hu\/prestige\/#website","url":"https:\/\/m-acryl.hu\/prestige\/","name":"Prestige","description":"Kiemelt k\u00e9nyelem minden nap","potentialAction":[{"@type":"SearchAction","target":{"@type":"EntryPoint","urlTemplate":"https:\/\/m-acryl.hu\/prestige\/?s={search_term_string}"},"query-input":{"@type":"PropertyValueSpecification","valueRequired":true,"valueName":"search_term_string"}}],"inLanguage":"hu"}]}},"_links":{"self":[{"href":"https:\/\/m-acryl.hu\/prestige\/wp-json\/wp\/v2\/product\/7598","targetHints":{"allow":["GET"]}}],"collection":[{"href":"https:\/\/m-acryl.hu\/prestige\/wp-json\/wp\/v2\/product"}],"about":[{"href":"https:\/\/m-acryl.hu\/prestige\/wp-json\/wp\/v2\/types\/product"}],"wp:featuredmedia":[{"embeddable":true,"href":"https:\/\/m-acryl.hu\/prestige\/wp-json\/wp\/v2\/media\/7553"}],"wp:attachment":[{"href":"https:\/\/m-acryl.hu\/prestige\/wp-json\/wp\/v2\/media?parent=7598"}],"wp:term":[{"taxonomy":"product_brand","embeddable":true,"href":"https:\/\/m-acryl.hu\/prestige\/wp-json\/wp\/v2\/product_brand?post=7598"},{"taxonomy":"product_cat","embeddable":true,"href":"https:\/\/m-acryl.hu\/prestige\/wp-json\/wp\/v2\/product_cat?post=7598"},{"taxonomy":"product_tag","embeddable":true,"href":"https:\/\/m-acryl.hu\/prestige\/wp-json\/wp\/v2\/product_tag?post=7598"}],"curies":[{"name":"wp","href":"https:\/\/api.w.org\/{rel}","templated":true}]}}