{"id":7586,"date":"2026-02-10T10:49:49","date_gmt":"2026-02-10T10:49:49","guid":{"rendered":"https:\/\/m-acryl.hu\/prestige\/?post_type=product&#038;p=7586"},"modified":"2026-03-18T11:45:24","modified_gmt":"2026-03-18T11:45:24","slug":"city-csaptelep","status":"publish","type":"product","link":"https:\/\/m-acryl.hu\/prestige\/termek\/city-csaptelep\/","title":{"rendered":"City csaptelep"},"content":{"rendered":"","protected":false},"excerpt":{"rendered":"<p>Modern megjelen\u00e9s<\/p>\n<ul>\n<li>Hossz\u00fa \u00e9lettartam<\/li>\n<li>3 u\u0308l\u00e9ses, kr\u00f3m kivitel<\/li>\n<li>Kih\u00fazhat\u00f3 zuhanyfej<\/li>\n<li>K\u00e1dperemre szerelhet\u0151<\/li>\n<\/ul>\n","protected":false},"featured_media":7573,"template":"","meta":[],"product_brand":[],"product_cat":[229,109],"product_tag":[216,203],"class_list":{"0":"post-7586","1":"product","2":"type-product","3":"status-publish","4":"has-post-thumbnail","6":"product_cat-kadra-szerelheto-csaptelep","7":"product_cat-kiegeszitok","8":"product_tag-5-ev-garancia","9":"product_tag-kiegeszitok","11":"first","12":"instock","13":"sold-individually","14":"shipping-taxable","15":"purchasable","16":"product-type-variable","17":"has-default-attributes"},"yoast_head":"<!-- This site is optimized with the Yoast SEO plugin v27.2 - https:\/\/yoast.com\/product\/yoast-seo-wordpress\/ -->\n<title>City csaptelep - Prestige<\/title>\n<meta name=\"description\" content=\"City csaptelep kr\u00f3m kivitelben, kih\u00fazhat\u00f3 zuhanyfejjel. K\u00e9nyelmes haszn\u00e1lat \u00e9s id\u0151t\u00e1ll\u00f3 kialak\u00edt\u00e1s a f\u00fcrd\u0151szob\u00e1ba.\" \/>\n<meta name=\"robots\" content=\"index, follow, max-snippet:-1, max-image-preview:large, max-video-preview:-1\" \/>\n<link rel=\"canonical\" href=\"https:\/\/m-acryl.hu\/prestige\/termek\/city-csaptelep\/\" \/>\n<meta property=\"og:locale\" content=\"hu_HU\" \/>\n<meta property=\"og:type\" content=\"article\" \/>\n<meta property=\"og:title\" content=\"City csaptelep - Prestige\" \/>\n<meta property=\"og:description\" content=\"City csaptelep kr\u00f3m kivitelben, kih\u00fazhat\u00f3 zuhanyfejjel. K\u00e9nyelmes haszn\u00e1lat \u00e9s id\u0151t\u00e1ll\u00f3 kialak\u00edt\u00e1s a f\u00fcrd\u0151szob\u00e1ba.\" \/>\n<meta property=\"og:url\" content=\"https:\/\/m-acryl.hu\/prestige\/termek\/city-csaptelep\/\" \/>\n<meta property=\"og:site_name\" content=\"Prestige\" \/>\n<meta property=\"article:modified_time\" content=\"2026-03-18T11:45:24+00:00\" \/>\n<meta property=\"og:image\" content=\"https:\/\/m-acryl.hu\/prestige\/wp-content\/uploads\/2026\/02\/m-acryl-prestige-city-csaptelep-enterior-02.webp\" \/>\n\t<meta property=\"og:image:width\" content=\"1920\" \/>\n\t<meta property=\"og:image:height\" content=\"1200\" \/>\n\t<meta property=\"og:image:type\" content=\"image\/webp\" \/>\n<meta name=\"twitter:card\" content=\"summary_large_image\" \/>\n<meta name=\"twitter:label1\" content=\"Becs\u00fclt olvas\u00e1si id\u0151\" \/>\n\t<meta name=\"twitter:data1\" content=\"1 perc\" \/>\n<script type=\"application\/ld+json\" class=\"yoast-schema-graph\">{\"@context\":\"https:\/\/schema.org\",\"@graph\":[{\"@type\":\"WebPage\",\"@id\":\"https:\/\/m-acryl.hu\/prestige\/termek\/city-csaptelep\/\",\"url\":\"https:\/\/m-acryl.hu\/prestige\/termek\/city-csaptelep\/\",\"name\":\"City csaptelep - Prestige\",\"isPartOf\":{\"@id\":\"https:\/\/m-acryl.hu\/prestige\/#website\"},\"primaryImageOfPage\":{\"@id\":\"https:\/\/m-acryl.hu\/prestige\/termek\/city-csaptelep\/#primaryimage\"},\"image\":{\"@id\":\"https:\/\/m-acryl.hu\/prestige\/termek\/city-csaptelep\/#primaryimage\"},\"thumbnailUrl\":\"https:\/\/m-acryl.hu\/prestige\/wp-content\/uploads\/2026\/02\/m-acryl-prestige-city-csaptelep-enterior-02.webp\",\"datePublished\":\"2026-02-10T10:49:49+00:00\",\"dateModified\":\"2026-03-18T11:45:24+00:00\",\"description\":\"City csaptelep kr\u00f3m kivitelben, kih\u00fazhat\u00f3 zuhanyfejjel. K\u00e9nyelmes haszn\u00e1lat \u00e9s id\u0151t\u00e1ll\u00f3 kialak\u00edt\u00e1s a f\u00fcrd\u0151szob\u00e1ba.\",\"breadcrumb\":{\"@id\":\"https:\/\/m-acryl.hu\/prestige\/termek\/city-csaptelep\/#breadcrumb\"},\"inLanguage\":\"hu\",\"potentialAction\":[{\"@type\":\"ReadAction\",\"target\":[\"https:\/\/m-acryl.hu\/prestige\/termek\/city-csaptelep\/\"]}]},{\"@type\":\"ImageObject\",\"inLanguage\":\"hu\",\"@id\":\"https:\/\/m-acryl.hu\/prestige\/termek\/city-csaptelep\/#primaryimage\",\"url\":\"https:\/\/m-acryl.hu\/prestige\/wp-content\/uploads\/2026\/02\/m-acryl-prestige-city-csaptelep-enterior-02.webp\",\"contentUrl\":\"https:\/\/m-acryl.hu\/prestige\/wp-content\/uploads\/2026\/02\/m-acryl-prestige-city-csaptelep-enterior-02.webp\",\"width\":1920,\"height\":1200},{\"@type\":\"BreadcrumbList\",\"@id\":\"https:\/\/m-acryl.hu\/prestige\/termek\/city-csaptelep\/#breadcrumb\",\"itemListElement\":[{\"@type\":\"ListItem\",\"position\":1,\"name\":\"Kezd\u0151lap\",\"item\":\"https:\/\/m-acryl.hu\/prestige\/\"},{\"@type\":\"ListItem\",\"position\":2,\"name\":\"K\u00e1dak\",\"item\":\"https:\/\/m-acryl.hu\/prestige\/kadak\/\"},{\"@type\":\"ListItem\",\"position\":3,\"name\":\"City csaptelep\"}]},{\"@type\":\"WebSite\",\"@id\":\"https:\/\/m-acryl.hu\/prestige\/#website\",\"url\":\"https:\/\/m-acryl.hu\/prestige\/\",\"name\":\"Prestige\",\"description\":\"Kiemelt k\u00e9nyelem minden nap\",\"potentialAction\":[{\"@type\":\"SearchAction\",\"target\":{\"@type\":\"EntryPoint\",\"urlTemplate\":\"https:\/\/m-acryl.hu\/prestige\/?s={search_term_string}\"},\"query-input\":{\"@type\":\"PropertyValueSpecification\",\"valueRequired\":true,\"valueName\":\"search_term_string\"}}],\"inLanguage\":\"hu\"}]}<\/script>\n<!-- \/ Yoast SEO plugin. -->","yoast_head_json":{"title":"City csaptelep - Prestige","description":"City csaptelep kr\u00f3m kivitelben, kih\u00fazhat\u00f3 zuhanyfejjel. K\u00e9nyelmes haszn\u00e1lat \u00e9s id\u0151t\u00e1ll\u00f3 kialak\u00edt\u00e1s a f\u00fcrd\u0151szob\u00e1ba.","robots":{"index":"index","follow":"follow","max-snippet":"max-snippet:-1","max-image-preview":"max-image-preview:large","max-video-preview":"max-video-preview:-1"},"canonical":"https:\/\/m-acryl.hu\/prestige\/termek\/city-csaptelep\/","og_locale":"hu_HU","og_type":"article","og_title":"City csaptelep - Prestige","og_description":"City csaptelep kr\u00f3m kivitelben, kih\u00fazhat\u00f3 zuhanyfejjel. K\u00e9nyelmes haszn\u00e1lat \u00e9s id\u0151t\u00e1ll\u00f3 kialak\u00edt\u00e1s a f\u00fcrd\u0151szob\u00e1ba.","og_url":"https:\/\/m-acryl.hu\/prestige\/termek\/city-csaptelep\/","og_site_name":"Prestige","article_modified_time":"2026-03-18T11:45:24+00:00","og_image":[{"width":1920,"height":1200,"url":"https:\/\/m-acryl.hu\/prestige\/wp-content\/uploads\/2026\/02\/m-acryl-prestige-city-csaptelep-enterior-02.webp","type":"image\/webp"}],"twitter_card":"summary_large_image","twitter_misc":{"Becs\u00fclt olvas\u00e1si id\u0151":"1 perc"},"schema":{"@context":"https:\/\/schema.org","@graph":[{"@type":"WebPage","@id":"https:\/\/m-acryl.hu\/prestige\/termek\/city-csaptelep\/","url":"https:\/\/m-acryl.hu\/prestige\/termek\/city-csaptelep\/","name":"City csaptelep - Prestige","isPartOf":{"@id":"https:\/\/m-acryl.hu\/prestige\/#website"},"primaryImageOfPage":{"@id":"https:\/\/m-acryl.hu\/prestige\/termek\/city-csaptelep\/#primaryimage"},"image":{"@id":"https:\/\/m-acryl.hu\/prestige\/termek\/city-csaptelep\/#primaryimage"},"thumbnailUrl":"https:\/\/m-acryl.hu\/prestige\/wp-content\/uploads\/2026\/02\/m-acryl-prestige-city-csaptelep-enterior-02.webp","datePublished":"2026-02-10T10:49:49+00:00","dateModified":"2026-03-18T11:45:24+00:00","description":"City csaptelep kr\u00f3m kivitelben, kih\u00fazhat\u00f3 zuhanyfejjel. K\u00e9nyelmes haszn\u00e1lat \u00e9s id\u0151t\u00e1ll\u00f3 kialak\u00edt\u00e1s a f\u00fcrd\u0151szob\u00e1ba.","breadcrumb":{"@id":"https:\/\/m-acryl.hu\/prestige\/termek\/city-csaptelep\/#breadcrumb"},"inLanguage":"hu","potentialAction":[{"@type":"ReadAction","target":["https:\/\/m-acryl.hu\/prestige\/termek\/city-csaptelep\/"]}]},{"@type":"ImageObject","inLanguage":"hu","@id":"https:\/\/m-acryl.hu\/prestige\/termek\/city-csaptelep\/#primaryimage","url":"https:\/\/m-acryl.hu\/prestige\/wp-content\/uploads\/2026\/02\/m-acryl-prestige-city-csaptelep-enterior-02.webp","contentUrl":"https:\/\/m-acryl.hu\/prestige\/wp-content\/uploads\/2026\/02\/m-acryl-prestige-city-csaptelep-enterior-02.webp","width":1920,"height":1200},{"@type":"BreadcrumbList","@id":"https:\/\/m-acryl.hu\/prestige\/termek\/city-csaptelep\/#breadcrumb","itemListElement":[{"@type":"ListItem","position":1,"name":"Kezd\u0151lap","item":"https:\/\/m-acryl.hu\/prestige\/"},{"@type":"ListItem","position":2,"name":"K\u00e1dak","item":"https:\/\/m-acryl.hu\/prestige\/kadak\/"},{"@type":"ListItem","position":3,"name":"City csaptelep"}]},{"@type":"WebSite","@id":"https:\/\/m-acryl.hu\/prestige\/#website","url":"https:\/\/m-acryl.hu\/prestige\/","name":"Prestige","description":"Kiemelt k\u00e9nyelem minden nap","potentialAction":[{"@type":"SearchAction","target":{"@type":"EntryPoint","urlTemplate":"https:\/\/m-acryl.hu\/prestige\/?s={search_term_string}"},"query-input":{"@type":"PropertyValueSpecification","valueRequired":true,"valueName":"search_term_string"}}],"inLanguage":"hu"}]}},"_links":{"self":[{"href":"https:\/\/m-acryl.hu\/prestige\/wp-json\/wp\/v2\/product\/7586","targetHints":{"allow":["GET"]}}],"collection":[{"href":"https:\/\/m-acryl.hu\/prestige\/wp-json\/wp\/v2\/product"}],"about":[{"href":"https:\/\/m-acryl.hu\/prestige\/wp-json\/wp\/v2\/types\/product"}],"wp:featuredmedia":[{"embeddable":true,"href":"https:\/\/m-acryl.hu\/prestige\/wp-json\/wp\/v2\/media\/7573"}],"wp:attachment":[{"href":"https:\/\/m-acryl.hu\/prestige\/wp-json\/wp\/v2\/media?parent=7586"}],"wp:term":[{"taxonomy":"product_brand","embeddable":true,"href":"https:\/\/m-acryl.hu\/prestige\/wp-json\/wp\/v2\/product_brand?post=7586"},{"taxonomy":"product_cat","embeddable":true,"href":"https:\/\/m-acryl.hu\/prestige\/wp-json\/wp\/v2\/product_cat?post=7586"},{"taxonomy":"product_tag","embeddable":true,"href":"https:\/\/m-acryl.hu\/prestige\/wp-json\/wp\/v2\/product_tag?post=7586"}],"curies":[{"name":"wp","href":"https:\/\/api.w.org\/{rel}","templated":true}]}}