{"id":6659,"date":"2024-11-22T13:50:27","date_gmt":"2024-11-22T13:50:27","guid":{"rendered":"https:\/\/m-acryl.hu\/prestige\/?post_type=product&#038;p=6659"},"modified":"2026-04-08T09:11:15","modified_gmt":"2026-04-08T09:11:15","slug":"m-acryl-bambusz-allithato-kadtalca","status":"publish","type":"product","link":"https:\/\/m-acryl.hu\/prestige\/termek\/m-acryl-bambusz-allithato-kadtalca\/","title":{"rendered":"M-Acryl bambusz \u00e1ll\u00edthat\u00f3 k\u00e1dt\u00e1lca"},"content":{"rendered":"<p class=\"p1\">Az M-Acryl \u00e1ll\u00edthat\u00f3 bambusz k\u00e1dt\u00e1lca k\u00e9t eleg\u00e1ns sz\u00ednben \u00e9rhet\u0151 el (nat\u00far \u00e9s fekete), hogy illeszkedjen a fu\u0308rd\u0151szob\u00e1ja hangulat\u00e1hoz. T\u00f6k\u00e9letes helyet k\u00edn\u00e1l egy poh\u00e1r bor, egy j\u00f3 k\u00f6nyv, vagy ak\u00e1r kedvenc fu\u0308rd\u0151szobai kieg\u00e9sz\u00edt\u0151i sz\u00e1m\u00e1ra. \u00c1ll\u00edthat\u00f3 kialak\u00edt\u00e1s\u00e1nak k\u00f6sz\u00f6nhet\u0151en b\u00e1rmely Prestige pr\u00e9mium k\u00e1dhoz igaz\u00edthat\u00f3.<\/p>\n","protected":false},"excerpt":{"rendered":"<p>Az M-Acryl \u00e1ll\u00edthat\u00f3 bambusz k\u00e1dt\u00e1lca k\u00e9t eleg\u00e1ns sz\u00ednben \u00e9rhet\u0151 el  [&#8230;]<\/p>\n","protected":false},"featured_media":7669,"template":"","meta":[],"product_brand":[],"product_cat":[109],"product_tag":[203],"class_list":{"0":"post-6659","1":"product","2":"type-product","3":"status-publish","4":"has-post-thumbnail","6":"product_cat-kiegeszitok","7":"product_tag-kiegeszitok","9":"first","10":"instock","11":"sold-individually","12":"shipping-taxable","13":"purchasable","14":"product-type-variable","15":"has-default-attributes"},"yoast_head":"<!-- This site is optimized with the Yoast SEO plugin v27.2 - https:\/\/yoast.com\/product\/yoast-seo-wordpress\/ -->\n<title>M-Acryl bambusz \u00e1ll\u00edthat\u00f3 k\u00e1dt\u00e1lca - Prestige<\/title>\n<meta name=\"description\" content=\"Bambusz k\u00e1dt\u00e1lca \u00e1ll\u00edthat\u00f3 m\u00e9rettel, nat\u00far vagy fekete sz\u00ednben. Praktikus \u00e9s eleg\u00e1ns megold\u00e1s a pihente\u0151 f\u00fcrd\u00e9s\u00e9lm\u00e9nyhez.\" \/>\n<meta name=\"robots\" content=\"index, follow, max-snippet:-1, max-image-preview:large, max-video-preview:-1\" \/>\n<link rel=\"canonical\" href=\"https:\/\/m-acryl.hu\/prestige\/termek\/m-acryl-bambusz-allithato-kadtalca\/\" \/>\n<meta property=\"og:locale\" content=\"hu_HU\" \/>\n<meta property=\"og:type\" content=\"article\" \/>\n<meta property=\"og:title\" content=\"M-Acryl bambusz \u00e1ll\u00edthat\u00f3 k\u00e1dt\u00e1lca - Prestige\" \/>\n<meta property=\"og:description\" content=\"Bambusz k\u00e1dt\u00e1lca \u00e1ll\u00edthat\u00f3 m\u00e9rettel, nat\u00far vagy fekete sz\u00ednben. Praktikus \u00e9s eleg\u00e1ns megold\u00e1s a pihente\u0151 f\u00fcrd\u00e9s\u00e9lm\u00e9nyhez.\" \/>\n<meta property=\"og:url\" content=\"https:\/\/m-acryl.hu\/prestige\/termek\/m-acryl-bambusz-allithato-kadtalca\/\" \/>\n<meta property=\"og:site_name\" content=\"Prestige\" \/>\n<meta property=\"article:modified_time\" content=\"2026-04-08T09:11:15+00:00\" \/>\n<meta property=\"og:image\" content=\"https:\/\/m-acryl.hu\/prestige\/wp-content\/uploads\/2024\/11\/m-acryl-prestige-bambusz-allithato-kadtalca-natur-enterior-1.webp\" \/>\n\t<meta property=\"og:image:width\" content=\"1920\" \/>\n\t<meta property=\"og:image:height\" content=\"1920\" \/>\n\t<meta property=\"og:image:type\" content=\"image\/webp\" \/>\n<meta name=\"twitter:card\" content=\"summary_large_image\" \/>\n<meta name=\"twitter:label1\" content=\"Becs\u00fclt olvas\u00e1si id\u0151\" \/>\n\t<meta name=\"twitter:data1\" content=\"1 perc\" \/>\n<script type=\"application\/ld+json\" class=\"yoast-schema-graph\">{\"@context\":\"https:\/\/schema.org\",\"@graph\":[{\"@type\":\"WebPage\",\"@id\":\"https:\/\/m-acryl.hu\/prestige\/termek\/m-acryl-bambusz-allithato-kadtalca\/\",\"url\":\"https:\/\/m-acryl.hu\/prestige\/termek\/m-acryl-bambusz-allithato-kadtalca\/\",\"name\":\"M-Acryl bambusz \u00e1ll\u00edthat\u00f3 k\u00e1dt\u00e1lca - Prestige\",\"isPartOf\":{\"@id\":\"https:\/\/m-acryl.hu\/prestige\/#website\"},\"primaryImageOfPage\":{\"@id\":\"https:\/\/m-acryl.hu\/prestige\/termek\/m-acryl-bambusz-allithato-kadtalca\/#primaryimage\"},\"image\":{\"@id\":\"https:\/\/m-acryl.hu\/prestige\/termek\/m-acryl-bambusz-allithato-kadtalca\/#primaryimage\"},\"thumbnailUrl\":\"https:\/\/m-acryl.hu\/prestige\/wp-content\/uploads\/2024\/11\/m-acryl-prestige-bambusz-allithato-kadtalca-natur-enterior-1.webp\",\"datePublished\":\"2024-11-22T13:50:27+00:00\",\"dateModified\":\"2026-04-08T09:11:15+00:00\",\"description\":\"Bambusz k\u00e1dt\u00e1lca \u00e1ll\u00edthat\u00f3 m\u00e9rettel, nat\u00far vagy fekete sz\u00ednben. Praktikus \u00e9s eleg\u00e1ns megold\u00e1s a pihente\u0151 f\u00fcrd\u00e9s\u00e9lm\u00e9nyhez.\",\"breadcrumb\":{\"@id\":\"https:\/\/m-acryl.hu\/prestige\/termek\/m-acryl-bambusz-allithato-kadtalca\/#breadcrumb\"},\"inLanguage\":\"hu\",\"potentialAction\":[{\"@type\":\"ReadAction\",\"target\":[\"https:\/\/m-acryl.hu\/prestige\/termek\/m-acryl-bambusz-allithato-kadtalca\/\"]}]},{\"@type\":\"ImageObject\",\"inLanguage\":\"hu\",\"@id\":\"https:\/\/m-acryl.hu\/prestige\/termek\/m-acryl-bambusz-allithato-kadtalca\/#primaryimage\",\"url\":\"https:\/\/m-acryl.hu\/prestige\/wp-content\/uploads\/2024\/11\/m-acryl-prestige-bambusz-allithato-kadtalca-natur-enterior-1.webp\",\"contentUrl\":\"https:\/\/m-acryl.hu\/prestige\/wp-content\/uploads\/2024\/11\/m-acryl-prestige-bambusz-allithato-kadtalca-natur-enterior-1.webp\",\"width\":1920,\"height\":1920},{\"@type\":\"BreadcrumbList\",\"@id\":\"https:\/\/m-acryl.hu\/prestige\/termek\/m-acryl-bambusz-allithato-kadtalca\/#breadcrumb\",\"itemListElement\":[{\"@type\":\"ListItem\",\"position\":1,\"name\":\"Kezd\u0151lap\",\"item\":\"https:\/\/m-acryl.hu\/prestige\/\"},{\"@type\":\"ListItem\",\"position\":2,\"name\":\"K\u00e1dak\",\"item\":\"https:\/\/m-acryl.hu\/prestige\/kadak\/\"},{\"@type\":\"ListItem\",\"position\":3,\"name\":\"M-Acryl bambusz \u00e1ll\u00edthat\u00f3 k\u00e1dt\u00e1lca\"}]},{\"@type\":\"WebSite\",\"@id\":\"https:\/\/m-acryl.hu\/prestige\/#website\",\"url\":\"https:\/\/m-acryl.hu\/prestige\/\",\"name\":\"Prestige\",\"description\":\"Kiemelt k\u00e9nyelem minden nap\",\"potentialAction\":[{\"@type\":\"SearchAction\",\"target\":{\"@type\":\"EntryPoint\",\"urlTemplate\":\"https:\/\/m-acryl.hu\/prestige\/?s={search_term_string}\"},\"query-input\":{\"@type\":\"PropertyValueSpecification\",\"valueRequired\":true,\"valueName\":\"search_term_string\"}}],\"inLanguage\":\"hu\"}]}<\/script>\n<!-- \/ Yoast SEO plugin. -->","yoast_head_json":{"title":"M-Acryl bambusz \u00e1ll\u00edthat\u00f3 k\u00e1dt\u00e1lca - Prestige","description":"Bambusz k\u00e1dt\u00e1lca \u00e1ll\u00edthat\u00f3 m\u00e9rettel, nat\u00far vagy fekete sz\u00ednben. Praktikus \u00e9s eleg\u00e1ns megold\u00e1s a pihente\u0151 f\u00fcrd\u00e9s\u00e9lm\u00e9nyhez.","robots":{"index":"index","follow":"follow","max-snippet":"max-snippet:-1","max-image-preview":"max-image-preview:large","max-video-preview":"max-video-preview:-1"},"canonical":"https:\/\/m-acryl.hu\/prestige\/termek\/m-acryl-bambusz-allithato-kadtalca\/","og_locale":"hu_HU","og_type":"article","og_title":"M-Acryl bambusz \u00e1ll\u00edthat\u00f3 k\u00e1dt\u00e1lca - Prestige","og_description":"Bambusz k\u00e1dt\u00e1lca \u00e1ll\u00edthat\u00f3 m\u00e9rettel, nat\u00far vagy fekete sz\u00ednben. Praktikus \u00e9s eleg\u00e1ns megold\u00e1s a pihente\u0151 f\u00fcrd\u00e9s\u00e9lm\u00e9nyhez.","og_url":"https:\/\/m-acryl.hu\/prestige\/termek\/m-acryl-bambusz-allithato-kadtalca\/","og_site_name":"Prestige","article_modified_time":"2026-04-08T09:11:15+00:00","og_image":[{"width":1920,"height":1920,"url":"https:\/\/m-acryl.hu\/prestige\/wp-content\/uploads\/2024\/11\/m-acryl-prestige-bambusz-allithato-kadtalca-natur-enterior-1.webp","type":"image\/webp"}],"twitter_card":"summary_large_image","twitter_misc":{"Becs\u00fclt olvas\u00e1si id\u0151":"1 perc"},"schema":{"@context":"https:\/\/schema.org","@graph":[{"@type":"WebPage","@id":"https:\/\/m-acryl.hu\/prestige\/termek\/m-acryl-bambusz-allithato-kadtalca\/","url":"https:\/\/m-acryl.hu\/prestige\/termek\/m-acryl-bambusz-allithato-kadtalca\/","name":"M-Acryl bambusz \u00e1ll\u00edthat\u00f3 k\u00e1dt\u00e1lca - Prestige","isPartOf":{"@id":"https:\/\/m-acryl.hu\/prestige\/#website"},"primaryImageOfPage":{"@id":"https:\/\/m-acryl.hu\/prestige\/termek\/m-acryl-bambusz-allithato-kadtalca\/#primaryimage"},"image":{"@id":"https:\/\/m-acryl.hu\/prestige\/termek\/m-acryl-bambusz-allithato-kadtalca\/#primaryimage"},"thumbnailUrl":"https:\/\/m-acryl.hu\/prestige\/wp-content\/uploads\/2024\/11\/m-acryl-prestige-bambusz-allithato-kadtalca-natur-enterior-1.webp","datePublished":"2024-11-22T13:50:27+00:00","dateModified":"2026-04-08T09:11:15+00:00","description":"Bambusz k\u00e1dt\u00e1lca \u00e1ll\u00edthat\u00f3 m\u00e9rettel, nat\u00far vagy fekete sz\u00ednben. Praktikus \u00e9s eleg\u00e1ns megold\u00e1s a pihente\u0151 f\u00fcrd\u00e9s\u00e9lm\u00e9nyhez.","breadcrumb":{"@id":"https:\/\/m-acryl.hu\/prestige\/termek\/m-acryl-bambusz-allithato-kadtalca\/#breadcrumb"},"inLanguage":"hu","potentialAction":[{"@type":"ReadAction","target":["https:\/\/m-acryl.hu\/prestige\/termek\/m-acryl-bambusz-allithato-kadtalca\/"]}]},{"@type":"ImageObject","inLanguage":"hu","@id":"https:\/\/m-acryl.hu\/prestige\/termek\/m-acryl-bambusz-allithato-kadtalca\/#primaryimage","url":"https:\/\/m-acryl.hu\/prestige\/wp-content\/uploads\/2024\/11\/m-acryl-prestige-bambusz-allithato-kadtalca-natur-enterior-1.webp","contentUrl":"https:\/\/m-acryl.hu\/prestige\/wp-content\/uploads\/2024\/11\/m-acryl-prestige-bambusz-allithato-kadtalca-natur-enterior-1.webp","width":1920,"height":1920},{"@type":"BreadcrumbList","@id":"https:\/\/m-acryl.hu\/prestige\/termek\/m-acryl-bambusz-allithato-kadtalca\/#breadcrumb","itemListElement":[{"@type":"ListItem","position":1,"name":"Kezd\u0151lap","item":"https:\/\/m-acryl.hu\/prestige\/"},{"@type":"ListItem","position":2,"name":"K\u00e1dak","item":"https:\/\/m-acryl.hu\/prestige\/kadak\/"},{"@type":"ListItem","position":3,"name":"M-Acryl bambusz \u00e1ll\u00edthat\u00f3 k\u00e1dt\u00e1lca"}]},{"@type":"WebSite","@id":"https:\/\/m-acryl.hu\/prestige\/#website","url":"https:\/\/m-acryl.hu\/prestige\/","name":"Prestige","description":"Kiemelt k\u00e9nyelem minden nap","potentialAction":[{"@type":"SearchAction","target":{"@type":"EntryPoint","urlTemplate":"https:\/\/m-acryl.hu\/prestige\/?s={search_term_string}"},"query-input":{"@type":"PropertyValueSpecification","valueRequired":true,"valueName":"search_term_string"}}],"inLanguage":"hu"}]}},"_links":{"self":[{"href":"https:\/\/m-acryl.hu\/prestige\/wp-json\/wp\/v2\/product\/6659","targetHints":{"allow":["GET"]}}],"collection":[{"href":"https:\/\/m-acryl.hu\/prestige\/wp-json\/wp\/v2\/product"}],"about":[{"href":"https:\/\/m-acryl.hu\/prestige\/wp-json\/wp\/v2\/types\/product"}],"wp:featuredmedia":[{"embeddable":true,"href":"https:\/\/m-acryl.hu\/prestige\/wp-json\/wp\/v2\/media\/7669"}],"wp:attachment":[{"href":"https:\/\/m-acryl.hu\/prestige\/wp-json\/wp\/v2\/media?parent=6659"}],"wp:term":[{"taxonomy":"product_brand","embeddable":true,"href":"https:\/\/m-acryl.hu\/prestige\/wp-json\/wp\/v2\/product_brand?post=6659"},{"taxonomy":"product_cat","embeddable":true,"href":"https:\/\/m-acryl.hu\/prestige\/wp-json\/wp\/v2\/product_cat?post=6659"},{"taxonomy":"product_tag","embeddable":true,"href":"https:\/\/m-acryl.hu\/prestige\/wp-json\/wp\/v2\/product_tag?post=6659"}],"curies":[{"name":"wp","href":"https:\/\/api.w.org\/{rel}","templated":true}]}}