{"id":588,"date":"2023-12-22T13:51:18","date_gmt":"2023-12-22T13:51:18","guid":{"rendered":"https:\/\/m-acryl.hu\/prestige\/?post_type=product&#038;p=588"},"modified":"2026-04-08T09:02:50","modified_gmt":"2026-04-08T09:02:50","slug":"jasmine-szabadon-allo-mumarvany-kad","status":"publish","type":"product","link":"https:\/\/m-acryl.hu\/prestige\/termek\/jasmine-szabadon-allo-mumarvany-kad\/","title":{"rendered":"Jasmine szabadon \u00e1ll\u00f3 m\u0171m\u00e1rv\u00e1ny k\u00e1d"},"content":{"rendered":"<p>P\u00e1ros pihen\u00e9s st\u00edlusosan: Ezt k\u00edn\u00e1lja a Jasmine m\u0171m\u00e1rv\u00e1ny szabadon \u00e1ll\u00f3 k\u00e1d.<\/p>\n","protected":false},"excerpt":{"rendered":"<p>A Jasmine szabadon \u00e1ll\u00f3 m\u0171m\u00e1rv\u00e1ny k\u00e1d robosztus \u00e9s mag\u00e1val ragad\u00f3an st\u00edlusos kialak\u00edt\u00e1s\u00fa. Form\u00e1ja a 20. sz\u00e1zad elej\u00e9n n\u00e9pszer\u0171 praktikus fatekn\u0151k form\u00e1j\u00e1ra eml\u00e9keztet. \u00d6bl\u00f6s kialak\u00edt\u00e1sa \u00e9s k\u00f6z\u00e9plefoly\u00f3s kialak\u00edt\u00e1sa a k\u00f6z\u00f6s f\u00fcrd\u0151z\u00e9sekhez is k\u00e9nyelmes v\u00e1laszt\u00e1s. L\u00e1tv\u00e1nyra a m\u00e1rv\u00e1ny k\u00f6lt\u0151ket megihlet\u0151 sz\u00e9ps\u00e9g\u00e9t, \u00e9rzetre az antik szobrok \u00e9s f\u00e9ny\u0171z\u0151 vill\u00e1k luxus hangulat\u00e1t id\u00e9zi meg a f\u00fcrd\u0151szob\u00e1j\u00e1ban. A m\u0171m\u00e1rv\u00e1ny anyag nemcsak eleg\u00e1ns, hanem tart\u00f3s \u00e9s k\u00f6nnyen tiszt\u00edthat\u00f3 is. A k\u00e1d f\u00e9nyes feh\u00e9r \u00e9s matt fekete el\u0151lapokkal rendelhet\u0151, hogy t\u00f6k\u00e9letesen illeszkedjen f\u00fcrd\u0151szob\u00e1ja st\u00edlus\u00e1hoz.<\/p>\n<p><strong>A Jasmine szabadon \u00e1ll\u00f3 m\u0171m\u00e1rv\u00e1ny k\u00e1d f\u0151bb jellemz\u0151i:<\/strong><\/p>\n<ul>\n<li>Szabadon \u00e1ll\u00f3 k\u00e1d,<\/li>\n<li>150&#215;72 kialak\u00edt\u00e1s = 150&#215;70 k\u00e1d + 2 cm extra sz\u00e9less\u00e9g, a m\u00e9g k\u00e9nyelmesebb f\u00fcrd\u00e9s\u00e9lm\u00e9ny\u00e9rt,<\/li>\n<li>2 szem\u00e9lyes kialak\u00edt\u00e1s,<\/li>\n<li>Tart\u00f3s \u00e9s k\u00f6nnyen tiszt\u00e1n tarthat\u00f3 m\u0171m\u00e1rv\u00e1ny,<\/li>\n<li>Kisz\u00e1ll\u00edt\u00e1ssal k\u00e9rhet\u0151,<\/li>\n<li>F\u00e9nyes feh\u00e9r \u00e9s matt fekete sz\u00ednekben,<\/li>\n<li>15 \u00e9v garanci\u00e1val.<\/li>\n<\/ul>\n<p>Id\u00e9zze meg a m\u00e1rv\u00e1nyb\u00f3l k\u00e9sz\u00fclt m\u0171alkot\u00e1sok sz\u00e9ps\u00e9g\u00e9t a f\u00fcrd\u0151szob\u00e1j\u00e1ban a Jasmine szabadon \u00e1ll\u00f3 k\u00e1ddal!<\/p>\n","protected":false},"featured_media":3785,"template":"","meta":[],"product_brand":[],"product_cat":[193,194,196,175,197,174,56,173],"product_tag":[52,53,54,200,199],"class_list":{"0":"post-588","1":"product","2":"type-product","3":"status-publish","4":"has-post-thumbnail","6":"product_cat-15-ev-garancia","7":"product_cat-2-szemelyes-kad","8":"product_cat-antibakterialis-felulet","9":"product_cat-feher-kadak","10":"product_cat-kg","11":"product_cat-matt-fekete-kadak","12":"product_cat-mumarvany-kadak","13":"product_cat-terben-elhelyezheto-kadak","14":"product_tag-15-ev-garancia","15":"product_tag-2-szemelyes-kad","16":"product_tag-antibaterialis-felulet","17":"product_tag-kg","18":"product_tag-mumarvany","20":"first","21":"instock","22":"sold-individually","23":"shipping-taxable","24":"purchasable","25":"product-type-variable","26":"has-default-attributes"},"yoast_head":"<!-- This site is optimized with the Yoast SEO plugin v27.2 - https:\/\/yoast.com\/product\/yoast-seo-wordpress\/ -->\n<title>Jasmine szabadon \u00e1ll\u00f3 m\u0171m\u00e1rv\u00e1ny k\u00e1d - Prestige<\/title>\n<meta name=\"description\" content=\"A m\u0171m\u00e1rv\u00e1nyb\u00f3l k\u00e9sz\u00fclt Jasmine szabadon \u00e1ll\u00f3 k\u00e1d mag\u00e1val ragad\u00f3an st\u00edlusos. Ismerje meg a Prestige k\u00e1dkollekci\u00f3ba tartoz\u00f3 t\u00e9rben \u00e1ll\u00f3 k\u00e1dat!\" \/>\n<meta name=\"robots\" content=\"index, follow, max-snippet:-1, max-image-preview:large, max-video-preview:-1\" \/>\n<link rel=\"canonical\" href=\"https:\/\/m-acryl.hu\/prestige\/termek\/jasmine-szabadon-allo-mumarvany-kad\/\" \/>\n<meta property=\"og:locale\" content=\"hu_HU\" \/>\n<meta property=\"og:type\" content=\"article\" \/>\n<meta property=\"og:title\" content=\"Jasmine szabadon \u00e1ll\u00f3 m\u0171m\u00e1rv\u00e1ny k\u00e1d - Prestige\" \/>\n<meta property=\"og:description\" content=\"A m\u0171m\u00e1rv\u00e1nyb\u00f3l k\u00e9sz\u00fclt Jasmine szabadon \u00e1ll\u00f3 k\u00e1d mag\u00e1val ragad\u00f3an st\u00edlusos. Ismerje meg a Prestige k\u00e1dkollekci\u00f3ba tartoz\u00f3 t\u00e9rben \u00e1ll\u00f3 k\u00e1dat!\" \/>\n<meta property=\"og:url\" content=\"https:\/\/m-acryl.hu\/prestige\/termek\/jasmine-szabadon-allo-mumarvany-kad\/\" \/>\n<meta property=\"og:site_name\" content=\"Prestige\" \/>\n<meta property=\"article:modified_time\" content=\"2026-04-08T09:02:50+00:00\" \/>\n<meta property=\"og:image\" content=\"https:\/\/m-acryl.hu\/prestige\/wp-content\/uploads\/2024\/05\/m-acryl-prestige-jasmine-mumarvany-szabadon-allo-kad-feher-03.webp\" \/>\n\t<meta property=\"og:image:width\" content=\"1920\" \/>\n\t<meta property=\"og:image:height\" content=\"1200\" \/>\n\t<meta property=\"og:image:type\" content=\"image\/webp\" \/>\n<meta name=\"twitter:card\" content=\"summary_large_image\" \/>\n<meta name=\"twitter:label1\" content=\"Becs\u00fclt olvas\u00e1si id\u0151\" \/>\n\t<meta name=\"twitter:data1\" content=\"1 perc\" \/>\n<script type=\"application\/ld+json\" class=\"yoast-schema-graph\">{\"@context\":\"https:\/\/schema.org\",\"@graph\":[{\"@type\":\"WebPage\",\"@id\":\"https:\/\/m-acryl.hu\/prestige\/termek\/jasmine-szabadon-allo-mumarvany-kad\/\",\"url\":\"https:\/\/m-acryl.hu\/prestige\/termek\/jasmine-szabadon-allo-mumarvany-kad\/\",\"name\":\"Jasmine szabadon \u00e1ll\u00f3 m\u0171m\u00e1rv\u00e1ny k\u00e1d - Prestige\",\"isPartOf\":{\"@id\":\"https:\/\/m-acryl.hu\/prestige\/#website\"},\"primaryImageOfPage\":{\"@id\":\"https:\/\/m-acryl.hu\/prestige\/termek\/jasmine-szabadon-allo-mumarvany-kad\/#primaryimage\"},\"image\":{\"@id\":\"https:\/\/m-acryl.hu\/prestige\/termek\/jasmine-szabadon-allo-mumarvany-kad\/#primaryimage\"},\"thumbnailUrl\":\"https:\/\/m-acryl.hu\/prestige\/wp-content\/uploads\/2024\/05\/m-acryl-prestige-jasmine-mumarvany-szabadon-allo-kad-feher-03.webp\",\"datePublished\":\"2023-12-22T13:51:18+00:00\",\"dateModified\":\"2026-04-08T09:02:50+00:00\",\"description\":\"A m\u0171m\u00e1rv\u00e1nyb\u00f3l k\u00e9sz\u00fclt Jasmine szabadon \u00e1ll\u00f3 k\u00e1d mag\u00e1val ragad\u00f3an st\u00edlusos. Ismerje meg a Prestige k\u00e1dkollekci\u00f3ba tartoz\u00f3 t\u00e9rben \u00e1ll\u00f3 k\u00e1dat!\",\"breadcrumb\":{\"@id\":\"https:\/\/m-acryl.hu\/prestige\/termek\/jasmine-szabadon-allo-mumarvany-kad\/#breadcrumb\"},\"inLanguage\":\"hu\",\"potentialAction\":[{\"@type\":\"ReadAction\",\"target\":[\"https:\/\/m-acryl.hu\/prestige\/termek\/jasmine-szabadon-allo-mumarvany-kad\/\"]}]},{\"@type\":\"ImageObject\",\"inLanguage\":\"hu\",\"@id\":\"https:\/\/m-acryl.hu\/prestige\/termek\/jasmine-szabadon-allo-mumarvany-kad\/#primaryimage\",\"url\":\"https:\/\/m-acryl.hu\/prestige\/wp-content\/uploads\/2024\/05\/m-acryl-prestige-jasmine-mumarvany-szabadon-allo-kad-feher-03.webp\",\"contentUrl\":\"https:\/\/m-acryl.hu\/prestige\/wp-content\/uploads\/2024\/05\/m-acryl-prestige-jasmine-mumarvany-szabadon-allo-kad-feher-03.webp\",\"width\":1920,\"height\":1200,\"caption\":\"M-Acryl Prestige, Jasmine szabadon \u00e1ll\u00f3 k\u00e1d k\u00f6zeli k\u00e9p, m\u0171m\u00e1rv\u00e1ny k\u00e1d, modern luxus f\u00fcrd\u0151szoba\"},{\"@type\":\"BreadcrumbList\",\"@id\":\"https:\/\/m-acryl.hu\/prestige\/termek\/jasmine-szabadon-allo-mumarvany-kad\/#breadcrumb\",\"itemListElement\":[{\"@type\":\"ListItem\",\"position\":1,\"name\":\"Kezd\u0151lap\",\"item\":\"https:\/\/m-acryl.hu\/prestige\/\"},{\"@type\":\"ListItem\",\"position\":2,\"name\":\"K\u00e1dak\",\"item\":\"https:\/\/m-acryl.hu\/prestige\/kadak\/\"},{\"@type\":\"ListItem\",\"position\":3,\"name\":\"Jasmine szabadon \u00e1ll\u00f3 m\u0171m\u00e1rv\u00e1ny k\u00e1d\"}]},{\"@type\":\"WebSite\",\"@id\":\"https:\/\/m-acryl.hu\/prestige\/#website\",\"url\":\"https:\/\/m-acryl.hu\/prestige\/\",\"name\":\"Prestige\",\"description\":\"Kiemelt k\u00e9nyelem minden nap\",\"potentialAction\":[{\"@type\":\"SearchAction\",\"target\":{\"@type\":\"EntryPoint\",\"urlTemplate\":\"https:\/\/m-acryl.hu\/prestige\/?s={search_term_string}\"},\"query-input\":{\"@type\":\"PropertyValueSpecification\",\"valueRequired\":true,\"valueName\":\"search_term_string\"}}],\"inLanguage\":\"hu\"}]}<\/script>\n<!-- \/ Yoast SEO plugin. -->","yoast_head_json":{"title":"Jasmine szabadon \u00e1ll\u00f3 m\u0171m\u00e1rv\u00e1ny k\u00e1d - Prestige","description":"A m\u0171m\u00e1rv\u00e1nyb\u00f3l k\u00e9sz\u00fclt Jasmine szabadon \u00e1ll\u00f3 k\u00e1d mag\u00e1val ragad\u00f3an st\u00edlusos. Ismerje meg a Prestige k\u00e1dkollekci\u00f3ba tartoz\u00f3 t\u00e9rben \u00e1ll\u00f3 k\u00e1dat!","robots":{"index":"index","follow":"follow","max-snippet":"max-snippet:-1","max-image-preview":"max-image-preview:large","max-video-preview":"max-video-preview:-1"},"canonical":"https:\/\/m-acryl.hu\/prestige\/termek\/jasmine-szabadon-allo-mumarvany-kad\/","og_locale":"hu_HU","og_type":"article","og_title":"Jasmine szabadon \u00e1ll\u00f3 m\u0171m\u00e1rv\u00e1ny k\u00e1d - Prestige","og_description":"A m\u0171m\u00e1rv\u00e1nyb\u00f3l k\u00e9sz\u00fclt Jasmine szabadon \u00e1ll\u00f3 k\u00e1d mag\u00e1val ragad\u00f3an st\u00edlusos. Ismerje meg a Prestige k\u00e1dkollekci\u00f3ba tartoz\u00f3 t\u00e9rben \u00e1ll\u00f3 k\u00e1dat!","og_url":"https:\/\/m-acryl.hu\/prestige\/termek\/jasmine-szabadon-allo-mumarvany-kad\/","og_site_name":"Prestige","article_modified_time":"2026-04-08T09:02:50+00:00","og_image":[{"width":1920,"height":1200,"url":"https:\/\/m-acryl.hu\/prestige\/wp-content\/uploads\/2024\/05\/m-acryl-prestige-jasmine-mumarvany-szabadon-allo-kad-feher-03.webp","type":"image\/webp"}],"twitter_card":"summary_large_image","twitter_misc":{"Becs\u00fclt olvas\u00e1si id\u0151":"1 perc"},"schema":{"@context":"https:\/\/schema.org","@graph":[{"@type":"WebPage","@id":"https:\/\/m-acryl.hu\/prestige\/termek\/jasmine-szabadon-allo-mumarvany-kad\/","url":"https:\/\/m-acryl.hu\/prestige\/termek\/jasmine-szabadon-allo-mumarvany-kad\/","name":"Jasmine szabadon \u00e1ll\u00f3 m\u0171m\u00e1rv\u00e1ny k\u00e1d - Prestige","isPartOf":{"@id":"https:\/\/m-acryl.hu\/prestige\/#website"},"primaryImageOfPage":{"@id":"https:\/\/m-acryl.hu\/prestige\/termek\/jasmine-szabadon-allo-mumarvany-kad\/#primaryimage"},"image":{"@id":"https:\/\/m-acryl.hu\/prestige\/termek\/jasmine-szabadon-allo-mumarvany-kad\/#primaryimage"},"thumbnailUrl":"https:\/\/m-acryl.hu\/prestige\/wp-content\/uploads\/2024\/05\/m-acryl-prestige-jasmine-mumarvany-szabadon-allo-kad-feher-03.webp","datePublished":"2023-12-22T13:51:18+00:00","dateModified":"2026-04-08T09:02:50+00:00","description":"A m\u0171m\u00e1rv\u00e1nyb\u00f3l k\u00e9sz\u00fclt Jasmine szabadon \u00e1ll\u00f3 k\u00e1d mag\u00e1val ragad\u00f3an st\u00edlusos. Ismerje meg a Prestige k\u00e1dkollekci\u00f3ba tartoz\u00f3 t\u00e9rben \u00e1ll\u00f3 k\u00e1dat!","breadcrumb":{"@id":"https:\/\/m-acryl.hu\/prestige\/termek\/jasmine-szabadon-allo-mumarvany-kad\/#breadcrumb"},"inLanguage":"hu","potentialAction":[{"@type":"ReadAction","target":["https:\/\/m-acryl.hu\/prestige\/termek\/jasmine-szabadon-allo-mumarvany-kad\/"]}]},{"@type":"ImageObject","inLanguage":"hu","@id":"https:\/\/m-acryl.hu\/prestige\/termek\/jasmine-szabadon-allo-mumarvany-kad\/#primaryimage","url":"https:\/\/m-acryl.hu\/prestige\/wp-content\/uploads\/2024\/05\/m-acryl-prestige-jasmine-mumarvany-szabadon-allo-kad-feher-03.webp","contentUrl":"https:\/\/m-acryl.hu\/prestige\/wp-content\/uploads\/2024\/05\/m-acryl-prestige-jasmine-mumarvany-szabadon-allo-kad-feher-03.webp","width":1920,"height":1200,"caption":"M-Acryl Prestige, Jasmine szabadon \u00e1ll\u00f3 k\u00e1d k\u00f6zeli k\u00e9p, m\u0171m\u00e1rv\u00e1ny k\u00e1d, modern luxus f\u00fcrd\u0151szoba"},{"@type":"BreadcrumbList","@id":"https:\/\/m-acryl.hu\/prestige\/termek\/jasmine-szabadon-allo-mumarvany-kad\/#breadcrumb","itemListElement":[{"@type":"ListItem","position":1,"name":"Kezd\u0151lap","item":"https:\/\/m-acryl.hu\/prestige\/"},{"@type":"ListItem","position":2,"name":"K\u00e1dak","item":"https:\/\/m-acryl.hu\/prestige\/kadak\/"},{"@type":"ListItem","position":3,"name":"Jasmine szabadon \u00e1ll\u00f3 m\u0171m\u00e1rv\u00e1ny k\u00e1d"}]},{"@type":"WebSite","@id":"https:\/\/m-acryl.hu\/prestige\/#website","url":"https:\/\/m-acryl.hu\/prestige\/","name":"Prestige","description":"Kiemelt k\u00e9nyelem minden nap","potentialAction":[{"@type":"SearchAction","target":{"@type":"EntryPoint","urlTemplate":"https:\/\/m-acryl.hu\/prestige\/?s={search_term_string}"},"query-input":{"@type":"PropertyValueSpecification","valueRequired":true,"valueName":"search_term_string"}}],"inLanguage":"hu"}]}},"_links":{"self":[{"href":"https:\/\/m-acryl.hu\/prestige\/wp-json\/wp\/v2\/product\/588","targetHints":{"allow":["GET"]}}],"collection":[{"href":"https:\/\/m-acryl.hu\/prestige\/wp-json\/wp\/v2\/product"}],"about":[{"href":"https:\/\/m-acryl.hu\/prestige\/wp-json\/wp\/v2\/types\/product"}],"wp:featuredmedia":[{"embeddable":true,"href":"https:\/\/m-acryl.hu\/prestige\/wp-json\/wp\/v2\/media\/3785"}],"wp:attachment":[{"href":"https:\/\/m-acryl.hu\/prestige\/wp-json\/wp\/v2\/media?parent=588"}],"wp:term":[{"taxonomy":"product_brand","embeddable":true,"href":"https:\/\/m-acryl.hu\/prestige\/wp-json\/wp\/v2\/product_brand?post=588"},{"taxonomy":"product_cat","embeddable":true,"href":"https:\/\/m-acryl.hu\/prestige\/wp-json\/wp\/v2\/product_cat?post=588"},{"taxonomy":"product_tag","embeddable":true,"href":"https:\/\/m-acryl.hu\/prestige\/wp-json\/wp\/v2\/product_tag?post=588"}],"curies":[{"name":"wp","href":"https:\/\/api.w.org\/{rel}","templated":true}]}}