{"id":4844,"date":"2024-06-18T12:14:16","date_gmt":"2024-06-18T12:14:16","guid":{"rendered":"https:\/\/m-acryl.hu\/prestige\/?post_type=product&#038;p=4844"},"modified":"2026-04-08T09:06:02","modified_gmt":"2026-04-08T09:06:02","slug":"szines-le-es-tulfolyok","status":"publish","type":"product","link":"https:\/\/m-acryl.hu\/prestige\/termek\/szines-le-es-tulfolyok\/","title":{"rendered":"Sz\u00ednes le- \u00e9s t\u00falfoly\u00f3k"},"content":{"rendered":"<p>A szabadon \u00e1ll\u00f3 k\u00e1dakat alap\u00e1ron kr\u00f3m lefoly\u00f3val sz\u00e1ll\u00edtjuk. A sz\u00ednes lefoly\u00f3k opcion\u00e1lisan v\u00e1laszthat\u00f3ak, azaz k\u00fcl\u00f6n kell megrendelni.<br \/>\nA t\u00falfoly\u00f3k az al\u00e1bbi sz\u00ednekben rendelhet\u0151ek: kr\u00f3m, f\u00e9nyes feh\u00e9r, matt fekete, arany<\/p>\n","protected":false},"excerpt":{"rendered":"<p>A szabadon \u00e1ll\u00f3 k\u00e1dakat alap\u00e1ron kr\u00f3m lefoly\u00f3val sz\u00e1ll\u00edtjuk. A sz\u00ednes  [&#8230;]<\/p>\n","protected":false},"featured_media":4855,"template":"","meta":[],"product_brand":[],"product_cat":[109],"product_tag":[203],"class_list":{"0":"post-4844","1":"product","2":"type-product","3":"status-publish","4":"has-post-thumbnail","6":"product_cat-kiegeszitok","7":"product_tag-kiegeszitok","9":"first","10":"instock","11":"sold-individually","12":"shipping-taxable","13":"purchasable","14":"product-type-variable","15":"has-default-attributes"},"yoast_head":"<!-- This site is optimized with the Yoast SEO plugin v27.2 - https:\/\/yoast.com\/product\/yoast-seo-wordpress\/ -->\n<title>Sz\u00ednes le- \u00e9s t\u00falfoly\u00f3k - Prestige<\/title>\n<meta name=\"description\" content=\"Szabadon \u00e1ll\u00f3 k\u00e1dakhoz rendelhet\u0151 sz\u00ednes le- \u00e9s t\u00falfoly\u00f3. T\u00f6bbf\u00e9le kivitelben el\u00e9rhet\u0151, hogy a f\u00fcrd\u0151szoba minden r\u00e9szlete harmoniz\u00e1ljon.\" \/>\n<meta name=\"robots\" content=\"index, follow, max-snippet:-1, max-image-preview:large, max-video-preview:-1\" \/>\n<link rel=\"canonical\" href=\"https:\/\/m-acryl.hu\/prestige\/termek\/szines-le-es-tulfolyok\/\" \/>\n<meta property=\"og:locale\" content=\"hu_HU\" \/>\n<meta property=\"og:type\" content=\"article\" \/>\n<meta property=\"og:title\" content=\"Sz\u00ednes le- \u00e9s t\u00falfoly\u00f3k - Prestige\" \/>\n<meta property=\"og:description\" content=\"Szabadon \u00e1ll\u00f3 k\u00e1dakhoz rendelhet\u0151 sz\u00ednes le- \u00e9s t\u00falfoly\u00f3. T\u00f6bbf\u00e9le kivitelben el\u00e9rhet\u0151, hogy a f\u00fcrd\u0151szoba minden r\u00e9szlete harmoniz\u00e1ljon.\" \/>\n<meta property=\"og:url\" content=\"https:\/\/m-acryl.hu\/prestige\/termek\/szines-le-es-tulfolyok\/\" \/>\n<meta property=\"og:site_name\" content=\"Prestige\" \/>\n<meta property=\"article:modified_time\" content=\"2026-04-08T09:06:02+00:00\" \/>\n<meta property=\"og:image\" content=\"https:\/\/m-acryl.hu\/prestige\/wp-content\/uploads\/2024\/06\/m-acryl-prestige-szines-le-es-tulfolyok-1.webp\" \/>\n\t<meta property=\"og:image:width\" content=\"1080\" \/>\n\t<meta property=\"og:image:height\" content=\"1080\" \/>\n\t<meta property=\"og:image:type\" content=\"image\/webp\" \/>\n<meta name=\"twitter:card\" content=\"summary_large_image\" \/>\n<meta name=\"twitter:label1\" content=\"Becs\u00fclt olvas\u00e1si id\u0151\" \/>\n\t<meta name=\"twitter:data1\" content=\"1 perc\" \/>\n<script type=\"application\/ld+json\" class=\"yoast-schema-graph\">{\"@context\":\"https:\/\/schema.org\",\"@graph\":[{\"@type\":\"WebPage\",\"@id\":\"https:\/\/m-acryl.hu\/prestige\/termek\/szines-le-es-tulfolyok\/\",\"url\":\"https:\/\/m-acryl.hu\/prestige\/termek\/szines-le-es-tulfolyok\/\",\"name\":\"Sz\u00ednes le- \u00e9s t\u00falfoly\u00f3k - Prestige\",\"isPartOf\":{\"@id\":\"https:\/\/m-acryl.hu\/prestige\/#website\"},\"primaryImageOfPage\":{\"@id\":\"https:\/\/m-acryl.hu\/prestige\/termek\/szines-le-es-tulfolyok\/#primaryimage\"},\"image\":{\"@id\":\"https:\/\/m-acryl.hu\/prestige\/termek\/szines-le-es-tulfolyok\/#primaryimage\"},\"thumbnailUrl\":\"https:\/\/m-acryl.hu\/prestige\/wp-content\/uploads\/2024\/06\/m-acryl-prestige-szines-le-es-tulfolyok-1.webp\",\"datePublished\":\"2024-06-18T12:14:16+00:00\",\"dateModified\":\"2026-04-08T09:06:02+00:00\",\"description\":\"Szabadon \u00e1ll\u00f3 k\u00e1dakhoz rendelhet\u0151 sz\u00ednes le- \u00e9s t\u00falfoly\u00f3. T\u00f6bbf\u00e9le kivitelben el\u00e9rhet\u0151, hogy a f\u00fcrd\u0151szoba minden r\u00e9szlete harmoniz\u00e1ljon.\",\"breadcrumb\":{\"@id\":\"https:\/\/m-acryl.hu\/prestige\/termek\/szines-le-es-tulfolyok\/#breadcrumb\"},\"inLanguage\":\"hu\",\"potentialAction\":[{\"@type\":\"ReadAction\",\"target\":[\"https:\/\/m-acryl.hu\/prestige\/termek\/szines-le-es-tulfolyok\/\"]}]},{\"@type\":\"ImageObject\",\"inLanguage\":\"hu\",\"@id\":\"https:\/\/m-acryl.hu\/prestige\/termek\/szines-le-es-tulfolyok\/#primaryimage\",\"url\":\"https:\/\/m-acryl.hu\/prestige\/wp-content\/uploads\/2024\/06\/m-acryl-prestige-szines-le-es-tulfolyok-1.webp\",\"contentUrl\":\"https:\/\/m-acryl.hu\/prestige\/wp-content\/uploads\/2024\/06\/m-acryl-prestige-szines-le-es-tulfolyok-1.webp\",\"width\":1080,\"height\":1080,\"caption\":\"M-Acryl Prestgie k\u00e1d kieg\u00e9sz\u00edt\u0151, k\u00e1d lefoly\u00f3 t\u00falfoly\u00f3, k\u00e1d t\u00falfoly\u00f3, k\u00e1d t\u00falfoly\u00f3 takar\u00f3, sz\u00ednes k\u00e1d lefoly\u00f3, sz\u00ednes k\u00e1d t\u00falfoly\u00f3, t\u00falfoly\u00f3 takar\u00f3\"},{\"@type\":\"BreadcrumbList\",\"@id\":\"https:\/\/m-acryl.hu\/prestige\/termek\/szines-le-es-tulfolyok\/#breadcrumb\",\"itemListElement\":[{\"@type\":\"ListItem\",\"position\":1,\"name\":\"Kezd\u0151lap\",\"item\":\"https:\/\/m-acryl.hu\/prestige\/\"},{\"@type\":\"ListItem\",\"position\":2,\"name\":\"K\u00e1dak\",\"item\":\"https:\/\/m-acryl.hu\/prestige\/kadak\/\"},{\"@type\":\"ListItem\",\"position\":3,\"name\":\"Sz\u00ednes le- \u00e9s t\u00falfoly\u00f3k\"}]},{\"@type\":\"WebSite\",\"@id\":\"https:\/\/m-acryl.hu\/prestige\/#website\",\"url\":\"https:\/\/m-acryl.hu\/prestige\/\",\"name\":\"Prestige\",\"description\":\"Kiemelt k\u00e9nyelem minden nap\",\"potentialAction\":[{\"@type\":\"SearchAction\",\"target\":{\"@type\":\"EntryPoint\",\"urlTemplate\":\"https:\/\/m-acryl.hu\/prestige\/?s={search_term_string}\"},\"query-input\":{\"@type\":\"PropertyValueSpecification\",\"valueRequired\":true,\"valueName\":\"search_term_string\"}}],\"inLanguage\":\"hu\"}]}<\/script>\n<!-- \/ Yoast SEO plugin. -->","yoast_head_json":{"title":"Sz\u00ednes le- \u00e9s t\u00falfoly\u00f3k - Prestige","description":"Szabadon \u00e1ll\u00f3 k\u00e1dakhoz rendelhet\u0151 sz\u00ednes le- \u00e9s t\u00falfoly\u00f3. T\u00f6bbf\u00e9le kivitelben el\u00e9rhet\u0151, hogy a f\u00fcrd\u0151szoba minden r\u00e9szlete harmoniz\u00e1ljon.","robots":{"index":"index","follow":"follow","max-snippet":"max-snippet:-1","max-image-preview":"max-image-preview:large","max-video-preview":"max-video-preview:-1"},"canonical":"https:\/\/m-acryl.hu\/prestige\/termek\/szines-le-es-tulfolyok\/","og_locale":"hu_HU","og_type":"article","og_title":"Sz\u00ednes le- \u00e9s t\u00falfoly\u00f3k - Prestige","og_description":"Szabadon \u00e1ll\u00f3 k\u00e1dakhoz rendelhet\u0151 sz\u00ednes le- \u00e9s t\u00falfoly\u00f3. T\u00f6bbf\u00e9le kivitelben el\u00e9rhet\u0151, hogy a f\u00fcrd\u0151szoba minden r\u00e9szlete harmoniz\u00e1ljon.","og_url":"https:\/\/m-acryl.hu\/prestige\/termek\/szines-le-es-tulfolyok\/","og_site_name":"Prestige","article_modified_time":"2026-04-08T09:06:02+00:00","og_image":[{"width":1080,"height":1080,"url":"https:\/\/m-acryl.hu\/prestige\/wp-content\/uploads\/2024\/06\/m-acryl-prestige-szines-le-es-tulfolyok-1.webp","type":"image\/webp"}],"twitter_card":"summary_large_image","twitter_misc":{"Becs\u00fclt olvas\u00e1si id\u0151":"1 perc"},"schema":{"@context":"https:\/\/schema.org","@graph":[{"@type":"WebPage","@id":"https:\/\/m-acryl.hu\/prestige\/termek\/szines-le-es-tulfolyok\/","url":"https:\/\/m-acryl.hu\/prestige\/termek\/szines-le-es-tulfolyok\/","name":"Sz\u00ednes le- \u00e9s t\u00falfoly\u00f3k - Prestige","isPartOf":{"@id":"https:\/\/m-acryl.hu\/prestige\/#website"},"primaryImageOfPage":{"@id":"https:\/\/m-acryl.hu\/prestige\/termek\/szines-le-es-tulfolyok\/#primaryimage"},"image":{"@id":"https:\/\/m-acryl.hu\/prestige\/termek\/szines-le-es-tulfolyok\/#primaryimage"},"thumbnailUrl":"https:\/\/m-acryl.hu\/prestige\/wp-content\/uploads\/2024\/06\/m-acryl-prestige-szines-le-es-tulfolyok-1.webp","datePublished":"2024-06-18T12:14:16+00:00","dateModified":"2026-04-08T09:06:02+00:00","description":"Szabadon \u00e1ll\u00f3 k\u00e1dakhoz rendelhet\u0151 sz\u00ednes le- \u00e9s t\u00falfoly\u00f3. T\u00f6bbf\u00e9le kivitelben el\u00e9rhet\u0151, hogy a f\u00fcrd\u0151szoba minden r\u00e9szlete harmoniz\u00e1ljon.","breadcrumb":{"@id":"https:\/\/m-acryl.hu\/prestige\/termek\/szines-le-es-tulfolyok\/#breadcrumb"},"inLanguage":"hu","potentialAction":[{"@type":"ReadAction","target":["https:\/\/m-acryl.hu\/prestige\/termek\/szines-le-es-tulfolyok\/"]}]},{"@type":"ImageObject","inLanguage":"hu","@id":"https:\/\/m-acryl.hu\/prestige\/termek\/szines-le-es-tulfolyok\/#primaryimage","url":"https:\/\/m-acryl.hu\/prestige\/wp-content\/uploads\/2024\/06\/m-acryl-prestige-szines-le-es-tulfolyok-1.webp","contentUrl":"https:\/\/m-acryl.hu\/prestige\/wp-content\/uploads\/2024\/06\/m-acryl-prestige-szines-le-es-tulfolyok-1.webp","width":1080,"height":1080,"caption":"M-Acryl Prestgie k\u00e1d kieg\u00e9sz\u00edt\u0151, k\u00e1d lefoly\u00f3 t\u00falfoly\u00f3, k\u00e1d t\u00falfoly\u00f3, k\u00e1d t\u00falfoly\u00f3 takar\u00f3, sz\u00ednes k\u00e1d lefoly\u00f3, sz\u00ednes k\u00e1d t\u00falfoly\u00f3, t\u00falfoly\u00f3 takar\u00f3"},{"@type":"BreadcrumbList","@id":"https:\/\/m-acryl.hu\/prestige\/termek\/szines-le-es-tulfolyok\/#breadcrumb","itemListElement":[{"@type":"ListItem","position":1,"name":"Kezd\u0151lap","item":"https:\/\/m-acryl.hu\/prestige\/"},{"@type":"ListItem","position":2,"name":"K\u00e1dak","item":"https:\/\/m-acryl.hu\/prestige\/kadak\/"},{"@type":"ListItem","position":3,"name":"Sz\u00ednes le- \u00e9s t\u00falfoly\u00f3k"}]},{"@type":"WebSite","@id":"https:\/\/m-acryl.hu\/prestige\/#website","url":"https:\/\/m-acryl.hu\/prestige\/","name":"Prestige","description":"Kiemelt k\u00e9nyelem minden nap","potentialAction":[{"@type":"SearchAction","target":{"@type":"EntryPoint","urlTemplate":"https:\/\/m-acryl.hu\/prestige\/?s={search_term_string}"},"query-input":{"@type":"PropertyValueSpecification","valueRequired":true,"valueName":"search_term_string"}}],"inLanguage":"hu"}]}},"_links":{"self":[{"href":"https:\/\/m-acryl.hu\/prestige\/wp-json\/wp\/v2\/product\/4844","targetHints":{"allow":["GET"]}}],"collection":[{"href":"https:\/\/m-acryl.hu\/prestige\/wp-json\/wp\/v2\/product"}],"about":[{"href":"https:\/\/m-acryl.hu\/prestige\/wp-json\/wp\/v2\/types\/product"}],"wp:featuredmedia":[{"embeddable":true,"href":"https:\/\/m-acryl.hu\/prestige\/wp-json\/wp\/v2\/media\/4855"}],"wp:attachment":[{"href":"https:\/\/m-acryl.hu\/prestige\/wp-json\/wp\/v2\/media?parent=4844"}],"wp:term":[{"taxonomy":"product_brand","embeddable":true,"href":"https:\/\/m-acryl.hu\/prestige\/wp-json\/wp\/v2\/product_brand?post=4844"},{"taxonomy":"product_cat","embeddable":true,"href":"https:\/\/m-acryl.hu\/prestige\/wp-json\/wp\/v2\/product_cat?post=4844"},{"taxonomy":"product_tag","embeddable":true,"href":"https:\/\/m-acryl.hu\/prestige\/wp-json\/wp\/v2\/product_tag?post=4844"}],"curies":[{"name":"wp","href":"https:\/\/api.w.org\/{rel}","templated":true}]}}