{"id":4535,"date":"2024-06-13T13:36:54","date_gmt":"2024-06-13T13:36:54","guid":{"rendered":"https:\/\/m-acryl.hu\/prestige\/?post_type=product&#038;p=4535"},"modified":"2026-03-18T11:46:45","modified_gmt":"2026-03-18T11:46:45","slug":"m-acryl-cleaner-akrilkad-tisztito","status":"publish","type":"product","link":"https:\/\/m-acryl.hu\/prestige\/termek\/m-acryl-cleaner-akrilkad-tisztito\/","title":{"rendered":"M-Acryl Cleaner"},"content":{"rendered":"","protected":false},"excerpt":{"rendered":"<p class=\"p1\">Ezt a kl\u00f3rmentes tiszt\u00edt\u00f3szert akril fu\u0308rd\u0151k\u00e1dak tiszt\u00edt\u00e1s\u00e1hoz aj\u00e1nljuk, de kr\u00f3mozott felu\u0308leteken is haszn\u00e1lhat\u00f3. Gyorsan \u00e9s hat\u00e9konyan t\u00e1vol\u00edtja el a szennyez\u0151d\u00e9seket \u00e9s a v\u00edzk\u00f6vet.<\/p>\n<ul>\n<li>Kl\u00f3rmentes<\/li>\n<li>Haszn\u00e1lhat\u00f3 kr\u00f3mozott fel\u00fcleteken is<\/li>\n<li>Gyorsan \u00e9s hat\u00e9konyan t\u00e1vol\u00edtja el a szennyez\u0151d\u00e9seket \u00e9s a v\u00edzk\u00f6vet<\/li>\n<\/ul>\n","protected":false},"featured_media":7428,"template":"","meta":[],"product_brand":[],"product_cat":[109],"product_tag":[203],"class_list":{"0":"post-4535","1":"product","2":"type-product","3":"status-publish","4":"has-post-thumbnail","6":"product_cat-kiegeszitok","7":"product_tag-kiegeszitok","9":"first","10":"instock","11":"sold-individually","12":"shipping-taxable","13":"purchasable","14":"product-type-variable","15":"has-default-attributes"},"yoast_head":"<!-- This site is optimized with the Yoast SEO plugin v27.2 - https:\/\/yoast.com\/product\/yoast-seo-wordpress\/ -->\n<title>M-Acryl Cleaner - Prestige<\/title>\n<meta name=\"description\" content=\"Kl\u00f3rmentes akrilk\u00e1d tiszt\u00edt\u00f3szer, amely gyorsan elt\u00e1vol\u00edtja a v\u00edzk\u00f6vet \u00e9s szennyez\u0151d\u00e9seket, \u00e9s k\u00edm\u00e9letes az akril \u00e9s kr\u00f3mozott fel\u00fcletekhez is.\" \/>\n<meta name=\"robots\" content=\"index, follow, max-snippet:-1, max-image-preview:large, max-video-preview:-1\" \/>\n<link rel=\"canonical\" href=\"https:\/\/m-acryl.hu\/prestige\/termek\/m-acryl-cleaner-akrilkad-tisztito\/\" \/>\n<meta property=\"og:locale\" content=\"hu_HU\" \/>\n<meta property=\"og:type\" content=\"article\" \/>\n<meta property=\"og:title\" content=\"M-Acryl Cleaner - Prestige\" \/>\n<meta property=\"og:description\" content=\"Kl\u00f3rmentes akrilk\u00e1d tiszt\u00edt\u00f3szer, amely gyorsan elt\u00e1vol\u00edtja a v\u00edzk\u00f6vet \u00e9s szennyez\u0151d\u00e9seket, \u00e9s k\u00edm\u00e9letes az akril \u00e9s kr\u00f3mozott fel\u00fcletekhez is.\" \/>\n<meta property=\"og:url\" content=\"https:\/\/m-acryl.hu\/prestige\/termek\/m-acryl-cleaner-akrilkad-tisztito\/\" \/>\n<meta property=\"og:site_name\" content=\"Prestige\" \/>\n<meta property=\"article:modified_time\" content=\"2026-03-18T11:46:45+00:00\" \/>\n<meta property=\"og:image\" content=\"https:\/\/m-acryl.hu\/prestige\/wp-content\/uploads\/2024\/06\/m-acryl-prestige-akrilkad-tisztito-ajandek-torlokendovel-image-01.webp\" \/>\n\t<meta property=\"og:image:width\" content=\"1920\" \/>\n\t<meta property=\"og:image:height\" content=\"1920\" \/>\n\t<meta property=\"og:image:type\" content=\"image\/webp\" \/>\n<meta name=\"twitter:card\" content=\"summary_large_image\" \/>\n<meta name=\"twitter:label1\" content=\"Becs\u00fclt olvas\u00e1si id\u0151\" \/>\n\t<meta name=\"twitter:data1\" content=\"1 perc\" \/>\n<script type=\"application\/ld+json\" class=\"yoast-schema-graph\">{\"@context\":\"https:\/\/schema.org\",\"@graph\":[{\"@type\":\"WebPage\",\"@id\":\"https:\/\/m-acryl.hu\/prestige\/termek\/m-acryl-cleaner-akrilkad-tisztito\/\",\"url\":\"https:\/\/m-acryl.hu\/prestige\/termek\/m-acryl-cleaner-akrilkad-tisztito\/\",\"name\":\"M-Acryl Cleaner - Prestige\",\"isPartOf\":{\"@id\":\"https:\/\/m-acryl.hu\/prestige\/#website\"},\"primaryImageOfPage\":{\"@id\":\"https:\/\/m-acryl.hu\/prestige\/termek\/m-acryl-cleaner-akrilkad-tisztito\/#primaryimage\"},\"image\":{\"@id\":\"https:\/\/m-acryl.hu\/prestige\/termek\/m-acryl-cleaner-akrilkad-tisztito\/#primaryimage\"},\"thumbnailUrl\":\"https:\/\/m-acryl.hu\/prestige\/wp-content\/uploads\/2024\/06\/m-acryl-prestige-akrilkad-tisztito-ajandek-torlokendovel-image-01.webp\",\"datePublished\":\"2024-06-13T13:36:54+00:00\",\"dateModified\":\"2026-03-18T11:46:45+00:00\",\"description\":\"Kl\u00f3rmentes akrilk\u00e1d tiszt\u00edt\u00f3szer, amely gyorsan elt\u00e1vol\u00edtja a v\u00edzk\u00f6vet \u00e9s szennyez\u0151d\u00e9seket, \u00e9s k\u00edm\u00e9letes az akril \u00e9s kr\u00f3mozott fel\u00fcletekhez is.\",\"breadcrumb\":{\"@id\":\"https:\/\/m-acryl.hu\/prestige\/termek\/m-acryl-cleaner-akrilkad-tisztito\/#breadcrumb\"},\"inLanguage\":\"hu\",\"potentialAction\":[{\"@type\":\"ReadAction\",\"target\":[\"https:\/\/m-acryl.hu\/prestige\/termek\/m-acryl-cleaner-akrilkad-tisztito\/\"]}]},{\"@type\":\"ImageObject\",\"inLanguage\":\"hu\",\"@id\":\"https:\/\/m-acryl.hu\/prestige\/termek\/m-acryl-cleaner-akrilkad-tisztito\/#primaryimage\",\"url\":\"https:\/\/m-acryl.hu\/prestige\/wp-content\/uploads\/2024\/06\/m-acryl-prestige-akrilkad-tisztito-ajandek-torlokendovel-image-01.webp\",\"contentUrl\":\"https:\/\/m-acryl.hu\/prestige\/wp-content\/uploads\/2024\/06\/m-acryl-prestige-akrilkad-tisztito-ajandek-torlokendovel-image-01.webp\",\"width\":1920,\"height\":1920},{\"@type\":\"BreadcrumbList\",\"@id\":\"https:\/\/m-acryl.hu\/prestige\/termek\/m-acryl-cleaner-akrilkad-tisztito\/#breadcrumb\",\"itemListElement\":[{\"@type\":\"ListItem\",\"position\":1,\"name\":\"Kezd\u0151lap\",\"item\":\"https:\/\/m-acryl.hu\/prestige\/\"},{\"@type\":\"ListItem\",\"position\":2,\"name\":\"K\u00e1dak\",\"item\":\"https:\/\/m-acryl.hu\/prestige\/kadak\/\"},{\"@type\":\"ListItem\",\"position\":3,\"name\":\"M-Acryl Cleaner\"}]},{\"@type\":\"WebSite\",\"@id\":\"https:\/\/m-acryl.hu\/prestige\/#website\",\"url\":\"https:\/\/m-acryl.hu\/prestige\/\",\"name\":\"Prestige\",\"description\":\"Kiemelt k\u00e9nyelem minden nap\",\"potentialAction\":[{\"@type\":\"SearchAction\",\"target\":{\"@type\":\"EntryPoint\",\"urlTemplate\":\"https:\/\/m-acryl.hu\/prestige\/?s={search_term_string}\"},\"query-input\":{\"@type\":\"PropertyValueSpecification\",\"valueRequired\":true,\"valueName\":\"search_term_string\"}}],\"inLanguage\":\"hu\"}]}<\/script>\n<!-- \/ Yoast SEO plugin. -->","yoast_head_json":{"title":"M-Acryl Cleaner - Prestige","description":"Kl\u00f3rmentes akrilk\u00e1d tiszt\u00edt\u00f3szer, amely gyorsan elt\u00e1vol\u00edtja a v\u00edzk\u00f6vet \u00e9s szennyez\u0151d\u00e9seket, \u00e9s k\u00edm\u00e9letes az akril \u00e9s kr\u00f3mozott fel\u00fcletekhez is.","robots":{"index":"index","follow":"follow","max-snippet":"max-snippet:-1","max-image-preview":"max-image-preview:large","max-video-preview":"max-video-preview:-1"},"canonical":"https:\/\/m-acryl.hu\/prestige\/termek\/m-acryl-cleaner-akrilkad-tisztito\/","og_locale":"hu_HU","og_type":"article","og_title":"M-Acryl Cleaner - Prestige","og_description":"Kl\u00f3rmentes akrilk\u00e1d tiszt\u00edt\u00f3szer, amely gyorsan elt\u00e1vol\u00edtja a v\u00edzk\u00f6vet \u00e9s szennyez\u0151d\u00e9seket, \u00e9s k\u00edm\u00e9letes az akril \u00e9s kr\u00f3mozott fel\u00fcletekhez is.","og_url":"https:\/\/m-acryl.hu\/prestige\/termek\/m-acryl-cleaner-akrilkad-tisztito\/","og_site_name":"Prestige","article_modified_time":"2026-03-18T11:46:45+00:00","og_image":[{"width":1920,"height":1920,"url":"https:\/\/m-acryl.hu\/prestige\/wp-content\/uploads\/2024\/06\/m-acryl-prestige-akrilkad-tisztito-ajandek-torlokendovel-image-01.webp","type":"image\/webp"}],"twitter_card":"summary_large_image","twitter_misc":{"Becs\u00fclt olvas\u00e1si id\u0151":"1 perc"},"schema":{"@context":"https:\/\/schema.org","@graph":[{"@type":"WebPage","@id":"https:\/\/m-acryl.hu\/prestige\/termek\/m-acryl-cleaner-akrilkad-tisztito\/","url":"https:\/\/m-acryl.hu\/prestige\/termek\/m-acryl-cleaner-akrilkad-tisztito\/","name":"M-Acryl Cleaner - Prestige","isPartOf":{"@id":"https:\/\/m-acryl.hu\/prestige\/#website"},"primaryImageOfPage":{"@id":"https:\/\/m-acryl.hu\/prestige\/termek\/m-acryl-cleaner-akrilkad-tisztito\/#primaryimage"},"image":{"@id":"https:\/\/m-acryl.hu\/prestige\/termek\/m-acryl-cleaner-akrilkad-tisztito\/#primaryimage"},"thumbnailUrl":"https:\/\/m-acryl.hu\/prestige\/wp-content\/uploads\/2024\/06\/m-acryl-prestige-akrilkad-tisztito-ajandek-torlokendovel-image-01.webp","datePublished":"2024-06-13T13:36:54+00:00","dateModified":"2026-03-18T11:46:45+00:00","description":"Kl\u00f3rmentes akrilk\u00e1d tiszt\u00edt\u00f3szer, amely gyorsan elt\u00e1vol\u00edtja a v\u00edzk\u00f6vet \u00e9s szennyez\u0151d\u00e9seket, \u00e9s k\u00edm\u00e9letes az akril \u00e9s kr\u00f3mozott fel\u00fcletekhez is.","breadcrumb":{"@id":"https:\/\/m-acryl.hu\/prestige\/termek\/m-acryl-cleaner-akrilkad-tisztito\/#breadcrumb"},"inLanguage":"hu","potentialAction":[{"@type":"ReadAction","target":["https:\/\/m-acryl.hu\/prestige\/termek\/m-acryl-cleaner-akrilkad-tisztito\/"]}]},{"@type":"ImageObject","inLanguage":"hu","@id":"https:\/\/m-acryl.hu\/prestige\/termek\/m-acryl-cleaner-akrilkad-tisztito\/#primaryimage","url":"https:\/\/m-acryl.hu\/prestige\/wp-content\/uploads\/2024\/06\/m-acryl-prestige-akrilkad-tisztito-ajandek-torlokendovel-image-01.webp","contentUrl":"https:\/\/m-acryl.hu\/prestige\/wp-content\/uploads\/2024\/06\/m-acryl-prestige-akrilkad-tisztito-ajandek-torlokendovel-image-01.webp","width":1920,"height":1920},{"@type":"BreadcrumbList","@id":"https:\/\/m-acryl.hu\/prestige\/termek\/m-acryl-cleaner-akrilkad-tisztito\/#breadcrumb","itemListElement":[{"@type":"ListItem","position":1,"name":"Kezd\u0151lap","item":"https:\/\/m-acryl.hu\/prestige\/"},{"@type":"ListItem","position":2,"name":"K\u00e1dak","item":"https:\/\/m-acryl.hu\/prestige\/kadak\/"},{"@type":"ListItem","position":3,"name":"M-Acryl Cleaner"}]},{"@type":"WebSite","@id":"https:\/\/m-acryl.hu\/prestige\/#website","url":"https:\/\/m-acryl.hu\/prestige\/","name":"Prestige","description":"Kiemelt k\u00e9nyelem minden nap","potentialAction":[{"@type":"SearchAction","target":{"@type":"EntryPoint","urlTemplate":"https:\/\/m-acryl.hu\/prestige\/?s={search_term_string}"},"query-input":{"@type":"PropertyValueSpecification","valueRequired":true,"valueName":"search_term_string"}}],"inLanguage":"hu"}]}},"_links":{"self":[{"href":"https:\/\/m-acryl.hu\/prestige\/wp-json\/wp\/v2\/product\/4535","targetHints":{"allow":["GET"]}}],"collection":[{"href":"https:\/\/m-acryl.hu\/prestige\/wp-json\/wp\/v2\/product"}],"about":[{"href":"https:\/\/m-acryl.hu\/prestige\/wp-json\/wp\/v2\/types\/product"}],"wp:featuredmedia":[{"embeddable":true,"href":"https:\/\/m-acryl.hu\/prestige\/wp-json\/wp\/v2\/media\/7428"}],"wp:attachment":[{"href":"https:\/\/m-acryl.hu\/prestige\/wp-json\/wp\/v2\/media?parent=4535"}],"wp:term":[{"taxonomy":"product_brand","embeddable":true,"href":"https:\/\/m-acryl.hu\/prestige\/wp-json\/wp\/v2\/product_brand?post=4535"},{"taxonomy":"product_cat","embeddable":true,"href":"https:\/\/m-acryl.hu\/prestige\/wp-json\/wp\/v2\/product_cat?post=4535"},{"taxonomy":"product_tag","embeddable":true,"href":"https:\/\/m-acryl.hu\/prestige\/wp-json\/wp\/v2\/product_tag?post=4535"}],"curies":[{"name":"wp","href":"https:\/\/api.w.org\/{rel}","templated":true}]}}