{"id":4534,"date":"2024-06-13T13:35:17","date_gmt":"2024-06-13T13:35:17","guid":{"rendered":"https:\/\/m-acryl.hu\/prestige\/?post_type=product&#038;p=4534"},"modified":"2026-03-18T11:47:20","modified_gmt":"2026-03-18T11:47:20","slug":"silk-fejparna","status":"publish","type":"product","link":"https:\/\/m-acryl.hu\/prestige\/termek\/silk-fejparna\/","title":{"rendered":"Silk fejp\u00e1rna"},"content":{"rendered":"<p>A <strong>Silk fejp\u00e1rna<\/strong> ergonomikus kialak\u00edt\u00e1s\u00e1nak \u00e9s rugalmas anyag\u00e1nak k\u00f6sz\u00f6nhet\u0151en t\u00f6k\u00e9letesen illeszkedik a nyak \u00e9s a v\u00e1ll vonalaihoz, \u00edgy maxim\u00e1lis k\u00e9nyelmet biztos\u00edt f\u00fcrd\u00e9s k\u00f6zben.<\/p>\n<p>A hull\u00e1mos forma egyenletesen osztja el a terhel\u00e9st, seg\u00edt cs\u00f6kkenteni az izomfesz\u00fclts\u00e9get, mik\u00f6zben stabilan megt\u00e1masztja a fejet. M\u00e1r n\u00e9h\u00e1ny perc alatt \u00e9rezhet\u0151en hozz\u00e1j\u00e1rul a relax\u00e1ci\u00f3hoz.<\/p>\n<p>A p\u00e1rna <strong>g\u00e9lszerkezet\u0171 poliuret\u00e1n habb\u00f3l<\/strong> k\u00e9sz\u00fcl, amely puha tapint\u00e1s\u00fa, tart\u00f3s \u00e9s nedvess\u00e9g\u00e1ll\u00f3. Sima fel\u00fclete higi\u00e9nikus, k\u00f6nnyen tiszt\u00edthat\u00f3, \u00edgy ide\u00e1lis mindennapi haszn\u00e1latra.<\/p>\n<p>Univerz\u00e1lis kialak\u00edt\u00e1s\u00e1nak k\u00f6sz\u00f6nhet\u0151en k\u00fcl\u00f6nb\u00f6z\u0151 k\u00e1dform\u00e1khoz is j\u00f3l alkalmazkodik, \u00e9s term\u00e9szetesen k\u00f6veti a test kont\u00farjait.<\/p>\n","protected":false},"excerpt":{"rendered":"<p>A Silk fejp\u00e1rna ergonomikus kialak\u00edt\u00e1s\u00e1nak \u00e9s rugalmas anyag\u00e1nak k\u00f6sz\u00f6nhet\u0151en t\u00f6k\u00e9letesen  [&#8230;]<\/p>\n","protected":false},"featured_media":6035,"template":"","meta":[],"product_brand":[],"product_cat":[109],"product_tag":[203],"class_list":{"0":"post-4534","1":"product","2":"type-product","3":"status-publish","4":"has-post-thumbnail","6":"product_cat-kiegeszitok","7":"product_tag-kiegeszitok","9":"first","10":"instock","11":"sold-individually","12":"shipping-taxable","13":"purchasable","14":"product-type-variable","15":"has-default-attributes"},"yoast_head":"<!-- This site is optimized with the Yoast SEO plugin v27.2 - https:\/\/yoast.com\/product\/yoast-seo-wordpress\/ -->\n<title>Silk fejp\u00e1rna - Prestige<\/title>\n<meta name=\"description\" content=\"Puha, rugalmas g\u00e9l fejp\u00e1rna hull\u00e1mos kialak\u00edt\u00e1ssal, amely t\u00f6k\u00e9letesen al\u00e1t\u00e1masztja a nyakat \u00e9s a v\u00e1llat. Tegye k\u00e9nyelmesebb\u00e9 a f\u00fcrd\u00e9st minden nap.\" \/>\n<meta name=\"robots\" content=\"index, follow, max-snippet:-1, max-image-preview:large, max-video-preview:-1\" \/>\n<link rel=\"canonical\" href=\"https:\/\/m-acryl.hu\/prestige\/termek\/silk-fejparna\/\" \/>\n<meta property=\"og:locale\" content=\"hu_HU\" \/>\n<meta property=\"og:type\" content=\"article\" \/>\n<meta property=\"og:title\" content=\"Silk fejp\u00e1rna - Prestige\" \/>\n<meta property=\"og:description\" content=\"Puha, rugalmas g\u00e9l fejp\u00e1rna hull\u00e1mos kialak\u00edt\u00e1ssal, amely t\u00f6k\u00e9letesen al\u00e1t\u00e1masztja a nyakat \u00e9s a v\u00e1llat. Tegye k\u00e9nyelmesebb\u00e9 a f\u00fcrd\u00e9st minden nap.\" \/>\n<meta property=\"og:url\" content=\"https:\/\/m-acryl.hu\/prestige\/termek\/silk-fejparna\/\" \/>\n<meta property=\"og:site_name\" content=\"Prestige\" \/>\n<meta property=\"article:modified_time\" content=\"2026-03-18T11:47:20+00:00\" \/>\n<meta property=\"og:image\" content=\"https:\/\/m-acryl.hu\/prestige\/wp-content\/uploads\/2024\/06\/m-acryl-prestige-silk-fejparna-fekete-03.webp\" \/>\n\t<meta property=\"og:image:width\" content=\"1920\" \/>\n\t<meta property=\"og:image:height\" content=\"1920\" \/>\n\t<meta property=\"og:image:type\" content=\"image\/webp\" \/>\n<meta name=\"twitter:card\" content=\"summary_large_image\" \/>\n<meta name=\"twitter:label1\" content=\"Becs\u00fclt olvas\u00e1si id\u0151\" \/>\n\t<meta name=\"twitter:data1\" content=\"1 perc\" \/>\n<script type=\"application\/ld+json\" class=\"yoast-schema-graph\">{\"@context\":\"https:\/\/schema.org\",\"@graph\":[{\"@type\":\"WebPage\",\"@id\":\"https:\/\/m-acryl.hu\/prestige\/termek\/silk-fejparna\/\",\"url\":\"https:\/\/m-acryl.hu\/prestige\/termek\/silk-fejparna\/\",\"name\":\"Silk fejp\u00e1rna - Prestige\",\"isPartOf\":{\"@id\":\"https:\/\/m-acryl.hu\/prestige\/#website\"},\"primaryImageOfPage\":{\"@id\":\"https:\/\/m-acryl.hu\/prestige\/termek\/silk-fejparna\/#primaryimage\"},\"image\":{\"@id\":\"https:\/\/m-acryl.hu\/prestige\/termek\/silk-fejparna\/#primaryimage\"},\"thumbnailUrl\":\"https:\/\/m-acryl.hu\/prestige\/wp-content\/uploads\/2024\/06\/m-acryl-prestige-silk-fejparna-fekete-03.webp\",\"datePublished\":\"2024-06-13T13:35:17+00:00\",\"dateModified\":\"2026-03-18T11:47:20+00:00\",\"description\":\"Puha, rugalmas g\u00e9l fejp\u00e1rna hull\u00e1mos kialak\u00edt\u00e1ssal, amely t\u00f6k\u00e9letesen al\u00e1t\u00e1masztja a nyakat \u00e9s a v\u00e1llat. Tegye k\u00e9nyelmesebb\u00e9 a f\u00fcrd\u00e9st minden nap.\",\"breadcrumb\":{\"@id\":\"https:\/\/m-acryl.hu\/prestige\/termek\/silk-fejparna\/#breadcrumb\"},\"inLanguage\":\"hu\",\"potentialAction\":[{\"@type\":\"ReadAction\",\"target\":[\"https:\/\/m-acryl.hu\/prestige\/termek\/silk-fejparna\/\"]}]},{\"@type\":\"ImageObject\",\"inLanguage\":\"hu\",\"@id\":\"https:\/\/m-acryl.hu\/prestige\/termek\/silk-fejparna\/#primaryimage\",\"url\":\"https:\/\/m-acryl.hu\/prestige\/wp-content\/uploads\/2024\/06\/m-acryl-prestige-silk-fejparna-fekete-03.webp\",\"contentUrl\":\"https:\/\/m-acryl.hu\/prestige\/wp-content\/uploads\/2024\/06\/m-acryl-prestige-silk-fejparna-fekete-03.webp\",\"width\":1920,\"height\":1920},{\"@type\":\"BreadcrumbList\",\"@id\":\"https:\/\/m-acryl.hu\/prestige\/termek\/silk-fejparna\/#breadcrumb\",\"itemListElement\":[{\"@type\":\"ListItem\",\"position\":1,\"name\":\"Kezd\u0151lap\",\"item\":\"https:\/\/m-acryl.hu\/prestige\/\"},{\"@type\":\"ListItem\",\"position\":2,\"name\":\"K\u00e1dak\",\"item\":\"https:\/\/m-acryl.hu\/prestige\/kadak\/\"},{\"@type\":\"ListItem\",\"position\":3,\"name\":\"Silk fejp\u00e1rna\"}]},{\"@type\":\"WebSite\",\"@id\":\"https:\/\/m-acryl.hu\/prestige\/#website\",\"url\":\"https:\/\/m-acryl.hu\/prestige\/\",\"name\":\"Prestige\",\"description\":\"Kiemelt k\u00e9nyelem minden nap\",\"potentialAction\":[{\"@type\":\"SearchAction\",\"target\":{\"@type\":\"EntryPoint\",\"urlTemplate\":\"https:\/\/m-acryl.hu\/prestige\/?s={search_term_string}\"},\"query-input\":{\"@type\":\"PropertyValueSpecification\",\"valueRequired\":true,\"valueName\":\"search_term_string\"}}],\"inLanguage\":\"hu\"}]}<\/script>\n<!-- \/ Yoast SEO plugin. -->","yoast_head_json":{"title":"Silk fejp\u00e1rna - Prestige","description":"Puha, rugalmas g\u00e9l fejp\u00e1rna hull\u00e1mos kialak\u00edt\u00e1ssal, amely t\u00f6k\u00e9letesen al\u00e1t\u00e1masztja a nyakat \u00e9s a v\u00e1llat. Tegye k\u00e9nyelmesebb\u00e9 a f\u00fcrd\u00e9st minden nap.","robots":{"index":"index","follow":"follow","max-snippet":"max-snippet:-1","max-image-preview":"max-image-preview:large","max-video-preview":"max-video-preview:-1"},"canonical":"https:\/\/m-acryl.hu\/prestige\/termek\/silk-fejparna\/","og_locale":"hu_HU","og_type":"article","og_title":"Silk fejp\u00e1rna - Prestige","og_description":"Puha, rugalmas g\u00e9l fejp\u00e1rna hull\u00e1mos kialak\u00edt\u00e1ssal, amely t\u00f6k\u00e9letesen al\u00e1t\u00e1masztja a nyakat \u00e9s a v\u00e1llat. Tegye k\u00e9nyelmesebb\u00e9 a f\u00fcrd\u00e9st minden nap.","og_url":"https:\/\/m-acryl.hu\/prestige\/termek\/silk-fejparna\/","og_site_name":"Prestige","article_modified_time":"2026-03-18T11:47:20+00:00","og_image":[{"width":1920,"height":1920,"url":"https:\/\/m-acryl.hu\/prestige\/wp-content\/uploads\/2024\/06\/m-acryl-prestige-silk-fejparna-fekete-03.webp","type":"image\/webp"}],"twitter_card":"summary_large_image","twitter_misc":{"Becs\u00fclt olvas\u00e1si id\u0151":"1 perc"},"schema":{"@context":"https:\/\/schema.org","@graph":[{"@type":"WebPage","@id":"https:\/\/m-acryl.hu\/prestige\/termek\/silk-fejparna\/","url":"https:\/\/m-acryl.hu\/prestige\/termek\/silk-fejparna\/","name":"Silk fejp\u00e1rna - Prestige","isPartOf":{"@id":"https:\/\/m-acryl.hu\/prestige\/#website"},"primaryImageOfPage":{"@id":"https:\/\/m-acryl.hu\/prestige\/termek\/silk-fejparna\/#primaryimage"},"image":{"@id":"https:\/\/m-acryl.hu\/prestige\/termek\/silk-fejparna\/#primaryimage"},"thumbnailUrl":"https:\/\/m-acryl.hu\/prestige\/wp-content\/uploads\/2024\/06\/m-acryl-prestige-silk-fejparna-fekete-03.webp","datePublished":"2024-06-13T13:35:17+00:00","dateModified":"2026-03-18T11:47:20+00:00","description":"Puha, rugalmas g\u00e9l fejp\u00e1rna hull\u00e1mos kialak\u00edt\u00e1ssal, amely t\u00f6k\u00e9letesen al\u00e1t\u00e1masztja a nyakat \u00e9s a v\u00e1llat. Tegye k\u00e9nyelmesebb\u00e9 a f\u00fcrd\u00e9st minden nap.","breadcrumb":{"@id":"https:\/\/m-acryl.hu\/prestige\/termek\/silk-fejparna\/#breadcrumb"},"inLanguage":"hu","potentialAction":[{"@type":"ReadAction","target":["https:\/\/m-acryl.hu\/prestige\/termek\/silk-fejparna\/"]}]},{"@type":"ImageObject","inLanguage":"hu","@id":"https:\/\/m-acryl.hu\/prestige\/termek\/silk-fejparna\/#primaryimage","url":"https:\/\/m-acryl.hu\/prestige\/wp-content\/uploads\/2024\/06\/m-acryl-prestige-silk-fejparna-fekete-03.webp","contentUrl":"https:\/\/m-acryl.hu\/prestige\/wp-content\/uploads\/2024\/06\/m-acryl-prestige-silk-fejparna-fekete-03.webp","width":1920,"height":1920},{"@type":"BreadcrumbList","@id":"https:\/\/m-acryl.hu\/prestige\/termek\/silk-fejparna\/#breadcrumb","itemListElement":[{"@type":"ListItem","position":1,"name":"Kezd\u0151lap","item":"https:\/\/m-acryl.hu\/prestige\/"},{"@type":"ListItem","position":2,"name":"K\u00e1dak","item":"https:\/\/m-acryl.hu\/prestige\/kadak\/"},{"@type":"ListItem","position":3,"name":"Silk fejp\u00e1rna"}]},{"@type":"WebSite","@id":"https:\/\/m-acryl.hu\/prestige\/#website","url":"https:\/\/m-acryl.hu\/prestige\/","name":"Prestige","description":"Kiemelt k\u00e9nyelem minden nap","potentialAction":[{"@type":"SearchAction","target":{"@type":"EntryPoint","urlTemplate":"https:\/\/m-acryl.hu\/prestige\/?s={search_term_string}"},"query-input":{"@type":"PropertyValueSpecification","valueRequired":true,"valueName":"search_term_string"}}],"inLanguage":"hu"}]}},"_links":{"self":[{"href":"https:\/\/m-acryl.hu\/prestige\/wp-json\/wp\/v2\/product\/4534","targetHints":{"allow":["GET"]}}],"collection":[{"href":"https:\/\/m-acryl.hu\/prestige\/wp-json\/wp\/v2\/product"}],"about":[{"href":"https:\/\/m-acryl.hu\/prestige\/wp-json\/wp\/v2\/types\/product"}],"wp:featuredmedia":[{"embeddable":true,"href":"https:\/\/m-acryl.hu\/prestige\/wp-json\/wp\/v2\/media\/6035"}],"wp:attachment":[{"href":"https:\/\/m-acryl.hu\/prestige\/wp-json\/wp\/v2\/media?parent=4534"}],"wp:term":[{"taxonomy":"product_brand","embeddable":true,"href":"https:\/\/m-acryl.hu\/prestige\/wp-json\/wp\/v2\/product_brand?post=4534"},{"taxonomy":"product_cat","embeddable":true,"href":"https:\/\/m-acryl.hu\/prestige\/wp-json\/wp\/v2\/product_cat?post=4534"},{"taxonomy":"product_tag","embeddable":true,"href":"https:\/\/m-acryl.hu\/prestige\/wp-json\/wp\/v2\/product_tag?post=4534"}],"curies":[{"name":"wp","href":"https:\/\/api.w.org\/{rel}","templated":true}]}}