{"id":4523,"date":"2024-06-13T13:11:55","date_gmt":"2024-06-13T13:11:55","guid":{"rendered":"https:\/\/m-acryl.hu\/prestige\/?post_type=product&#038;p=4523"},"modified":"2026-03-18T11:47:03","modified_gmt":"2026-03-18T11:47:03","slug":"soft-fejparna","status":"publish","type":"product","link":"https:\/\/m-acryl.hu\/prestige\/termek\/soft-fejparna\/","title":{"rendered":"Soft fejp\u00e1rna"},"content":{"rendered":"","protected":false},"excerpt":{"rendered":"<p>K\u00fcl\u00f6nlegesen puha G\u00c9L fejp\u00e1rna<\/p>\n<p>A puha p\u00e1rna h\u00e1toldala nanotechnol\u00f3gi\u00e1s tapad\u00f3fel\u00fclettel ell\u00e1tott, ez\u00e9rt a p\u00e1rn\u00e1t b\u00e1rmikor leveheti \u00e9s k\u00f6nnyed\u00e9n lemoshatja, megtiszt\u00edthatja. K\u00e9k sz\u00ednben k\u00edn\u00e1ljuk.<\/p>\n","protected":false},"featured_media":6044,"template":"","meta":[],"product_brand":[],"product_cat":[109],"product_tag":[203],"class_list":{"0":"post-4523","1":"product","2":"type-product","3":"status-publish","4":"has-post-thumbnail","6":"product_cat-kiegeszitok","7":"product_tag-kiegeszitok","9":"first","10":"instock","11":"sold-individually","12":"shipping-taxable","13":"purchasable","14":"product-type-variable","15":"has-default-attributes"},"yoast_head":"<!-- This site is optimized with the Yoast SEO plugin v27.2 - https:\/\/yoast.com\/product\/yoast-seo-wordpress\/ -->\n<title>Soft fejp\u00e1rna - Prestige<\/title>\n<meta name=\"description\" content=\"Puha g\u00e9l fejp\u00e1rna k\u00e1dakhoz, nanotechnol\u00f3gi\u00e1s tapad\u00f3fel\u00fclettel. Levehet\u0151, k\u00f6nnyen tiszt\u00edthat\u00f3, k\u00e9nyelmes megold\u00e1s a pihentet\u0151 f\u00fcrd\u00e9shez.\" \/>\n<meta name=\"robots\" content=\"index, follow, max-snippet:-1, max-image-preview:large, max-video-preview:-1\" \/>\n<link rel=\"canonical\" href=\"https:\/\/m-acryl.hu\/prestige\/termek\/soft-fejparna\/\" \/>\n<meta property=\"og:locale\" content=\"hu_HU\" \/>\n<meta property=\"og:type\" content=\"article\" \/>\n<meta property=\"og:title\" content=\"Soft fejp\u00e1rna - Prestige\" \/>\n<meta property=\"og:description\" content=\"Puha g\u00e9l fejp\u00e1rna k\u00e1dakhoz, nanotechnol\u00f3gi\u00e1s tapad\u00f3fel\u00fclettel. Levehet\u0151, k\u00f6nnyen tiszt\u00edthat\u00f3, k\u00e9nyelmes megold\u00e1s a pihentet\u0151 f\u00fcrd\u00e9shez.\" \/>\n<meta property=\"og:url\" content=\"https:\/\/m-acryl.hu\/prestige\/termek\/soft-fejparna\/\" \/>\n<meta property=\"og:site_name\" content=\"Prestige\" \/>\n<meta property=\"article:modified_time\" content=\"2026-03-18T11:47:03+00:00\" \/>\n<meta property=\"og:image\" content=\"https:\/\/m-acryl.hu\/prestige\/wp-content\/uploads\/2024\/06\/m-acryl-prestige-soft-fejparna-kek-image-03.webp\" \/>\n\t<meta property=\"og:image:width\" content=\"1875\" \/>\n\t<meta property=\"og:image:height\" content=\"1875\" \/>\n\t<meta property=\"og:image:type\" content=\"image\/webp\" \/>\n<meta name=\"twitter:card\" content=\"summary_large_image\" \/>\n<meta name=\"twitter:label1\" content=\"Becs\u00fclt olvas\u00e1si id\u0151\" \/>\n\t<meta name=\"twitter:data1\" content=\"1 perc\" \/>\n<script type=\"application\/ld+json\" class=\"yoast-schema-graph\">{\"@context\":\"https:\/\/schema.org\",\"@graph\":[{\"@type\":\"WebPage\",\"@id\":\"https:\/\/m-acryl.hu\/prestige\/termek\/soft-fejparna\/\",\"url\":\"https:\/\/m-acryl.hu\/prestige\/termek\/soft-fejparna\/\",\"name\":\"Soft fejp\u00e1rna - Prestige\",\"isPartOf\":{\"@id\":\"https:\/\/m-acryl.hu\/prestige\/#website\"},\"primaryImageOfPage\":{\"@id\":\"https:\/\/m-acryl.hu\/prestige\/termek\/soft-fejparna\/#primaryimage\"},\"image\":{\"@id\":\"https:\/\/m-acryl.hu\/prestige\/termek\/soft-fejparna\/#primaryimage\"},\"thumbnailUrl\":\"https:\/\/m-acryl.hu\/prestige\/wp-content\/uploads\/2024\/06\/m-acryl-prestige-soft-fejparna-kek-image-03.webp\",\"datePublished\":\"2024-06-13T13:11:55+00:00\",\"dateModified\":\"2026-03-18T11:47:03+00:00\",\"description\":\"Puha g\u00e9l fejp\u00e1rna k\u00e1dakhoz, nanotechnol\u00f3gi\u00e1s tapad\u00f3fel\u00fclettel. Levehet\u0151, k\u00f6nnyen tiszt\u00edthat\u00f3, k\u00e9nyelmes megold\u00e1s a pihentet\u0151 f\u00fcrd\u00e9shez.\",\"breadcrumb\":{\"@id\":\"https:\/\/m-acryl.hu\/prestige\/termek\/soft-fejparna\/#breadcrumb\"},\"inLanguage\":\"hu\",\"potentialAction\":[{\"@type\":\"ReadAction\",\"target\":[\"https:\/\/m-acryl.hu\/prestige\/termek\/soft-fejparna\/\"]}]},{\"@type\":\"ImageObject\",\"inLanguage\":\"hu\",\"@id\":\"https:\/\/m-acryl.hu\/prestige\/termek\/soft-fejparna\/#primaryimage\",\"url\":\"https:\/\/m-acryl.hu\/prestige\/wp-content\/uploads\/2024\/06\/m-acryl-prestige-soft-fejparna-kek-image-03.webp\",\"contentUrl\":\"https:\/\/m-acryl.hu\/prestige\/wp-content\/uploads\/2024\/06\/m-acryl-prestige-soft-fejparna-kek-image-03.webp\",\"width\":1875,\"height\":1875},{\"@type\":\"BreadcrumbList\",\"@id\":\"https:\/\/m-acryl.hu\/prestige\/termek\/soft-fejparna\/#breadcrumb\",\"itemListElement\":[{\"@type\":\"ListItem\",\"position\":1,\"name\":\"Kezd\u0151lap\",\"item\":\"https:\/\/m-acryl.hu\/prestige\/\"},{\"@type\":\"ListItem\",\"position\":2,\"name\":\"K\u00e1dak\",\"item\":\"https:\/\/m-acryl.hu\/prestige\/kadak\/\"},{\"@type\":\"ListItem\",\"position\":3,\"name\":\"Soft fejp\u00e1rna\"}]},{\"@type\":\"WebSite\",\"@id\":\"https:\/\/m-acryl.hu\/prestige\/#website\",\"url\":\"https:\/\/m-acryl.hu\/prestige\/\",\"name\":\"Prestige\",\"description\":\"Kiemelt k\u00e9nyelem minden nap\",\"potentialAction\":[{\"@type\":\"SearchAction\",\"target\":{\"@type\":\"EntryPoint\",\"urlTemplate\":\"https:\/\/m-acryl.hu\/prestige\/?s={search_term_string}\"},\"query-input\":{\"@type\":\"PropertyValueSpecification\",\"valueRequired\":true,\"valueName\":\"search_term_string\"}}],\"inLanguage\":\"hu\"}]}<\/script>\n<!-- \/ Yoast SEO plugin. -->","yoast_head_json":{"title":"Soft fejp\u00e1rna - Prestige","description":"Puha g\u00e9l fejp\u00e1rna k\u00e1dakhoz, nanotechnol\u00f3gi\u00e1s tapad\u00f3fel\u00fclettel. Levehet\u0151, k\u00f6nnyen tiszt\u00edthat\u00f3, k\u00e9nyelmes megold\u00e1s a pihentet\u0151 f\u00fcrd\u00e9shez.","robots":{"index":"index","follow":"follow","max-snippet":"max-snippet:-1","max-image-preview":"max-image-preview:large","max-video-preview":"max-video-preview:-1"},"canonical":"https:\/\/m-acryl.hu\/prestige\/termek\/soft-fejparna\/","og_locale":"hu_HU","og_type":"article","og_title":"Soft fejp\u00e1rna - Prestige","og_description":"Puha g\u00e9l fejp\u00e1rna k\u00e1dakhoz, nanotechnol\u00f3gi\u00e1s tapad\u00f3fel\u00fclettel. Levehet\u0151, k\u00f6nnyen tiszt\u00edthat\u00f3, k\u00e9nyelmes megold\u00e1s a pihentet\u0151 f\u00fcrd\u00e9shez.","og_url":"https:\/\/m-acryl.hu\/prestige\/termek\/soft-fejparna\/","og_site_name":"Prestige","article_modified_time":"2026-03-18T11:47:03+00:00","og_image":[{"width":1875,"height":1875,"url":"https:\/\/m-acryl.hu\/prestige\/wp-content\/uploads\/2024\/06\/m-acryl-prestige-soft-fejparna-kek-image-03.webp","type":"image\/webp"}],"twitter_card":"summary_large_image","twitter_misc":{"Becs\u00fclt olvas\u00e1si id\u0151":"1 perc"},"schema":{"@context":"https:\/\/schema.org","@graph":[{"@type":"WebPage","@id":"https:\/\/m-acryl.hu\/prestige\/termek\/soft-fejparna\/","url":"https:\/\/m-acryl.hu\/prestige\/termek\/soft-fejparna\/","name":"Soft fejp\u00e1rna - Prestige","isPartOf":{"@id":"https:\/\/m-acryl.hu\/prestige\/#website"},"primaryImageOfPage":{"@id":"https:\/\/m-acryl.hu\/prestige\/termek\/soft-fejparna\/#primaryimage"},"image":{"@id":"https:\/\/m-acryl.hu\/prestige\/termek\/soft-fejparna\/#primaryimage"},"thumbnailUrl":"https:\/\/m-acryl.hu\/prestige\/wp-content\/uploads\/2024\/06\/m-acryl-prestige-soft-fejparna-kek-image-03.webp","datePublished":"2024-06-13T13:11:55+00:00","dateModified":"2026-03-18T11:47:03+00:00","description":"Puha g\u00e9l fejp\u00e1rna k\u00e1dakhoz, nanotechnol\u00f3gi\u00e1s tapad\u00f3fel\u00fclettel. Levehet\u0151, k\u00f6nnyen tiszt\u00edthat\u00f3, k\u00e9nyelmes megold\u00e1s a pihentet\u0151 f\u00fcrd\u00e9shez.","breadcrumb":{"@id":"https:\/\/m-acryl.hu\/prestige\/termek\/soft-fejparna\/#breadcrumb"},"inLanguage":"hu","potentialAction":[{"@type":"ReadAction","target":["https:\/\/m-acryl.hu\/prestige\/termek\/soft-fejparna\/"]}]},{"@type":"ImageObject","inLanguage":"hu","@id":"https:\/\/m-acryl.hu\/prestige\/termek\/soft-fejparna\/#primaryimage","url":"https:\/\/m-acryl.hu\/prestige\/wp-content\/uploads\/2024\/06\/m-acryl-prestige-soft-fejparna-kek-image-03.webp","contentUrl":"https:\/\/m-acryl.hu\/prestige\/wp-content\/uploads\/2024\/06\/m-acryl-prestige-soft-fejparna-kek-image-03.webp","width":1875,"height":1875},{"@type":"BreadcrumbList","@id":"https:\/\/m-acryl.hu\/prestige\/termek\/soft-fejparna\/#breadcrumb","itemListElement":[{"@type":"ListItem","position":1,"name":"Kezd\u0151lap","item":"https:\/\/m-acryl.hu\/prestige\/"},{"@type":"ListItem","position":2,"name":"K\u00e1dak","item":"https:\/\/m-acryl.hu\/prestige\/kadak\/"},{"@type":"ListItem","position":3,"name":"Soft fejp\u00e1rna"}]},{"@type":"WebSite","@id":"https:\/\/m-acryl.hu\/prestige\/#website","url":"https:\/\/m-acryl.hu\/prestige\/","name":"Prestige","description":"Kiemelt k\u00e9nyelem minden nap","potentialAction":[{"@type":"SearchAction","target":{"@type":"EntryPoint","urlTemplate":"https:\/\/m-acryl.hu\/prestige\/?s={search_term_string}"},"query-input":{"@type":"PropertyValueSpecification","valueRequired":true,"valueName":"search_term_string"}}],"inLanguage":"hu"}]}},"_links":{"self":[{"href":"https:\/\/m-acryl.hu\/prestige\/wp-json\/wp\/v2\/product\/4523","targetHints":{"allow":["GET"]}}],"collection":[{"href":"https:\/\/m-acryl.hu\/prestige\/wp-json\/wp\/v2\/product"}],"about":[{"href":"https:\/\/m-acryl.hu\/prestige\/wp-json\/wp\/v2\/types\/product"}],"wp:featuredmedia":[{"embeddable":true,"href":"https:\/\/m-acryl.hu\/prestige\/wp-json\/wp\/v2\/media\/6044"}],"wp:attachment":[{"href":"https:\/\/m-acryl.hu\/prestige\/wp-json\/wp\/v2\/media?parent=4523"}],"wp:term":[{"taxonomy":"product_brand","embeddable":true,"href":"https:\/\/m-acryl.hu\/prestige\/wp-json\/wp\/v2\/product_brand?post=4523"},{"taxonomy":"product_cat","embeddable":true,"href":"https:\/\/m-acryl.hu\/prestige\/wp-json\/wp\/v2\/product_cat?post=4523"},{"taxonomy":"product_tag","embeddable":true,"href":"https:\/\/m-acryl.hu\/prestige\/wp-json\/wp\/v2\/product_tag?post=4523"}],"curies":[{"name":"wp","href":"https:\/\/api.w.org\/{rel}","templated":true}]}}