{"id":4353,"date":"2024-06-04T12:34:04","date_gmt":"2024-06-04T12:34:04","guid":{"rendered":"https:\/\/m-acryl.hu\/prestige\/?post_type=product&#038;p=4353"},"modified":"2026-04-08T08:30:23","modified_gmt":"2026-04-08T08:30:23","slug":"avalon-kulonleges-akril-kad","status":"publish","type":"product","link":"https:\/\/m-acryl.hu\/prestige\/termek\/avalon-kulonleges-akril-kad\/","title":{"rendered":"Avalon k\u00fcl\u00f6nleges akril k\u00e1d"},"content":{"rendered":"<p>Elegancia \u00e9s l\u00e1gy vonalvezet\u00e9s. Mer\u00fclj el a habokban \u00e9s lazulj el, ak\u00e1r kettesben is.<\/p>\n","protected":false},"excerpt":{"rendered":"<p>V\u00e1lassza az Avalon szabadon \u00e1ll\u00f3 akril k\u00e1dat f\u00fcrd\u0151szob\u00e1ja k\u00f6zponti elem\u00e9nek. A falra tolhat\u00f3 szabadon \u00e1ll\u00f3 k\u00e1d t\u00f6k\u00e9letes v\u00e1laszt\u00e1s azoknak, akik a st\u00edlust, a funkcionalit\u00e1st \u00e9s a k\u00e9nyelmet \u00f6tv\u00f6zni k\u00edv\u00e1nj\u00e1k. Az Avalon f\u00e9lszabadon \u00e1ll\u00f3 k\u00e1dat 160\u00d780-as \u00e9s 170\u00d780-as m\u00e9retekben k\u00e9rheti. K\u00f6z\u00e9plefoly\u00f3s kialak\u00edt\u00e1sa \u00e9s t\u00e1gas beltere mindk\u00e9t m\u00e9retben k\u00e9nyelmes 2 szem\u00e9ly sz\u00e1m\u00e1ra is. A f\u00fcrd\u0151k\u00e1d anyaga akril, ami nemcsak tart\u00f3s \u00e9s k\u00f6nnyen tiszt\u00edthat\u00f3, de a meleg v\u00edz h\u0151m\u00e9rs\u00e9klet\u00e9t is sok\u00e1ig meg\u0151rzi, \u00edgy \u00d6n hossz\u00fa ideig \u00e9lvezheti a pihentet\u0151 f\u00fcrd\u0151z\u00e9st. 3 sz\u00edn k\u00f6z\u00fcl v\u00e1laszthatja ki a f\u00fcrd\u0151szob\u00e1j\u00e1hoz legink\u00e1bb ill\u0151t (feh\u00e9r, f\u00e9nyes \u00e9s matt fekete el\u0151lap). Az Avalon eleg\u00e1ns vonalai \u00e9s modern megjelen\u00e9se szinte b\u00e1rmilyen f\u00fcrd\u0151szobai enteri\u0151rbe illeszkednek.<\/p>\n<p><strong>Az Avalon k\u00e1d f\u0151bb jellemz\u0151i:<\/strong><\/p>\n<ul>\n<li>Falra tolhat\u00f3 szabadon \u00e1ll\u00f3 k\u00e1d,<\/li>\n<li>Tart\u00f3s \u00e9s k\u00f6nnyen tiszt\u00edthat\u00f3 akril anyag,<\/li>\n<li>T\u00e1gas \u00e9s k\u00e9nyelmes kialak\u00edt\u00e1s,<\/li>\n<li>K\u00f6z\u00e9plefoly\u00f3s k\u00e1d, ami 2 szem\u00e9lyes haszn\u00e1lat\u00e1ra is alkalmas,<\/li>\n<li>Modern \u00e9s eleg\u00e1ns megjelen\u00e9s,<\/li>\n<li>15 \u00e9v garanci\u00e1val.<\/li>\n<\/ul>\n<p>Ismerje meg a M-Acryl Prestige f\u00fcrd\u0151k\u00e1dakat, \u00e9s v\u00e1lassza az Avalont a romantikus k\u00f6z\u00f6s f\u00fcrd\u0151z\u00e9sek helysz\u00edn\u00e9\u00fcl!<\/p>\n","protected":false},"featured_media":6045,"template":"","meta":[],"product_brand":[],"product_cat":[193,232,194,65,196,171,175,174,218],"product_tag":[52,53,198,54],"class_list":{"0":"post-4353","1":"product","2":"type-product","3":"status-publish","4":"has-post-thumbnail","6":"product_cat-15-ev-garancia","7":"product_cat-170-cm","8":"product_cat-2-szemelyes-kad","9":"product_cat-akril-kadak","10":"product_cat-antibakterialis-felulet","11":"product_cat-falhoz-rakhato-kadak","12":"product_cat-feher-kadak","13":"product_cat-matt-fekete-kadak","14":"product_cat-pakolhato-feluletu-kadak","15":"product_tag-15-ev-garancia","16":"product_tag-2-szemelyes-kad","17":"product_tag-akril","18":"product_tag-antibaterialis-felulet","20":"first","21":"instock","22":"sold-individually","23":"shipping-taxable","24":"purchasable","25":"product-type-variable","26":"has-default-attributes"},"yoast_head":"<!-- This site is optimized with the Yoast SEO plugin v27.2 - https:\/\/yoast.com\/product\/yoast-seo-wordpress\/ -->\n<title>Avalon k\u00fcl\u00f6nleges akril k\u00e1d - Prestige<\/title>\n<meta name=\"description\" content=\"Az Avalon szabadon \u00e1ll\u00f3 f\u00fcrd\u0151k\u00e1d letisztult \u00e9s eleg\u00e1ns, t\u00e1gas kialak\u00edt\u00e1sa pedig 2 szem\u00e9ly sz\u00e1m\u00e1ra k\u00e9nyelmes. N\u00e9zze meg az M-Acryl Prestige k\u00edn\u00e1lat\u00e1ban!\" \/>\n<meta name=\"robots\" content=\"index, follow, max-snippet:-1, max-image-preview:large, max-video-preview:-1\" \/>\n<link rel=\"canonical\" href=\"https:\/\/m-acryl.hu\/prestige\/termek\/avalon-kulonleges-akril-kad\/\" \/>\n<meta property=\"og:locale\" content=\"hu_HU\" \/>\n<meta property=\"og:type\" content=\"article\" \/>\n<meta property=\"og:title\" content=\"Avalon k\u00fcl\u00f6nleges akril k\u00e1d - Prestige\" \/>\n<meta property=\"og:description\" content=\"Az Avalon szabadon \u00e1ll\u00f3 f\u00fcrd\u0151k\u00e1d letisztult \u00e9s eleg\u00e1ns, t\u00e1gas kialak\u00edt\u00e1sa pedig 2 szem\u00e9ly sz\u00e1m\u00e1ra k\u00e9nyelmes. N\u00e9zze meg az M-Acryl Prestige k\u00edn\u00e1lat\u00e1ban!\" \/>\n<meta property=\"og:url\" content=\"https:\/\/m-acryl.hu\/prestige\/termek\/avalon-kulonleges-akril-kad\/\" \/>\n<meta property=\"og:site_name\" content=\"Prestige\" \/>\n<meta property=\"article:modified_time\" content=\"2026-04-08T08:30:23+00:00\" \/>\n<meta property=\"og:image\" content=\"https:\/\/m-acryl.hu\/prestige\/wp-content\/uploads\/2024\/08\/m-acryl-prestige-avalon-acryl-szabadon-allo-kad-feher-01.webp\" \/>\n\t<meta property=\"og:image:width\" content=\"1920\" \/>\n\t<meta property=\"og:image:height\" content=\"1320\" \/>\n\t<meta property=\"og:image:type\" content=\"image\/webp\" \/>\n<meta name=\"twitter:card\" content=\"summary_large_image\" \/>\n<meta name=\"twitter:label1\" content=\"Becs\u00fclt olvas\u00e1si id\u0151\" \/>\n\t<meta name=\"twitter:data1\" content=\"1 perc\" \/>\n<script type=\"application\/ld+json\" class=\"yoast-schema-graph\">{\"@context\":\"https:\/\/schema.org\",\"@graph\":[{\"@type\":\"WebPage\",\"@id\":\"https:\/\/m-acryl.hu\/prestige\/termek\/avalon-kulonleges-akril-kad\/\",\"url\":\"https:\/\/m-acryl.hu\/prestige\/termek\/avalon-kulonleges-akril-kad\/\",\"name\":\"Avalon k\u00fcl\u00f6nleges akril k\u00e1d - Prestige\",\"isPartOf\":{\"@id\":\"https:\/\/m-acryl.hu\/prestige\/#website\"},\"primaryImageOfPage\":{\"@id\":\"https:\/\/m-acryl.hu\/prestige\/termek\/avalon-kulonleges-akril-kad\/#primaryimage\"},\"image\":{\"@id\":\"https:\/\/m-acryl.hu\/prestige\/termek\/avalon-kulonleges-akril-kad\/#primaryimage\"},\"thumbnailUrl\":\"https:\/\/m-acryl.hu\/prestige\/wp-content\/uploads\/2024\/08\/m-acryl-prestige-avalon-acryl-szabadon-allo-kad-feher-01.webp\",\"datePublished\":\"2024-06-04T12:34:04+00:00\",\"dateModified\":\"2026-04-08T08:30:23+00:00\",\"description\":\"Az Avalon szabadon \u00e1ll\u00f3 f\u00fcrd\u0151k\u00e1d letisztult \u00e9s eleg\u00e1ns, t\u00e1gas kialak\u00edt\u00e1sa pedig 2 szem\u00e9ly sz\u00e1m\u00e1ra k\u00e9nyelmes. N\u00e9zze meg az M-Acryl Prestige k\u00edn\u00e1lat\u00e1ban!\",\"breadcrumb\":{\"@id\":\"https:\/\/m-acryl.hu\/prestige\/termek\/avalon-kulonleges-akril-kad\/#breadcrumb\"},\"inLanguage\":\"hu\",\"potentialAction\":[{\"@type\":\"ReadAction\",\"target\":[\"https:\/\/m-acryl.hu\/prestige\/termek\/avalon-kulonleges-akril-kad\/\"]}]},{\"@type\":\"ImageObject\",\"inLanguage\":\"hu\",\"@id\":\"https:\/\/m-acryl.hu\/prestige\/termek\/avalon-kulonleges-akril-kad\/#primaryimage\",\"url\":\"https:\/\/m-acryl.hu\/prestige\/wp-content\/uploads\/2024\/08\/m-acryl-prestige-avalon-acryl-szabadon-allo-kad-feher-01.webp\",\"contentUrl\":\"https:\/\/m-acryl.hu\/prestige\/wp-content\/uploads\/2024\/08\/m-acryl-prestige-avalon-acryl-szabadon-allo-kad-feher-01.webp\",\"width\":1920,\"height\":1320},{\"@type\":\"BreadcrumbList\",\"@id\":\"https:\/\/m-acryl.hu\/prestige\/termek\/avalon-kulonleges-akril-kad\/#breadcrumb\",\"itemListElement\":[{\"@type\":\"ListItem\",\"position\":1,\"name\":\"Kezd\u0151lap\",\"item\":\"https:\/\/m-acryl.hu\/prestige\/\"},{\"@type\":\"ListItem\",\"position\":2,\"name\":\"K\u00e1dak\",\"item\":\"https:\/\/m-acryl.hu\/prestige\/kadak\/\"},{\"@type\":\"ListItem\",\"position\":3,\"name\":\"Avalon k\u00fcl\u00f6nleges akril k\u00e1d\"}]},{\"@type\":\"WebSite\",\"@id\":\"https:\/\/m-acryl.hu\/prestige\/#website\",\"url\":\"https:\/\/m-acryl.hu\/prestige\/\",\"name\":\"Prestige\",\"description\":\"Kiemelt k\u00e9nyelem minden nap\",\"potentialAction\":[{\"@type\":\"SearchAction\",\"target\":{\"@type\":\"EntryPoint\",\"urlTemplate\":\"https:\/\/m-acryl.hu\/prestige\/?s={search_term_string}\"},\"query-input\":{\"@type\":\"PropertyValueSpecification\",\"valueRequired\":true,\"valueName\":\"search_term_string\"}}],\"inLanguage\":\"hu\"}]}<\/script>\n<!-- \/ Yoast SEO plugin. -->","yoast_head_json":{"title":"Avalon k\u00fcl\u00f6nleges akril k\u00e1d - Prestige","description":"Az Avalon szabadon \u00e1ll\u00f3 f\u00fcrd\u0151k\u00e1d letisztult \u00e9s eleg\u00e1ns, t\u00e1gas kialak\u00edt\u00e1sa pedig 2 szem\u00e9ly sz\u00e1m\u00e1ra k\u00e9nyelmes. N\u00e9zze meg az M-Acryl Prestige k\u00edn\u00e1lat\u00e1ban!","robots":{"index":"index","follow":"follow","max-snippet":"max-snippet:-1","max-image-preview":"max-image-preview:large","max-video-preview":"max-video-preview:-1"},"canonical":"https:\/\/m-acryl.hu\/prestige\/termek\/avalon-kulonleges-akril-kad\/","og_locale":"hu_HU","og_type":"article","og_title":"Avalon k\u00fcl\u00f6nleges akril k\u00e1d - Prestige","og_description":"Az Avalon szabadon \u00e1ll\u00f3 f\u00fcrd\u0151k\u00e1d letisztult \u00e9s eleg\u00e1ns, t\u00e1gas kialak\u00edt\u00e1sa pedig 2 szem\u00e9ly sz\u00e1m\u00e1ra k\u00e9nyelmes. N\u00e9zze meg az M-Acryl Prestige k\u00edn\u00e1lat\u00e1ban!","og_url":"https:\/\/m-acryl.hu\/prestige\/termek\/avalon-kulonleges-akril-kad\/","og_site_name":"Prestige","article_modified_time":"2026-04-08T08:30:23+00:00","og_image":[{"width":1920,"height":1320,"url":"https:\/\/m-acryl.hu\/prestige\/wp-content\/uploads\/2024\/08\/m-acryl-prestige-avalon-acryl-szabadon-allo-kad-feher-01.webp","type":"image\/webp"}],"twitter_card":"summary_large_image","twitter_misc":{"Becs\u00fclt olvas\u00e1si id\u0151":"1 perc"},"schema":{"@context":"https:\/\/schema.org","@graph":[{"@type":"WebPage","@id":"https:\/\/m-acryl.hu\/prestige\/termek\/avalon-kulonleges-akril-kad\/","url":"https:\/\/m-acryl.hu\/prestige\/termek\/avalon-kulonleges-akril-kad\/","name":"Avalon k\u00fcl\u00f6nleges akril k\u00e1d - Prestige","isPartOf":{"@id":"https:\/\/m-acryl.hu\/prestige\/#website"},"primaryImageOfPage":{"@id":"https:\/\/m-acryl.hu\/prestige\/termek\/avalon-kulonleges-akril-kad\/#primaryimage"},"image":{"@id":"https:\/\/m-acryl.hu\/prestige\/termek\/avalon-kulonleges-akril-kad\/#primaryimage"},"thumbnailUrl":"https:\/\/m-acryl.hu\/prestige\/wp-content\/uploads\/2024\/08\/m-acryl-prestige-avalon-acryl-szabadon-allo-kad-feher-01.webp","datePublished":"2024-06-04T12:34:04+00:00","dateModified":"2026-04-08T08:30:23+00:00","description":"Az Avalon szabadon \u00e1ll\u00f3 f\u00fcrd\u0151k\u00e1d letisztult \u00e9s eleg\u00e1ns, t\u00e1gas kialak\u00edt\u00e1sa pedig 2 szem\u00e9ly sz\u00e1m\u00e1ra k\u00e9nyelmes. N\u00e9zze meg az M-Acryl Prestige k\u00edn\u00e1lat\u00e1ban!","breadcrumb":{"@id":"https:\/\/m-acryl.hu\/prestige\/termek\/avalon-kulonleges-akril-kad\/#breadcrumb"},"inLanguage":"hu","potentialAction":[{"@type":"ReadAction","target":["https:\/\/m-acryl.hu\/prestige\/termek\/avalon-kulonleges-akril-kad\/"]}]},{"@type":"ImageObject","inLanguage":"hu","@id":"https:\/\/m-acryl.hu\/prestige\/termek\/avalon-kulonleges-akril-kad\/#primaryimage","url":"https:\/\/m-acryl.hu\/prestige\/wp-content\/uploads\/2024\/08\/m-acryl-prestige-avalon-acryl-szabadon-allo-kad-feher-01.webp","contentUrl":"https:\/\/m-acryl.hu\/prestige\/wp-content\/uploads\/2024\/08\/m-acryl-prestige-avalon-acryl-szabadon-allo-kad-feher-01.webp","width":1920,"height":1320},{"@type":"BreadcrumbList","@id":"https:\/\/m-acryl.hu\/prestige\/termek\/avalon-kulonleges-akril-kad\/#breadcrumb","itemListElement":[{"@type":"ListItem","position":1,"name":"Kezd\u0151lap","item":"https:\/\/m-acryl.hu\/prestige\/"},{"@type":"ListItem","position":2,"name":"K\u00e1dak","item":"https:\/\/m-acryl.hu\/prestige\/kadak\/"},{"@type":"ListItem","position":3,"name":"Avalon k\u00fcl\u00f6nleges akril k\u00e1d"}]},{"@type":"WebSite","@id":"https:\/\/m-acryl.hu\/prestige\/#website","url":"https:\/\/m-acryl.hu\/prestige\/","name":"Prestige","description":"Kiemelt k\u00e9nyelem minden nap","potentialAction":[{"@type":"SearchAction","target":{"@type":"EntryPoint","urlTemplate":"https:\/\/m-acryl.hu\/prestige\/?s={search_term_string}"},"query-input":{"@type":"PropertyValueSpecification","valueRequired":true,"valueName":"search_term_string"}}],"inLanguage":"hu"}]}},"_links":{"self":[{"href":"https:\/\/m-acryl.hu\/prestige\/wp-json\/wp\/v2\/product\/4353","targetHints":{"allow":["GET"]}}],"collection":[{"href":"https:\/\/m-acryl.hu\/prestige\/wp-json\/wp\/v2\/product"}],"about":[{"href":"https:\/\/m-acryl.hu\/prestige\/wp-json\/wp\/v2\/types\/product"}],"wp:featuredmedia":[{"embeddable":true,"href":"https:\/\/m-acryl.hu\/prestige\/wp-json\/wp\/v2\/media\/6045"}],"wp:attachment":[{"href":"https:\/\/m-acryl.hu\/prestige\/wp-json\/wp\/v2\/media?parent=4353"}],"wp:term":[{"taxonomy":"product_brand","embeddable":true,"href":"https:\/\/m-acryl.hu\/prestige\/wp-json\/wp\/v2\/product_brand?post=4353"},{"taxonomy":"product_cat","embeddable":true,"href":"https:\/\/m-acryl.hu\/prestige\/wp-json\/wp\/v2\/product_cat?post=4353"},{"taxonomy":"product_tag","embeddable":true,"href":"https:\/\/m-acryl.hu\/prestige\/wp-json\/wp\/v2\/product_tag?post=4353"}],"curies":[{"name":"wp","href":"https:\/\/api.w.org\/{rel}","templated":true}]}}