{"id":4350,"date":"2024-06-04T12:33:43","date_gmt":"2024-06-04T12:33:43","guid":{"rendered":"https:\/\/m-acryl.hu\/prestige\/?post_type=product&#038;p=4350"},"modified":"2026-04-08T08:36:48","modified_gmt":"2026-04-08T08:36:48","slug":"zen-szabadon-allo-akril-kad","status":"publish","type":"product","link":"https:\/\/m-acryl.hu\/prestige\/termek\/zen-szabadon-allo-akril-kad\/","title":{"rendered":"Zen szabadon \u00e1ll\u00f3 akril k\u00e1d"},"content":{"rendered":"<p class=\"p1\">Helyet ad a gondtalan fu\u0308rd\u0151z\u00e9snek, k\u00e9nyelmet az embernek \u00e9s helyet a kozmetikumoknak.<\/p>\n","protected":false},"excerpt":{"rendered":"<p>A Zen szabadon \u00e1ll\u00f3 k\u00e1d visszafogott \u00e9s gy\u00f6ny\u00f6r\u0171. Titka a k\u00fcl\u00f6nleges cseppform\u00e1j\u00fa kialak\u00edt\u00e1s, ami nemcsak eszt\u00e9tikus, de rendk\u00edv\u00fcl k\u00e9nyelmes is. Formavil\u00e1ga modern eleganci\u00e1t \u00e9s kiv\u00e1l\u00f3 funkcionalit\u00e1st visz a f\u00fcrd\u0151szob\u00e1j\u00e1ba. K\u00fcl\u00f6n\u00f6sen szeretni fogja, hogy t\u00e9rben \u00e1ll\u00f3 k\u00e1dt\u00f3l szokatlan m\u00f3don praktikus pakol\u00f3fel\u00fclettel is rendelkezik. Feh\u00e9r, f\u00e9nyes, illetve matt fekete sz\u00ednekben el\u00e9rhet\u0151, mindh\u00e1rom j\u00f3l kombin\u00e1lhat\u00f3 a k\u00fcl\u00f6nb\u00f6z\u0151 f\u00fcrd\u0151szobai st\u00edlusokhoz.<\/p>\n<p><strong>A Zen szabadon \u00e1ll\u00f3 f\u00fcrd\u0151k\u00e1d f\u0151bb tulajdons\u00e1gai:<\/strong><\/p>\n<ul>\n<li>165&#215;75 cm-es \u00e1ll\u00f3 k\u00e1d,<\/li>\n<li>Diz\u00e1jnos csepp alak\u00fa kialak\u00edt\u00e1s,<\/li>\n<li>F\u00e9nyes feh\u00e9r, f\u00e9nyes fekete, matt fekete sz\u00ednvari\u00e1ci\u00f3k,<\/li>\n<li>K\u00f6nnyen takar\u00edthat\u00f3 selyem tapint\u00e1s\u00fa akril fel\u00fclet,<\/li>\n<li>15 \u00e9v term\u00e9kgarancia.<\/li>\n<\/ul>\n<p>Ha letisztult \u00e9s modern szabadon \u00e1ll\u00f3 k\u00e1dat keres, \u00e9s kedveli a praktikus extr\u00e1kat, akkor a Zen k\u00e1d tetszeni fog \u00d6nnek!<\/p>\n","protected":false},"featured_media":6128,"template":"","meta":[],"product_brand":[],"product_cat":[193,194,65,196,175,174,218,173],"product_tag":[52,53,198,54],"class_list":{"0":"post-4350","1":"product","2":"type-product","3":"status-publish","4":"has-post-thumbnail","6":"product_cat-15-ev-garancia","7":"product_cat-2-szemelyes-kad","8":"product_cat-akril-kadak","9":"product_cat-antibakterialis-felulet","10":"product_cat-feher-kadak","11":"product_cat-matt-fekete-kadak","12":"product_cat-pakolhato-feluletu-kadak","13":"product_cat-terben-elhelyezheto-kadak","14":"product_tag-15-ev-garancia","15":"product_tag-2-szemelyes-kad","16":"product_tag-akril","17":"product_tag-antibaterialis-felulet","19":"first","20":"instock","21":"sold-individually","22":"shipping-taxable","23":"purchasable","24":"product-type-variable","25":"has-default-attributes"},"yoast_head":"<!-- This site is optimized with the Yoast SEO plugin v27.2 - https:\/\/yoast.com\/product\/yoast-seo-wordpress\/ -->\n<title>Zen szabadon \u00e1ll\u00f3 akril k\u00e1d - Prestige<\/title>\n<meta name=\"description\" content=\"A Zen szabadon \u00e1ll\u00f3 k\u00e1d t\u00e1gas \u00e9s eleg\u00e1ns f\u00fcrd\u0151szob\u00e1kba k\u00edv\u00e1nkozik. K\u00e9nyelmes \u00e9s praktikus kialak\u00edt\u00e1s, mely sokf\u00e9le st\u00edlussal j\u00f3l kombin\u00e1lhat\u00f3.\" \/>\n<meta name=\"robots\" content=\"index, follow, max-snippet:-1, max-image-preview:large, max-video-preview:-1\" \/>\n<link rel=\"canonical\" href=\"https:\/\/m-acryl.hu\/prestige\/termek\/zen-szabadon-allo-akril-kad\/\" \/>\n<meta property=\"og:locale\" content=\"hu_HU\" \/>\n<meta property=\"og:type\" content=\"article\" \/>\n<meta property=\"og:title\" content=\"Zen szabadon \u00e1ll\u00f3 akril k\u00e1d - Prestige\" \/>\n<meta property=\"og:description\" content=\"A Zen szabadon \u00e1ll\u00f3 k\u00e1d t\u00e1gas \u00e9s eleg\u00e1ns f\u00fcrd\u0151szob\u00e1kba k\u00edv\u00e1nkozik. K\u00e9nyelmes \u00e9s praktikus kialak\u00edt\u00e1s, mely sokf\u00e9le st\u00edlussal j\u00f3l kombin\u00e1lhat\u00f3.\" \/>\n<meta property=\"og:url\" content=\"https:\/\/m-acryl.hu\/prestige\/termek\/zen-szabadon-allo-akril-kad\/\" \/>\n<meta property=\"og:site_name\" content=\"Prestige\" \/>\n<meta property=\"article:modified_time\" content=\"2026-04-08T08:36:48+00:00\" \/>\n<meta property=\"og:image\" content=\"https:\/\/m-acryl.hu\/prestige\/wp-content\/uploads\/2024\/09\/m-acryl-prestige-zen-acryl-szabadon-allo-kad-feher-02.webp\" \/>\n\t<meta property=\"og:image:width\" content=\"1920\" \/>\n\t<meta property=\"og:image:height\" content=\"1200\" \/>\n\t<meta property=\"og:image:type\" content=\"image\/webp\" \/>\n<meta name=\"twitter:card\" content=\"summary_large_image\" \/>\n<meta name=\"twitter:label1\" content=\"Becs\u00fclt olvas\u00e1si id\u0151\" \/>\n\t<meta name=\"twitter:data1\" content=\"1 perc\" \/>\n<script type=\"application\/ld+json\" class=\"yoast-schema-graph\">{\"@context\":\"https:\/\/schema.org\",\"@graph\":[{\"@type\":\"WebPage\",\"@id\":\"https:\/\/m-acryl.hu\/prestige\/termek\/zen-szabadon-allo-akril-kad\/\",\"url\":\"https:\/\/m-acryl.hu\/prestige\/termek\/zen-szabadon-allo-akril-kad\/\",\"name\":\"Zen szabadon \u00e1ll\u00f3 akril k\u00e1d - Prestige\",\"isPartOf\":{\"@id\":\"https:\/\/m-acryl.hu\/prestige\/#website\"},\"primaryImageOfPage\":{\"@id\":\"https:\/\/m-acryl.hu\/prestige\/termek\/zen-szabadon-allo-akril-kad\/#primaryimage\"},\"image\":{\"@id\":\"https:\/\/m-acryl.hu\/prestige\/termek\/zen-szabadon-allo-akril-kad\/#primaryimage\"},\"thumbnailUrl\":\"https:\/\/m-acryl.hu\/prestige\/wp-content\/uploads\/2024\/09\/m-acryl-prestige-zen-acryl-szabadon-allo-kad-feher-02.webp\",\"datePublished\":\"2024-06-04T12:33:43+00:00\",\"dateModified\":\"2026-04-08T08:36:48+00:00\",\"description\":\"A Zen szabadon \u00e1ll\u00f3 k\u00e1d t\u00e1gas \u00e9s eleg\u00e1ns f\u00fcrd\u0151szob\u00e1kba k\u00edv\u00e1nkozik. K\u00e9nyelmes \u00e9s praktikus kialak\u00edt\u00e1s, mely sokf\u00e9le st\u00edlussal j\u00f3l kombin\u00e1lhat\u00f3.\",\"breadcrumb\":{\"@id\":\"https:\/\/m-acryl.hu\/prestige\/termek\/zen-szabadon-allo-akril-kad\/#breadcrumb\"},\"inLanguage\":\"hu\",\"potentialAction\":[{\"@type\":\"ReadAction\",\"target\":[\"https:\/\/m-acryl.hu\/prestige\/termek\/zen-szabadon-allo-akril-kad\/\"]}]},{\"@type\":\"ImageObject\",\"inLanguage\":\"hu\",\"@id\":\"https:\/\/m-acryl.hu\/prestige\/termek\/zen-szabadon-allo-akril-kad\/#primaryimage\",\"url\":\"https:\/\/m-acryl.hu\/prestige\/wp-content\/uploads\/2024\/09\/m-acryl-prestige-zen-acryl-szabadon-allo-kad-feher-02.webp\",\"contentUrl\":\"https:\/\/m-acryl.hu\/prestige\/wp-content\/uploads\/2024\/09\/m-acryl-prestige-zen-acryl-szabadon-allo-kad-feher-02.webp\",\"width\":1920,\"height\":1200},{\"@type\":\"BreadcrumbList\",\"@id\":\"https:\/\/m-acryl.hu\/prestige\/termek\/zen-szabadon-allo-akril-kad\/#breadcrumb\",\"itemListElement\":[{\"@type\":\"ListItem\",\"position\":1,\"name\":\"Kezd\u0151lap\",\"item\":\"https:\/\/m-acryl.hu\/prestige\/\"},{\"@type\":\"ListItem\",\"position\":2,\"name\":\"K\u00e1dak\",\"item\":\"https:\/\/m-acryl.hu\/prestige\/kadak\/\"},{\"@type\":\"ListItem\",\"position\":3,\"name\":\"Zen szabadon \u00e1ll\u00f3 akril k\u00e1d\"}]},{\"@type\":\"WebSite\",\"@id\":\"https:\/\/m-acryl.hu\/prestige\/#website\",\"url\":\"https:\/\/m-acryl.hu\/prestige\/\",\"name\":\"Prestige\",\"description\":\"Kiemelt k\u00e9nyelem minden nap\",\"potentialAction\":[{\"@type\":\"SearchAction\",\"target\":{\"@type\":\"EntryPoint\",\"urlTemplate\":\"https:\/\/m-acryl.hu\/prestige\/?s={search_term_string}\"},\"query-input\":{\"@type\":\"PropertyValueSpecification\",\"valueRequired\":true,\"valueName\":\"search_term_string\"}}],\"inLanguage\":\"hu\"}]}<\/script>\n<!-- \/ Yoast SEO plugin. -->","yoast_head_json":{"title":"Zen szabadon \u00e1ll\u00f3 akril k\u00e1d - Prestige","description":"A Zen szabadon \u00e1ll\u00f3 k\u00e1d t\u00e1gas \u00e9s eleg\u00e1ns f\u00fcrd\u0151szob\u00e1kba k\u00edv\u00e1nkozik. K\u00e9nyelmes \u00e9s praktikus kialak\u00edt\u00e1s, mely sokf\u00e9le st\u00edlussal j\u00f3l kombin\u00e1lhat\u00f3.","robots":{"index":"index","follow":"follow","max-snippet":"max-snippet:-1","max-image-preview":"max-image-preview:large","max-video-preview":"max-video-preview:-1"},"canonical":"https:\/\/m-acryl.hu\/prestige\/termek\/zen-szabadon-allo-akril-kad\/","og_locale":"hu_HU","og_type":"article","og_title":"Zen szabadon \u00e1ll\u00f3 akril k\u00e1d - Prestige","og_description":"A Zen szabadon \u00e1ll\u00f3 k\u00e1d t\u00e1gas \u00e9s eleg\u00e1ns f\u00fcrd\u0151szob\u00e1kba k\u00edv\u00e1nkozik. K\u00e9nyelmes \u00e9s praktikus kialak\u00edt\u00e1s, mely sokf\u00e9le st\u00edlussal j\u00f3l kombin\u00e1lhat\u00f3.","og_url":"https:\/\/m-acryl.hu\/prestige\/termek\/zen-szabadon-allo-akril-kad\/","og_site_name":"Prestige","article_modified_time":"2026-04-08T08:36:48+00:00","og_image":[{"width":1920,"height":1200,"url":"https:\/\/m-acryl.hu\/prestige\/wp-content\/uploads\/2024\/09\/m-acryl-prestige-zen-acryl-szabadon-allo-kad-feher-02.webp","type":"image\/webp"}],"twitter_card":"summary_large_image","twitter_misc":{"Becs\u00fclt olvas\u00e1si id\u0151":"1 perc"},"schema":{"@context":"https:\/\/schema.org","@graph":[{"@type":"WebPage","@id":"https:\/\/m-acryl.hu\/prestige\/termek\/zen-szabadon-allo-akril-kad\/","url":"https:\/\/m-acryl.hu\/prestige\/termek\/zen-szabadon-allo-akril-kad\/","name":"Zen szabadon \u00e1ll\u00f3 akril k\u00e1d - Prestige","isPartOf":{"@id":"https:\/\/m-acryl.hu\/prestige\/#website"},"primaryImageOfPage":{"@id":"https:\/\/m-acryl.hu\/prestige\/termek\/zen-szabadon-allo-akril-kad\/#primaryimage"},"image":{"@id":"https:\/\/m-acryl.hu\/prestige\/termek\/zen-szabadon-allo-akril-kad\/#primaryimage"},"thumbnailUrl":"https:\/\/m-acryl.hu\/prestige\/wp-content\/uploads\/2024\/09\/m-acryl-prestige-zen-acryl-szabadon-allo-kad-feher-02.webp","datePublished":"2024-06-04T12:33:43+00:00","dateModified":"2026-04-08T08:36:48+00:00","description":"A Zen szabadon \u00e1ll\u00f3 k\u00e1d t\u00e1gas \u00e9s eleg\u00e1ns f\u00fcrd\u0151szob\u00e1kba k\u00edv\u00e1nkozik. K\u00e9nyelmes \u00e9s praktikus kialak\u00edt\u00e1s, mely sokf\u00e9le st\u00edlussal j\u00f3l kombin\u00e1lhat\u00f3.","breadcrumb":{"@id":"https:\/\/m-acryl.hu\/prestige\/termek\/zen-szabadon-allo-akril-kad\/#breadcrumb"},"inLanguage":"hu","potentialAction":[{"@type":"ReadAction","target":["https:\/\/m-acryl.hu\/prestige\/termek\/zen-szabadon-allo-akril-kad\/"]}]},{"@type":"ImageObject","inLanguage":"hu","@id":"https:\/\/m-acryl.hu\/prestige\/termek\/zen-szabadon-allo-akril-kad\/#primaryimage","url":"https:\/\/m-acryl.hu\/prestige\/wp-content\/uploads\/2024\/09\/m-acryl-prestige-zen-acryl-szabadon-allo-kad-feher-02.webp","contentUrl":"https:\/\/m-acryl.hu\/prestige\/wp-content\/uploads\/2024\/09\/m-acryl-prestige-zen-acryl-szabadon-allo-kad-feher-02.webp","width":1920,"height":1200},{"@type":"BreadcrumbList","@id":"https:\/\/m-acryl.hu\/prestige\/termek\/zen-szabadon-allo-akril-kad\/#breadcrumb","itemListElement":[{"@type":"ListItem","position":1,"name":"Kezd\u0151lap","item":"https:\/\/m-acryl.hu\/prestige\/"},{"@type":"ListItem","position":2,"name":"K\u00e1dak","item":"https:\/\/m-acryl.hu\/prestige\/kadak\/"},{"@type":"ListItem","position":3,"name":"Zen szabadon \u00e1ll\u00f3 akril k\u00e1d"}]},{"@type":"WebSite","@id":"https:\/\/m-acryl.hu\/prestige\/#website","url":"https:\/\/m-acryl.hu\/prestige\/","name":"Prestige","description":"Kiemelt k\u00e9nyelem minden nap","potentialAction":[{"@type":"SearchAction","target":{"@type":"EntryPoint","urlTemplate":"https:\/\/m-acryl.hu\/prestige\/?s={search_term_string}"},"query-input":{"@type":"PropertyValueSpecification","valueRequired":true,"valueName":"search_term_string"}}],"inLanguage":"hu"}]}},"_links":{"self":[{"href":"https:\/\/m-acryl.hu\/prestige\/wp-json\/wp\/v2\/product\/4350","targetHints":{"allow":["GET"]}}],"collection":[{"href":"https:\/\/m-acryl.hu\/prestige\/wp-json\/wp\/v2\/product"}],"about":[{"href":"https:\/\/m-acryl.hu\/prestige\/wp-json\/wp\/v2\/types\/product"}],"wp:featuredmedia":[{"embeddable":true,"href":"https:\/\/m-acryl.hu\/prestige\/wp-json\/wp\/v2\/media\/6128"}],"wp:attachment":[{"href":"https:\/\/m-acryl.hu\/prestige\/wp-json\/wp\/v2\/media?parent=4350"}],"wp:term":[{"taxonomy":"product_brand","embeddable":true,"href":"https:\/\/m-acryl.hu\/prestige\/wp-json\/wp\/v2\/product_brand?post=4350"},{"taxonomy":"product_cat","embeddable":true,"href":"https:\/\/m-acryl.hu\/prestige\/wp-json\/wp\/v2\/product_cat?post=4350"},{"taxonomy":"product_tag","embeddable":true,"href":"https:\/\/m-acryl.hu\/prestige\/wp-json\/wp\/v2\/product_tag?post=4350"}],"curies":[{"name":"wp","href":"https:\/\/api.w.org\/{rel}","templated":true}]}}