{"id":4347,"date":"2024-06-04T12:32:15","date_gmt":"2024-06-04T12:32:15","guid":{"rendered":"https:\/\/m-acryl.hu\/prestige\/?post_type=product&#038;p=4347"},"modified":"2026-04-08T08:26:33","modified_gmt":"2026-04-08T08:26:33","slug":"paradise-szabadon-allo-akril-kad","status":"publish","type":"product","link":"https:\/\/m-acryl.hu\/prestige\/termek\/paradise-szabadon-allo-akril-kad\/","title":{"rendered":"Paradise szabadon \u00e1ll\u00f3 akril k\u00e1d"},"content":{"rendered":"<p class=\"p1\">A k\u00e1dban olvas\u00f3k kedvence! Ahogy k\u00f6rbe\u00f6lel olyan otthonos \u00e9s szerethet\u0151 a form\u00e1ja, r\u00e1ad\u00e1sul egy modern fu\u0308rd\u0151ben is meg\u00e1llja a hely\u00e9t.<\/p>\n","protected":false},"excerpt":{"rendered":"<p>Vannak olyan f\u00fcrd\u0151szob\u00e1k, amik megk\u00f6vetelik a figyelmet. Egy t\u00e1gas, eleg\u00e1ns f\u00fcrd\u0151szoba, amibe impoz\u00e1ns m\u00e9ret\u0171 f\u00fcrd\u0151k\u00e1d k\u00edv\u00e1nkozik. A Paradise mind m\u00e9ret\u00e9vel (180&#215;80 k\u00e1d), mind k\u00fcl\u00f6nleges cseppform\u00e1j\u00e1val mag\u00e1ra vonzza a tekinteteket. Letisztult kialak\u00edt\u00e1sa t\u00f6k\u00e9letes v\u00e1laszt\u00e1s mind a modern, mind a hagyom\u00e1nyos lakberendez\u00e9si st\u00edlust kedvel\u0151k sz\u00e1m\u00e1ra. V\u00e1ltoz\u00f3 peremmagass\u00e1ga pedig izgalmasan dinamikuss\u00e1 teszi a szabadon \u00e1ll\u00f3 k\u00e1d form\u00e1j\u00e1t. (Ha Airbnb-be, panzi\u00f3ba, vagy kiadand\u00f3 nyaral\u00f3ba veszi, ez is nyom\u00f3s \u00e9rv, hiszen hozz\u00e1j\u00e1rul \u201cwow \u00e9lm\u00e9nyhez&#8221;, amivel az 5 csillagot megszerezheti). A magas\u00edt\u00e1snak funkci\u00f3ja is van: j\u00f3l t\u00e1masztja a fejet. Ez a t\u00e9rben \u00e1ll\u00f3 k\u00e1d szinte k\u00edv\u00e1nja a hossz\u00fa f\u00fcrd\u0151ket, olvas\u00e1st \u00e9s f\u00fcrd\u0151szobai relax\u00e1l\u00e1st. 3 sz\u00ednben k\u00e9rheti.<\/p>\n<p><strong>A Paradise szabadon \u00e1ll\u00f3 k\u00e1d f\u0151bb tulajdons\u00e1gai:<\/strong><\/p>\n<ul>\n<li>modern design k\u00e1d: k\u00fcl\u00f6nleges cseppforma,<\/li>\n<li>180&#215;80 k\u00e1d az \u00d6n extra k\u00e9nyelm\u00e9\u00e9rt,<\/li>\n<li>f\u00e9nyes feh\u00e9r, f\u00e9nyes \u00e9s matt fekete sz\u00ednvari\u00e1ci\u00f3kban megv\u00e1s\u00e1rolhat\u00f3,<\/li>\n<li>anyaga tart\u00f3s \u00e9s k\u00f6nnyen tiszt\u00e1n tarthat\u00f3 \u00f6nt\u00f6tt akril,<\/li>\n<li>tart\u00f3s kialak\u00edt\u00e1s, 15 \u00e9v garanci\u00e1val.<\/li>\n<\/ul>\n<p>J\u00f6het b\u00e1rmilyen f\u00fcrd\u0151szoba trend, a szabadon \u00e1ll\u00f3 k\u00e1dak k\u00f6z\u00f6tt is k\u00fcl\u00f6nlegesnek sz\u00e1m\u00edt\u00f3 Paradise f\u00fcrd\u0151k\u00e1d birtok\u00e1ban nem lesz mi\u00e9rt sz\u00e9gyenkeznie!<\/p>\n","protected":false},"featured_media":5405,"template":"","meta":[],"product_brand":[],"product_cat":[193,65,196,175,174,173],"product_tag":[52,198,54],"class_list":{"0":"post-4347","1":"product","2":"type-product","3":"status-publish","4":"has-post-thumbnail","6":"product_cat-15-ev-garancia","7":"product_cat-akril-kadak","8":"product_cat-antibakterialis-felulet","9":"product_cat-feher-kadak","10":"product_cat-matt-fekete-kadak","11":"product_cat-terben-elhelyezheto-kadak","12":"product_tag-15-ev-garancia","13":"product_tag-akril","14":"product_tag-antibaterialis-felulet","16":"first","17":"instock","18":"sold-individually","19":"shipping-taxable","20":"purchasable","21":"product-type-variable","22":"has-default-attributes"},"yoast_head":"<!-- This site is optimized with the Yoast SEO plugin v27.2 - https:\/\/yoast.com\/product\/yoast-seo-wordpress\/ -->\n<title>Paradise szabadon \u00e1ll\u00f3 akril k\u00e1d - Prestige<\/title>\n<meta name=\"description\" content=\"Paradise szabadon \u00e1ll\u00f3 k\u00e1d letisztult kialak\u00edt\u00e1sa t\u00f6k\u00e9letes v\u00e1laszt\u00e1s mind a modern, mind a hagyom\u00e1nyos lakberendez\u00e9si st\u00edlust kedvel\u0151k sz\u00e1m\u00e1ra. N\u00e9zze meg!\" \/>\n<meta name=\"robots\" content=\"index, follow, max-snippet:-1, max-image-preview:large, max-video-preview:-1\" \/>\n<link rel=\"canonical\" href=\"https:\/\/m-acryl.hu\/prestige\/termek\/paradise-szabadon-allo-akril-kad\/\" \/>\n<meta property=\"og:locale\" content=\"hu_HU\" \/>\n<meta property=\"og:type\" content=\"article\" \/>\n<meta property=\"og:title\" content=\"Paradise szabadon \u00e1ll\u00f3 akril k\u00e1d - Prestige\" \/>\n<meta property=\"og:description\" content=\"Paradise szabadon \u00e1ll\u00f3 k\u00e1d letisztult kialak\u00edt\u00e1sa t\u00f6k\u00e9letes v\u00e1laszt\u00e1s mind a modern, mind a hagyom\u00e1nyos lakberendez\u00e9si st\u00edlust kedvel\u0151k sz\u00e1m\u00e1ra. N\u00e9zze meg!\" \/>\n<meta property=\"og:url\" content=\"https:\/\/m-acryl.hu\/prestige\/termek\/paradise-szabadon-allo-akril-kad\/\" \/>\n<meta property=\"og:site_name\" content=\"Prestige\" \/>\n<meta property=\"article:modified_time\" content=\"2026-04-08T08:26:33+00:00\" \/>\n<meta property=\"og:image\" content=\"https:\/\/m-acryl.hu\/prestige\/wp-content\/uploads\/2024\/07\/m-acryl-prestige-paradise-acryl-szabadon-allo-kad-feher-01.webp\" \/>\n\t<meta property=\"og:image:width\" content=\"1920\" \/>\n\t<meta property=\"og:image:height\" content=\"1200\" \/>\n\t<meta property=\"og:image:type\" content=\"image\/webp\" \/>\n<meta name=\"twitter:card\" content=\"summary_large_image\" \/>\n<meta name=\"twitter:label1\" content=\"Becs\u00fclt olvas\u00e1si id\u0151\" \/>\n\t<meta name=\"twitter:data1\" content=\"1 perc\" \/>\n<script type=\"application\/ld+json\" class=\"yoast-schema-graph\">{\"@context\":\"https:\/\/schema.org\",\"@graph\":[{\"@type\":\"WebPage\",\"@id\":\"https:\/\/m-acryl.hu\/prestige\/termek\/paradise-szabadon-allo-akril-kad\/\",\"url\":\"https:\/\/m-acryl.hu\/prestige\/termek\/paradise-szabadon-allo-akril-kad\/\",\"name\":\"Paradise szabadon \u00e1ll\u00f3 akril k\u00e1d - Prestige\",\"isPartOf\":{\"@id\":\"https:\/\/m-acryl.hu\/prestige\/#website\"},\"primaryImageOfPage\":{\"@id\":\"https:\/\/m-acryl.hu\/prestige\/termek\/paradise-szabadon-allo-akril-kad\/#primaryimage\"},\"image\":{\"@id\":\"https:\/\/m-acryl.hu\/prestige\/termek\/paradise-szabadon-allo-akril-kad\/#primaryimage\"},\"thumbnailUrl\":\"https:\/\/m-acryl.hu\/prestige\/wp-content\/uploads\/2024\/07\/m-acryl-prestige-paradise-acryl-szabadon-allo-kad-feher-01.webp\",\"datePublished\":\"2024-06-04T12:32:15+00:00\",\"dateModified\":\"2026-04-08T08:26:33+00:00\",\"description\":\"Paradise szabadon \u00e1ll\u00f3 k\u00e1d letisztult kialak\u00edt\u00e1sa t\u00f6k\u00e9letes v\u00e1laszt\u00e1s mind a modern, mind a hagyom\u00e1nyos lakberendez\u00e9si st\u00edlust kedvel\u0151k sz\u00e1m\u00e1ra. N\u00e9zze meg!\",\"breadcrumb\":{\"@id\":\"https:\/\/m-acryl.hu\/prestige\/termek\/paradise-szabadon-allo-akril-kad\/#breadcrumb\"},\"inLanguage\":\"hu\",\"potentialAction\":[{\"@type\":\"ReadAction\",\"target\":[\"https:\/\/m-acryl.hu\/prestige\/termek\/paradise-szabadon-allo-akril-kad\/\"]}]},{\"@type\":\"ImageObject\",\"inLanguage\":\"hu\",\"@id\":\"https:\/\/m-acryl.hu\/prestige\/termek\/paradise-szabadon-allo-akril-kad\/#primaryimage\",\"url\":\"https:\/\/m-acryl.hu\/prestige\/wp-content\/uploads\/2024\/07\/m-acryl-prestige-paradise-acryl-szabadon-allo-kad-feher-01.webp\",\"contentUrl\":\"https:\/\/m-acryl.hu\/prestige\/wp-content\/uploads\/2024\/07\/m-acryl-prestige-paradise-acryl-szabadon-allo-kad-feher-01.webp\",\"width\":1920,\"height\":1200,\"caption\":\"M-Acryl Prestige k\u00e1d, Paradise szabadon \u00e1ll\u00f3 k\u00e1d, modern f\u00fcrd\u0151k\u00e1d, modern f\u00fcrd\u0151k\u00e1d, luxus k\u00e1d, luxus f\u00fcrd\u0151szoba\"},{\"@type\":\"BreadcrumbList\",\"@id\":\"https:\/\/m-acryl.hu\/prestige\/termek\/paradise-szabadon-allo-akril-kad\/#breadcrumb\",\"itemListElement\":[{\"@type\":\"ListItem\",\"position\":1,\"name\":\"Kezd\u0151lap\",\"item\":\"https:\/\/m-acryl.hu\/prestige\/\"},{\"@type\":\"ListItem\",\"position\":2,\"name\":\"K\u00e1dak\",\"item\":\"https:\/\/m-acryl.hu\/prestige\/kadak\/\"},{\"@type\":\"ListItem\",\"position\":3,\"name\":\"Paradise szabadon \u00e1ll\u00f3 akril k\u00e1d\"}]},{\"@type\":\"WebSite\",\"@id\":\"https:\/\/m-acryl.hu\/prestige\/#website\",\"url\":\"https:\/\/m-acryl.hu\/prestige\/\",\"name\":\"Prestige\",\"description\":\"Kiemelt k\u00e9nyelem minden nap\",\"potentialAction\":[{\"@type\":\"SearchAction\",\"target\":{\"@type\":\"EntryPoint\",\"urlTemplate\":\"https:\/\/m-acryl.hu\/prestige\/?s={search_term_string}\"},\"query-input\":{\"@type\":\"PropertyValueSpecification\",\"valueRequired\":true,\"valueName\":\"search_term_string\"}}],\"inLanguage\":\"hu\"}]}<\/script>\n<!-- \/ Yoast SEO plugin. -->","yoast_head_json":{"title":"Paradise szabadon \u00e1ll\u00f3 akril k\u00e1d - Prestige","description":"Paradise szabadon \u00e1ll\u00f3 k\u00e1d letisztult kialak\u00edt\u00e1sa t\u00f6k\u00e9letes v\u00e1laszt\u00e1s mind a modern, mind a hagyom\u00e1nyos lakberendez\u00e9si st\u00edlust kedvel\u0151k sz\u00e1m\u00e1ra. N\u00e9zze meg!","robots":{"index":"index","follow":"follow","max-snippet":"max-snippet:-1","max-image-preview":"max-image-preview:large","max-video-preview":"max-video-preview:-1"},"canonical":"https:\/\/m-acryl.hu\/prestige\/termek\/paradise-szabadon-allo-akril-kad\/","og_locale":"hu_HU","og_type":"article","og_title":"Paradise szabadon \u00e1ll\u00f3 akril k\u00e1d - Prestige","og_description":"Paradise szabadon \u00e1ll\u00f3 k\u00e1d letisztult kialak\u00edt\u00e1sa t\u00f6k\u00e9letes v\u00e1laszt\u00e1s mind a modern, mind a hagyom\u00e1nyos lakberendez\u00e9si st\u00edlust kedvel\u0151k sz\u00e1m\u00e1ra. N\u00e9zze meg!","og_url":"https:\/\/m-acryl.hu\/prestige\/termek\/paradise-szabadon-allo-akril-kad\/","og_site_name":"Prestige","article_modified_time":"2026-04-08T08:26:33+00:00","og_image":[{"width":1920,"height":1200,"url":"https:\/\/m-acryl.hu\/prestige\/wp-content\/uploads\/2024\/07\/m-acryl-prestige-paradise-acryl-szabadon-allo-kad-feher-01.webp","type":"image\/webp"}],"twitter_card":"summary_large_image","twitter_misc":{"Becs\u00fclt olvas\u00e1si id\u0151":"1 perc"},"schema":{"@context":"https:\/\/schema.org","@graph":[{"@type":"WebPage","@id":"https:\/\/m-acryl.hu\/prestige\/termek\/paradise-szabadon-allo-akril-kad\/","url":"https:\/\/m-acryl.hu\/prestige\/termek\/paradise-szabadon-allo-akril-kad\/","name":"Paradise szabadon \u00e1ll\u00f3 akril k\u00e1d - Prestige","isPartOf":{"@id":"https:\/\/m-acryl.hu\/prestige\/#website"},"primaryImageOfPage":{"@id":"https:\/\/m-acryl.hu\/prestige\/termek\/paradise-szabadon-allo-akril-kad\/#primaryimage"},"image":{"@id":"https:\/\/m-acryl.hu\/prestige\/termek\/paradise-szabadon-allo-akril-kad\/#primaryimage"},"thumbnailUrl":"https:\/\/m-acryl.hu\/prestige\/wp-content\/uploads\/2024\/07\/m-acryl-prestige-paradise-acryl-szabadon-allo-kad-feher-01.webp","datePublished":"2024-06-04T12:32:15+00:00","dateModified":"2026-04-08T08:26:33+00:00","description":"Paradise szabadon \u00e1ll\u00f3 k\u00e1d letisztult kialak\u00edt\u00e1sa t\u00f6k\u00e9letes v\u00e1laszt\u00e1s mind a modern, mind a hagyom\u00e1nyos lakberendez\u00e9si st\u00edlust kedvel\u0151k sz\u00e1m\u00e1ra. N\u00e9zze meg!","breadcrumb":{"@id":"https:\/\/m-acryl.hu\/prestige\/termek\/paradise-szabadon-allo-akril-kad\/#breadcrumb"},"inLanguage":"hu","potentialAction":[{"@type":"ReadAction","target":["https:\/\/m-acryl.hu\/prestige\/termek\/paradise-szabadon-allo-akril-kad\/"]}]},{"@type":"ImageObject","inLanguage":"hu","@id":"https:\/\/m-acryl.hu\/prestige\/termek\/paradise-szabadon-allo-akril-kad\/#primaryimage","url":"https:\/\/m-acryl.hu\/prestige\/wp-content\/uploads\/2024\/07\/m-acryl-prestige-paradise-acryl-szabadon-allo-kad-feher-01.webp","contentUrl":"https:\/\/m-acryl.hu\/prestige\/wp-content\/uploads\/2024\/07\/m-acryl-prestige-paradise-acryl-szabadon-allo-kad-feher-01.webp","width":1920,"height":1200,"caption":"M-Acryl Prestige k\u00e1d, Paradise szabadon \u00e1ll\u00f3 k\u00e1d, modern f\u00fcrd\u0151k\u00e1d, modern f\u00fcrd\u0151k\u00e1d, luxus k\u00e1d, luxus f\u00fcrd\u0151szoba"},{"@type":"BreadcrumbList","@id":"https:\/\/m-acryl.hu\/prestige\/termek\/paradise-szabadon-allo-akril-kad\/#breadcrumb","itemListElement":[{"@type":"ListItem","position":1,"name":"Kezd\u0151lap","item":"https:\/\/m-acryl.hu\/prestige\/"},{"@type":"ListItem","position":2,"name":"K\u00e1dak","item":"https:\/\/m-acryl.hu\/prestige\/kadak\/"},{"@type":"ListItem","position":3,"name":"Paradise szabadon \u00e1ll\u00f3 akril k\u00e1d"}]},{"@type":"WebSite","@id":"https:\/\/m-acryl.hu\/prestige\/#website","url":"https:\/\/m-acryl.hu\/prestige\/","name":"Prestige","description":"Kiemelt k\u00e9nyelem minden nap","potentialAction":[{"@type":"SearchAction","target":{"@type":"EntryPoint","urlTemplate":"https:\/\/m-acryl.hu\/prestige\/?s={search_term_string}"},"query-input":{"@type":"PropertyValueSpecification","valueRequired":true,"valueName":"search_term_string"}}],"inLanguage":"hu"}]}},"_links":{"self":[{"href":"https:\/\/m-acryl.hu\/prestige\/wp-json\/wp\/v2\/product\/4347","targetHints":{"allow":["GET"]}}],"collection":[{"href":"https:\/\/m-acryl.hu\/prestige\/wp-json\/wp\/v2\/product"}],"about":[{"href":"https:\/\/m-acryl.hu\/prestige\/wp-json\/wp\/v2\/types\/product"}],"wp:featuredmedia":[{"embeddable":true,"href":"https:\/\/m-acryl.hu\/prestige\/wp-json\/wp\/v2\/media\/5405"}],"wp:attachment":[{"href":"https:\/\/m-acryl.hu\/prestige\/wp-json\/wp\/v2\/media?parent=4347"}],"wp:term":[{"taxonomy":"product_brand","embeddable":true,"href":"https:\/\/m-acryl.hu\/prestige\/wp-json\/wp\/v2\/product_brand?post=4347"},{"taxonomy":"product_cat","embeddable":true,"href":"https:\/\/m-acryl.hu\/prestige\/wp-json\/wp\/v2\/product_cat?post=4347"},{"taxonomy":"product_tag","embeddable":true,"href":"https:\/\/m-acryl.hu\/prestige\/wp-json\/wp\/v2\/product_tag?post=4347"}],"curies":[{"name":"wp","href":"https:\/\/api.w.org\/{rel}","templated":true}]}}