{"id":4332,"date":"2024-06-04T12:13:46","date_gmt":"2024-06-04T12:13:46","guid":{"rendered":"https:\/\/m-acryl.hu\/prestige\/?post_type=product&#038;p=4332"},"modified":"2026-04-08T09:01:44","modified_gmt":"2026-04-08T09:01:44","slug":"vanilla-szabadon-allo-mumarvany-kad","status":"publish","type":"product","link":"https:\/\/m-acryl.hu\/prestige\/termek\/vanilla-szabadon-allo-mumarvany-kad\/","title":{"rendered":"Vanilla szabadon \u00e1ll\u00f3 m\u0171m\u00e1rv\u00e1ny k\u00e1d"},"content":{"rendered":"<p class=\"p1\">Egyedi formavil\u00e1g, t\u00e1gas bels\u0151 t\u00e9r ak\u00e1r k\u00e9t szem\u00e9lynek is.<\/p>\n","protected":false},"excerpt":{"rendered":"<p>A Vanilla cseppform\u00e1j\u00fa szabadon \u00e1ll\u00f3 k\u00e1d, amit \u00fclve \u00e9s fekve is k\u00e9nyelmesen haszn\u00e1lhat. S\u0151t, azon ritka f\u00fcrd\u0151k\u00e1dak egyike, amelyek aszimmetrikus kialak\u00edt\u00e1suk ellen\u00e9re k\u00e9t szem\u00e9lynek is k\u00e9nyelmesek. Tart\u00f3s, t\u00f6bbr\u00e9teg\u0171 szerkezete garant\u00e1lja a hossz\u00fa \u00e9lettartamot, melyre 15 \u00e9v garanci\u00e1t v\u00e1llalunk.<\/p>\n<p><strong>A Vanilla szabadon \u00e1ll\u00f3 k\u00e1d f\u0151bb tulajdons\u00e1gai:<\/strong><\/p>\n<ul>\n<li>l\u00e1tv\u00e1nyos aszimmetrikus formavil\u00e1g,<\/li>\n<li>k\u00e9tszem\u00e9lyes kialak\u00edt\u00e1s,<\/li>\n<li>f\u00e9nyes feh\u00e9r \u00e9s matt fekete sz\u00ednv\u00e1laszt\u00e9k,<\/li>\n<li>168&#215;86 cm-es t\u00e9rben \u00e1ll\u00f3 k\u00e1d,<\/li>\n<li>Kisz\u00e1ll\u00edt\u00e1ssal k\u00e9rhet\u0151,<\/li>\n<li>15 \u00e9v garanci\u00e1val v\u00e1s\u00e1rolhatja meg.<\/li>\n<\/ul>\n<p>Egyed\u00fcl f\u00fcrdene? Vagy a p\u00e1rj\u00e1val? A Vanilla t\u00e9rben \u00e1ll\u00f3 k\u00e1d \u00fclve, fekve, \u00e9s k\u00e9t szem\u00e9ly sz\u00e1m\u00e1ra is k\u00e9nyelmes!<\/p>\n","protected":false},"featured_media":3803,"template":"","meta":[],"product_brand":[],"product_cat":[193,194,196,175,197,174,56,173],"product_tag":[52,53,54,200,199],"class_list":{"0":"post-4332","1":"product","2":"type-product","3":"status-publish","4":"has-post-thumbnail","6":"product_cat-15-ev-garancia","7":"product_cat-2-szemelyes-kad","8":"product_cat-antibakterialis-felulet","9":"product_cat-feher-kadak","10":"product_cat-kg","11":"product_cat-matt-fekete-kadak","12":"product_cat-mumarvany-kadak","13":"product_cat-terben-elhelyezheto-kadak","14":"product_tag-15-ev-garancia","15":"product_tag-2-szemelyes-kad","16":"product_tag-antibaterialis-felulet","17":"product_tag-kg","18":"product_tag-mumarvany","20":"first","21":"instock","22":"sold-individually","23":"shipping-taxable","24":"purchasable","25":"product-type-variable","26":"has-default-attributes"},"yoast_head":"<!-- This site is optimized with the Yoast SEO plugin v27.2 - https:\/\/yoast.com\/product\/yoast-seo-wordpress\/ -->\n<title>Vanilla szabadon \u00e1ll\u00f3 m\u0171m\u00e1rv\u00e1ny k\u00e1d - Prestige<\/title>\n<meta name=\"description\" content=\"A Vanilla m\u0171m\u00e1rv\u00e1ny k\u00e1d haszn\u00e1lata fekve \u00e9s \u00fclve is k\u00e9nyelmes. Az aszimmetrikus kialak\u00edt\u00e1s\u00fa Prestige k\u00e1dat egyszerre k\u00e9t szem\u00e9ly is haszn\u00e1lhatja.\" \/>\n<meta name=\"robots\" content=\"index, follow, max-snippet:-1, max-image-preview:large, max-video-preview:-1\" \/>\n<link rel=\"canonical\" href=\"https:\/\/m-acryl.hu\/prestige\/termek\/vanilla-szabadon-allo-mumarvany-kad\/\" \/>\n<meta property=\"og:locale\" content=\"hu_HU\" \/>\n<meta property=\"og:type\" content=\"article\" \/>\n<meta property=\"og:title\" content=\"Vanilla szabadon \u00e1ll\u00f3 m\u0171m\u00e1rv\u00e1ny k\u00e1d - Prestige\" \/>\n<meta property=\"og:description\" content=\"A Vanilla m\u0171m\u00e1rv\u00e1ny k\u00e1d haszn\u00e1lata fekve \u00e9s \u00fclve is k\u00e9nyelmes. Az aszimmetrikus kialak\u00edt\u00e1s\u00fa Prestige k\u00e1dat egyszerre k\u00e9t szem\u00e9ly is haszn\u00e1lhatja.\" \/>\n<meta property=\"og:url\" content=\"https:\/\/m-acryl.hu\/prestige\/termek\/vanilla-szabadon-allo-mumarvany-kad\/\" \/>\n<meta property=\"og:site_name\" content=\"Prestige\" \/>\n<meta property=\"article:modified_time\" content=\"2026-04-08T09:01:44+00:00\" \/>\n<meta property=\"og:image\" content=\"https:\/\/m-acryl.hu\/prestige\/wp-content\/uploads\/2024\/05\/m-acryl-prestige-vanilla-mumarvany-szabadon-allo-kad-feher-02.webp\" \/>\n\t<meta property=\"og:image:width\" content=\"1920\" \/>\n\t<meta property=\"og:image:height\" content=\"1200\" \/>\n\t<meta property=\"og:image:type\" content=\"image\/webp\" \/>\n<meta name=\"twitter:card\" content=\"summary_large_image\" \/>\n<meta name=\"twitter:label1\" content=\"Becs\u00fclt olvas\u00e1si id\u0151\" \/>\n\t<meta name=\"twitter:data1\" content=\"1 perc\" \/>\n<script type=\"application\/ld+json\" class=\"yoast-schema-graph\">{\"@context\":\"https:\/\/schema.org\",\"@graph\":[{\"@type\":\"WebPage\",\"@id\":\"https:\/\/m-acryl.hu\/prestige\/termek\/vanilla-szabadon-allo-mumarvany-kad\/\",\"url\":\"https:\/\/m-acryl.hu\/prestige\/termek\/vanilla-szabadon-allo-mumarvany-kad\/\",\"name\":\"Vanilla szabadon \u00e1ll\u00f3 m\u0171m\u00e1rv\u00e1ny k\u00e1d - Prestige\",\"isPartOf\":{\"@id\":\"https:\/\/m-acryl.hu\/prestige\/#website\"},\"primaryImageOfPage\":{\"@id\":\"https:\/\/m-acryl.hu\/prestige\/termek\/vanilla-szabadon-allo-mumarvany-kad\/#primaryimage\"},\"image\":{\"@id\":\"https:\/\/m-acryl.hu\/prestige\/termek\/vanilla-szabadon-allo-mumarvany-kad\/#primaryimage\"},\"thumbnailUrl\":\"https:\/\/m-acryl.hu\/prestige\/wp-content\/uploads\/2024\/05\/m-acryl-prestige-vanilla-mumarvany-szabadon-allo-kad-feher-02.webp\",\"datePublished\":\"2024-06-04T12:13:46+00:00\",\"dateModified\":\"2026-04-08T09:01:44+00:00\",\"description\":\"A Vanilla m\u0171m\u00e1rv\u00e1ny k\u00e1d haszn\u00e1lata fekve \u00e9s \u00fclve is k\u00e9nyelmes. Az aszimmetrikus kialak\u00edt\u00e1s\u00fa Prestige k\u00e1dat egyszerre k\u00e9t szem\u00e9ly is haszn\u00e1lhatja.\",\"breadcrumb\":{\"@id\":\"https:\/\/m-acryl.hu\/prestige\/termek\/vanilla-szabadon-allo-mumarvany-kad\/#breadcrumb\"},\"inLanguage\":\"hu\",\"potentialAction\":[{\"@type\":\"ReadAction\",\"target\":[\"https:\/\/m-acryl.hu\/prestige\/termek\/vanilla-szabadon-allo-mumarvany-kad\/\"]}]},{\"@type\":\"ImageObject\",\"inLanguage\":\"hu\",\"@id\":\"https:\/\/m-acryl.hu\/prestige\/termek\/vanilla-szabadon-allo-mumarvany-kad\/#primaryimage\",\"url\":\"https:\/\/m-acryl.hu\/prestige\/wp-content\/uploads\/2024\/05\/m-acryl-prestige-vanilla-mumarvany-szabadon-allo-kad-feher-02.webp\",\"contentUrl\":\"https:\/\/m-acryl.hu\/prestige\/wp-content\/uploads\/2024\/05\/m-acryl-prestige-vanilla-mumarvany-szabadon-allo-kad-feher-02.webp\",\"width\":1920,\"height\":1200,\"caption\":\"M-Acryl Prestige k\u00e1d, Vanilla szabadon \u00e1ll\u00f3 k\u00e1d, m\u00e1rv\u00e1ny mint\u00e1s f\u00fcrd\u0151szoba\"},{\"@type\":\"BreadcrumbList\",\"@id\":\"https:\/\/m-acryl.hu\/prestige\/termek\/vanilla-szabadon-allo-mumarvany-kad\/#breadcrumb\",\"itemListElement\":[{\"@type\":\"ListItem\",\"position\":1,\"name\":\"Kezd\u0151lap\",\"item\":\"https:\/\/m-acryl.hu\/prestige\/\"},{\"@type\":\"ListItem\",\"position\":2,\"name\":\"K\u00e1dak\",\"item\":\"https:\/\/m-acryl.hu\/prestige\/kadak\/\"},{\"@type\":\"ListItem\",\"position\":3,\"name\":\"Vanilla szabadon \u00e1ll\u00f3 m\u0171m\u00e1rv\u00e1ny k\u00e1d\"}]},{\"@type\":\"WebSite\",\"@id\":\"https:\/\/m-acryl.hu\/prestige\/#website\",\"url\":\"https:\/\/m-acryl.hu\/prestige\/\",\"name\":\"Prestige\",\"description\":\"Kiemelt k\u00e9nyelem minden nap\",\"potentialAction\":[{\"@type\":\"SearchAction\",\"target\":{\"@type\":\"EntryPoint\",\"urlTemplate\":\"https:\/\/m-acryl.hu\/prestige\/?s={search_term_string}\"},\"query-input\":{\"@type\":\"PropertyValueSpecification\",\"valueRequired\":true,\"valueName\":\"search_term_string\"}}],\"inLanguage\":\"hu\"}]}<\/script>\n<!-- \/ Yoast SEO plugin. -->","yoast_head_json":{"title":"Vanilla szabadon \u00e1ll\u00f3 m\u0171m\u00e1rv\u00e1ny k\u00e1d - Prestige","description":"A Vanilla m\u0171m\u00e1rv\u00e1ny k\u00e1d haszn\u00e1lata fekve \u00e9s \u00fclve is k\u00e9nyelmes. Az aszimmetrikus kialak\u00edt\u00e1s\u00fa Prestige k\u00e1dat egyszerre k\u00e9t szem\u00e9ly is haszn\u00e1lhatja.","robots":{"index":"index","follow":"follow","max-snippet":"max-snippet:-1","max-image-preview":"max-image-preview:large","max-video-preview":"max-video-preview:-1"},"canonical":"https:\/\/m-acryl.hu\/prestige\/termek\/vanilla-szabadon-allo-mumarvany-kad\/","og_locale":"hu_HU","og_type":"article","og_title":"Vanilla szabadon \u00e1ll\u00f3 m\u0171m\u00e1rv\u00e1ny k\u00e1d - Prestige","og_description":"A Vanilla m\u0171m\u00e1rv\u00e1ny k\u00e1d haszn\u00e1lata fekve \u00e9s \u00fclve is k\u00e9nyelmes. Az aszimmetrikus kialak\u00edt\u00e1s\u00fa Prestige k\u00e1dat egyszerre k\u00e9t szem\u00e9ly is haszn\u00e1lhatja.","og_url":"https:\/\/m-acryl.hu\/prestige\/termek\/vanilla-szabadon-allo-mumarvany-kad\/","og_site_name":"Prestige","article_modified_time":"2026-04-08T09:01:44+00:00","og_image":[{"width":1920,"height":1200,"url":"https:\/\/m-acryl.hu\/prestige\/wp-content\/uploads\/2024\/05\/m-acryl-prestige-vanilla-mumarvany-szabadon-allo-kad-feher-02.webp","type":"image\/webp"}],"twitter_card":"summary_large_image","twitter_misc":{"Becs\u00fclt olvas\u00e1si id\u0151":"1 perc"},"schema":{"@context":"https:\/\/schema.org","@graph":[{"@type":"WebPage","@id":"https:\/\/m-acryl.hu\/prestige\/termek\/vanilla-szabadon-allo-mumarvany-kad\/","url":"https:\/\/m-acryl.hu\/prestige\/termek\/vanilla-szabadon-allo-mumarvany-kad\/","name":"Vanilla szabadon \u00e1ll\u00f3 m\u0171m\u00e1rv\u00e1ny k\u00e1d - Prestige","isPartOf":{"@id":"https:\/\/m-acryl.hu\/prestige\/#website"},"primaryImageOfPage":{"@id":"https:\/\/m-acryl.hu\/prestige\/termek\/vanilla-szabadon-allo-mumarvany-kad\/#primaryimage"},"image":{"@id":"https:\/\/m-acryl.hu\/prestige\/termek\/vanilla-szabadon-allo-mumarvany-kad\/#primaryimage"},"thumbnailUrl":"https:\/\/m-acryl.hu\/prestige\/wp-content\/uploads\/2024\/05\/m-acryl-prestige-vanilla-mumarvany-szabadon-allo-kad-feher-02.webp","datePublished":"2024-06-04T12:13:46+00:00","dateModified":"2026-04-08T09:01:44+00:00","description":"A Vanilla m\u0171m\u00e1rv\u00e1ny k\u00e1d haszn\u00e1lata fekve \u00e9s \u00fclve is k\u00e9nyelmes. Az aszimmetrikus kialak\u00edt\u00e1s\u00fa Prestige k\u00e1dat egyszerre k\u00e9t szem\u00e9ly is haszn\u00e1lhatja.","breadcrumb":{"@id":"https:\/\/m-acryl.hu\/prestige\/termek\/vanilla-szabadon-allo-mumarvany-kad\/#breadcrumb"},"inLanguage":"hu","potentialAction":[{"@type":"ReadAction","target":["https:\/\/m-acryl.hu\/prestige\/termek\/vanilla-szabadon-allo-mumarvany-kad\/"]}]},{"@type":"ImageObject","inLanguage":"hu","@id":"https:\/\/m-acryl.hu\/prestige\/termek\/vanilla-szabadon-allo-mumarvany-kad\/#primaryimage","url":"https:\/\/m-acryl.hu\/prestige\/wp-content\/uploads\/2024\/05\/m-acryl-prestige-vanilla-mumarvany-szabadon-allo-kad-feher-02.webp","contentUrl":"https:\/\/m-acryl.hu\/prestige\/wp-content\/uploads\/2024\/05\/m-acryl-prestige-vanilla-mumarvany-szabadon-allo-kad-feher-02.webp","width":1920,"height":1200,"caption":"M-Acryl Prestige k\u00e1d, Vanilla szabadon \u00e1ll\u00f3 k\u00e1d, m\u00e1rv\u00e1ny mint\u00e1s f\u00fcrd\u0151szoba"},{"@type":"BreadcrumbList","@id":"https:\/\/m-acryl.hu\/prestige\/termek\/vanilla-szabadon-allo-mumarvany-kad\/#breadcrumb","itemListElement":[{"@type":"ListItem","position":1,"name":"Kezd\u0151lap","item":"https:\/\/m-acryl.hu\/prestige\/"},{"@type":"ListItem","position":2,"name":"K\u00e1dak","item":"https:\/\/m-acryl.hu\/prestige\/kadak\/"},{"@type":"ListItem","position":3,"name":"Vanilla szabadon \u00e1ll\u00f3 m\u0171m\u00e1rv\u00e1ny k\u00e1d"}]},{"@type":"WebSite","@id":"https:\/\/m-acryl.hu\/prestige\/#website","url":"https:\/\/m-acryl.hu\/prestige\/","name":"Prestige","description":"Kiemelt k\u00e9nyelem minden nap","potentialAction":[{"@type":"SearchAction","target":{"@type":"EntryPoint","urlTemplate":"https:\/\/m-acryl.hu\/prestige\/?s={search_term_string}"},"query-input":{"@type":"PropertyValueSpecification","valueRequired":true,"valueName":"search_term_string"}}],"inLanguage":"hu"}]}},"_links":{"self":[{"href":"https:\/\/m-acryl.hu\/prestige\/wp-json\/wp\/v2\/product\/4332","targetHints":{"allow":["GET"]}}],"collection":[{"href":"https:\/\/m-acryl.hu\/prestige\/wp-json\/wp\/v2\/product"}],"about":[{"href":"https:\/\/m-acryl.hu\/prestige\/wp-json\/wp\/v2\/types\/product"}],"wp:featuredmedia":[{"embeddable":true,"href":"https:\/\/m-acryl.hu\/prestige\/wp-json\/wp\/v2\/media\/3803"}],"wp:attachment":[{"href":"https:\/\/m-acryl.hu\/prestige\/wp-json\/wp\/v2\/media?parent=4332"}],"wp:term":[{"taxonomy":"product_brand","embeddable":true,"href":"https:\/\/m-acryl.hu\/prestige\/wp-json\/wp\/v2\/product_brand?post=4332"},{"taxonomy":"product_cat","embeddable":true,"href":"https:\/\/m-acryl.hu\/prestige\/wp-json\/wp\/v2\/product_cat?post=4332"},{"taxonomy":"product_tag","embeddable":true,"href":"https:\/\/m-acryl.hu\/prestige\/wp-json\/wp\/v2\/product_tag?post=4332"}],"curies":[{"name":"wp","href":"https:\/\/api.w.org\/{rel}","templated":true}]}}