{"id":4076,"date":"2024-05-31T13:06:06","date_gmt":"2024-05-31T13:06:06","guid":{"rendered":"https:\/\/m-acryl.hu\/prestige\/?post_type=product&#038;p=4076"},"modified":"2026-04-08T09:10:30","modified_gmt":"2026-04-08T09:10:30","slug":"hill-allo-csaptelep","status":"publish","type":"product","link":"https:\/\/m-acryl.hu\/prestige\/termek\/hill-allo-csaptelep\/","title":{"rendered":"Hill \u00e1ll\u00f3 csaptelep"},"content":{"rendered":"<p>Az eleg\u00e1ns \u00e9s felt\u0171n\u0151 megjelen\u00e9s\u0171 \u00e1ll\u00f3, vagy m\u00e1s n\u00e9ven f\u00fcgg\u0151leges csaptelepek szabadon \u00e1ll\u00f3 k\u00e1dak mell\u00e9 k\u00f6zvetlen\u00fcl a padl\u00f3 burkolatra ker\u00fclnek be\u00e9p\u00edt\u00e9sre. Ide\u00e1lisak a modern diz\u00e1jnos f\u00fcrd\u0151szobai kialak\u00edt\u00e1sokhoz. Ezek \u2013 b\u00e1r nagyobb rugalmass\u00e1got biztos\u00edtanak a csap elhelyez\u00e9s\u00e9ben \u2013 a stabil \u00e9s biztons\u00e1gos r\u00f6gz\u00edt\u00e9s \u00e9rdek\u00e9ben szakszer\u0171 beszerel\u00e9st ig\u00e9nyelnek.<\/p>\n","protected":false},"excerpt":{"rendered":"<p>Az eleg\u00e1ns \u00e9s felt\u0171n\u0151 megjelen\u00e9s\u0171 \u00e1ll\u00f3, vagy m\u00e1s n\u00e9ven f\u00fcgg\u0151leges csaptelepek szabadon \u00e1ll\u00f3 k\u00e1dak mell\u00e9 k\u00f6zvetlen\u00fcl a padl\u00f3 burkolatra ker\u00fclnek be\u00e9p\u00edt\u00e9sre. A Hill \u00e1ll\u00f3 csaptelep a modern f\u00fcrd\u0151szob\u00e1k eleg\u00e1ns \u00e9s praktikus kieg\u00e9sz\u00edt\u0151je, amely t\u00f6k\u00e9letes v\u00e1laszt\u00e1s minden szabadon \u00e1ll\u00f3 k\u00e1d csaptelep ig\u00e9nyhez.<\/p>\n<p>A Hill \u00e1ll\u00f3 k\u00e1d csaptelep massz\u00edv anyagb\u00f3l k\u00e9sz\u00fclt, amely tart\u00f3ss\u00e1got, \u00e9s id\u0151t\u00e1ll\u00f3 min\u0151s\u00e9get garant\u00e1l (5 \u00e9v garanci\u00e1val). Kr\u00f3mozott fel\u00fclete ragyog\u00f3an f\u00e9nyes, \u00e9s k\u00f6nnyen tiszt\u00edthat\u00f3, \u00edgy hossz\u00fa t\u00e1von is meg\u0151rzi kifinomult megjelen\u00e9s\u00e9t. A Hill \u00e1ll\u00f3 csaptelep t\u00f6k\u00e9letes v\u00e1laszt\u00e1s azok sz\u00e1m\u00e1ra, akik eszt\u00e9tikus \u00e9s modern \u00e1ll\u00f3 csaptelepet keresnek szabadon \u00e1ll\u00f3 k\u00e1djukhoz.<\/p>\n<p><strong>A Hill \u00e1ll\u00f3 csaptelep el\u0151nyei:<\/strong><\/p>\n<ul>\n<li>hossz\u00fa \u00e9lettartam, 5 \u00e9v garanci\u00e1val,<\/li>\n<li>padl\u00f3burkolatra szerelhet\u0151<\/li>\n<li>t\u00e9rben \u00e1ll\u00f3 k\u00e1dakhoz aj\u00e1nljuk,<\/li>\n<li>k\u00e9zi zuhannyal felszerelt<\/li>\n<li>120,6 cm magas, kever\u0151fej magass\u00e1g 83,5 cm<\/li>\n<\/ul>\n","protected":false},"featured_media":7855,"template":"","meta":[],"product_brand":[],"product_cat":[228,109],"product_tag":[216,203],"class_list":{"0":"post-4076","1":"product","2":"type-product","3":"status-publish","4":"has-post-thumbnail","6":"product_cat-allo-csaptelepek","7":"product_cat-kiegeszitok","8":"product_tag-5-ev-garancia","9":"product_tag-kiegeszitok","11":"first","12":"instock","13":"sold-individually","14":"shipping-taxable","15":"purchasable","16":"product-type-variable","17":"has-default-attributes"},"yoast_head":"<!-- This site is optimized with the Yoast SEO plugin v27.2 - https:\/\/yoast.com\/product\/yoast-seo-wordpress\/ -->\n<title>Hill \u00e1ll\u00f3 csaptelep - Prestige<\/title>\n<meta name=\"robots\" content=\"index, follow, max-snippet:-1, max-image-preview:large, max-video-preview:-1\" \/>\n<link rel=\"canonical\" href=\"https:\/\/m-acryl.hu\/prestige\/termek\/hill-allo-csaptelep\/\" \/>\n<meta property=\"og:locale\" content=\"hu_HU\" \/>\n<meta property=\"og:type\" content=\"article\" \/>\n<meta property=\"og:title\" content=\"Hill \u00e1ll\u00f3 csaptelep - Prestige\" \/>\n<meta property=\"og:description\" content=\"Az eleg\u00e1ns \u00e9s felt\u0171n\u0151 megjelen\u00e9s\u0171 \u00e1ll\u00f3, vagy m\u00e1s n\u00e9ven f\u00fcgg\u0151leges csaptelepek szabadon \u00e1ll\u00f3 k\u00e1dak mell\u00e9 k\u00f6zvetlen\u00fcl a padl\u00f3 burkolatra ker\u00fclnek be\u00e9p\u00edt\u00e9sre. A Hill \u00e1ll\u00f3 csaptelep a modern f\u00fcrd\u0151szob\u00e1k eleg\u00e1ns \u00e9s praktikus kieg\u00e9sz\u00edt\u0151je, amely t\u00f6k\u00e9letes v\u00e1laszt\u00e1s minden szabadon \u00e1ll\u00f3 k\u00e1d csaptelep ig\u00e9nyhez.  A Hill \u00e1ll\u00f3 k\u00e1d csaptelep massz\u00edv anyagb\u00f3l k\u00e9sz\u00fclt, amely tart\u00f3ss\u00e1got, \u00e9s id\u0151t\u00e1ll\u00f3 min\u0151s\u00e9get garant\u00e1l (5 \u00e9v garanci\u00e1val). Kr\u00f3mozott fel\u00fclete ragyog\u00f3an f\u00e9nyes, \u00e9s k\u00f6nnyen tiszt\u00edthat\u00f3, \u00edgy hossz\u00fa t\u00e1von is meg\u0151rzi kifinomult megjelen\u00e9s\u00e9t. A Hill \u00e1ll\u00f3 csaptelep t\u00f6k\u00e9letes v\u00e1laszt\u00e1s azok sz\u00e1m\u00e1ra, akik eszt\u00e9tikus \u00e9s modern \u00e1ll\u00f3 csaptelepet keresnek szabadon \u00e1ll\u00f3 k\u00e1djukhoz.  A Hill \u00e1ll\u00f3 csaptelep el\u0151nyei:   hossz\u00fa \u00e9lettartam, 5 \u00e9v garanci\u00e1val,  padl\u00f3burkolatra szerelhet\u0151  t\u00e9rben \u00e1ll\u00f3 k\u00e1dakhoz aj\u00e1nljuk,  k\u00e9zi zuhannyal felszerelt  120,6 cm magas, kever\u0151fej magass\u00e1g 83,5 cm\" \/>\n<meta property=\"og:url\" content=\"https:\/\/m-acryl.hu\/prestige\/termek\/hill-allo-csaptelep\/\" \/>\n<meta property=\"og:site_name\" content=\"Prestige\" \/>\n<meta property=\"article:modified_time\" content=\"2026-04-08T09:10:30+00:00\" \/>\n<meta property=\"og:image\" content=\"https:\/\/m-acryl.hu\/prestige\/wp-content\/uploads\/2026\/03\/m-acryl-prestige-hill-allo-csaptelep-image-01.webp\" \/>\n\t<meta property=\"og:image:width\" content=\"1920\" \/>\n\t<meta property=\"og:image:height\" content=\"1920\" \/>\n\t<meta property=\"og:image:type\" content=\"image\/webp\" \/>\n<meta name=\"twitter:card\" content=\"summary_large_image\" \/>\n<meta name=\"twitter:label1\" content=\"Becs\u00fclt olvas\u00e1si id\u0151\" \/>\n\t<meta name=\"twitter:data1\" content=\"1 perc\" \/>\n<script type=\"application\/ld+json\" class=\"yoast-schema-graph\">{\"@context\":\"https:\/\/schema.org\",\"@graph\":[{\"@type\":\"WebPage\",\"@id\":\"https:\/\/m-acryl.hu\/prestige\/termek\/hill-allo-csaptelep\/\",\"url\":\"https:\/\/m-acryl.hu\/prestige\/termek\/hill-allo-csaptelep\/\",\"name\":\"Hill \u00e1ll\u00f3 csaptelep - Prestige\",\"isPartOf\":{\"@id\":\"https:\/\/m-acryl.hu\/prestige\/#website\"},\"primaryImageOfPage\":{\"@id\":\"https:\/\/m-acryl.hu\/prestige\/termek\/hill-allo-csaptelep\/#primaryimage\"},\"image\":{\"@id\":\"https:\/\/m-acryl.hu\/prestige\/termek\/hill-allo-csaptelep\/#primaryimage\"},\"thumbnailUrl\":\"https:\/\/m-acryl.hu\/prestige\/wp-content\/uploads\/2026\/03\/m-acryl-prestige-hill-allo-csaptelep-image-01.webp\",\"datePublished\":\"2024-05-31T13:06:06+00:00\",\"dateModified\":\"2026-04-08T09:10:30+00:00\",\"breadcrumb\":{\"@id\":\"https:\/\/m-acryl.hu\/prestige\/termek\/hill-allo-csaptelep\/#breadcrumb\"},\"inLanguage\":\"hu\",\"potentialAction\":[{\"@type\":\"ReadAction\",\"target\":[\"https:\/\/m-acryl.hu\/prestige\/termek\/hill-allo-csaptelep\/\"]}]},{\"@type\":\"ImageObject\",\"inLanguage\":\"hu\",\"@id\":\"https:\/\/m-acryl.hu\/prestige\/termek\/hill-allo-csaptelep\/#primaryimage\",\"url\":\"https:\/\/m-acryl.hu\/prestige\/wp-content\/uploads\/2026\/03\/m-acryl-prestige-hill-allo-csaptelep-image-01.webp\",\"contentUrl\":\"https:\/\/m-acryl.hu\/prestige\/wp-content\/uploads\/2026\/03\/m-acryl-prestige-hill-allo-csaptelep-image-01.webp\",\"width\":1920,\"height\":1920},{\"@type\":\"BreadcrumbList\",\"@id\":\"https:\/\/m-acryl.hu\/prestige\/termek\/hill-allo-csaptelep\/#breadcrumb\",\"itemListElement\":[{\"@type\":\"ListItem\",\"position\":1,\"name\":\"Kezd\u0151lap\",\"item\":\"https:\/\/m-acryl.hu\/prestige\/\"},{\"@type\":\"ListItem\",\"position\":2,\"name\":\"K\u00e1dak\",\"item\":\"https:\/\/m-acryl.hu\/prestige\/kadak\/\"},{\"@type\":\"ListItem\",\"position\":3,\"name\":\"Hill \u00e1ll\u00f3 csaptelep\"}]},{\"@type\":\"WebSite\",\"@id\":\"https:\/\/m-acryl.hu\/prestige\/#website\",\"url\":\"https:\/\/m-acryl.hu\/prestige\/\",\"name\":\"Prestige\",\"description\":\"Kiemelt k\u00e9nyelem minden nap\",\"potentialAction\":[{\"@type\":\"SearchAction\",\"target\":{\"@type\":\"EntryPoint\",\"urlTemplate\":\"https:\/\/m-acryl.hu\/prestige\/?s={search_term_string}\"},\"query-input\":{\"@type\":\"PropertyValueSpecification\",\"valueRequired\":true,\"valueName\":\"search_term_string\"}}],\"inLanguage\":\"hu\"}]}<\/script>\n<!-- \/ Yoast SEO plugin. -->","yoast_head_json":{"title":"Hill \u00e1ll\u00f3 csaptelep - Prestige","robots":{"index":"index","follow":"follow","max-snippet":"max-snippet:-1","max-image-preview":"max-image-preview:large","max-video-preview":"max-video-preview:-1"},"canonical":"https:\/\/m-acryl.hu\/prestige\/termek\/hill-allo-csaptelep\/","og_locale":"hu_HU","og_type":"article","og_title":"Hill \u00e1ll\u00f3 csaptelep - Prestige","og_description":"Az eleg\u00e1ns \u00e9s felt\u0171n\u0151 megjelen\u00e9s\u0171 \u00e1ll\u00f3, vagy m\u00e1s n\u00e9ven f\u00fcgg\u0151leges csaptelepek szabadon \u00e1ll\u00f3 k\u00e1dak mell\u00e9 k\u00f6zvetlen\u00fcl a padl\u00f3 burkolatra ker\u00fclnek be\u00e9p\u00edt\u00e9sre. A Hill \u00e1ll\u00f3 csaptelep a modern f\u00fcrd\u0151szob\u00e1k eleg\u00e1ns \u00e9s praktikus kieg\u00e9sz\u00edt\u0151je, amely t\u00f6k\u00e9letes v\u00e1laszt\u00e1s minden szabadon \u00e1ll\u00f3 k\u00e1d csaptelep ig\u00e9nyhez.  A Hill \u00e1ll\u00f3 k\u00e1d csaptelep massz\u00edv anyagb\u00f3l k\u00e9sz\u00fclt, amely tart\u00f3ss\u00e1got, \u00e9s id\u0151t\u00e1ll\u00f3 min\u0151s\u00e9get garant\u00e1l (5 \u00e9v garanci\u00e1val). Kr\u00f3mozott fel\u00fclete ragyog\u00f3an f\u00e9nyes, \u00e9s k\u00f6nnyen tiszt\u00edthat\u00f3, \u00edgy hossz\u00fa t\u00e1von is meg\u0151rzi kifinomult megjelen\u00e9s\u00e9t. A Hill \u00e1ll\u00f3 csaptelep t\u00f6k\u00e9letes v\u00e1laszt\u00e1s azok sz\u00e1m\u00e1ra, akik eszt\u00e9tikus \u00e9s modern \u00e1ll\u00f3 csaptelepet keresnek szabadon \u00e1ll\u00f3 k\u00e1djukhoz.  A Hill \u00e1ll\u00f3 csaptelep el\u0151nyei:   hossz\u00fa \u00e9lettartam, 5 \u00e9v garanci\u00e1val,  padl\u00f3burkolatra szerelhet\u0151  t\u00e9rben \u00e1ll\u00f3 k\u00e1dakhoz aj\u00e1nljuk,  k\u00e9zi zuhannyal felszerelt  120,6 cm magas, kever\u0151fej magass\u00e1g 83,5 cm","og_url":"https:\/\/m-acryl.hu\/prestige\/termek\/hill-allo-csaptelep\/","og_site_name":"Prestige","article_modified_time":"2026-04-08T09:10:30+00:00","og_image":[{"width":1920,"height":1920,"url":"https:\/\/m-acryl.hu\/prestige\/wp-content\/uploads\/2026\/03\/m-acryl-prestige-hill-allo-csaptelep-image-01.webp","type":"image\/webp"}],"twitter_card":"summary_large_image","twitter_misc":{"Becs\u00fclt olvas\u00e1si id\u0151":"1 perc"},"schema":{"@context":"https:\/\/schema.org","@graph":[{"@type":"WebPage","@id":"https:\/\/m-acryl.hu\/prestige\/termek\/hill-allo-csaptelep\/","url":"https:\/\/m-acryl.hu\/prestige\/termek\/hill-allo-csaptelep\/","name":"Hill \u00e1ll\u00f3 csaptelep - Prestige","isPartOf":{"@id":"https:\/\/m-acryl.hu\/prestige\/#website"},"primaryImageOfPage":{"@id":"https:\/\/m-acryl.hu\/prestige\/termek\/hill-allo-csaptelep\/#primaryimage"},"image":{"@id":"https:\/\/m-acryl.hu\/prestige\/termek\/hill-allo-csaptelep\/#primaryimage"},"thumbnailUrl":"https:\/\/m-acryl.hu\/prestige\/wp-content\/uploads\/2026\/03\/m-acryl-prestige-hill-allo-csaptelep-image-01.webp","datePublished":"2024-05-31T13:06:06+00:00","dateModified":"2026-04-08T09:10:30+00:00","breadcrumb":{"@id":"https:\/\/m-acryl.hu\/prestige\/termek\/hill-allo-csaptelep\/#breadcrumb"},"inLanguage":"hu","potentialAction":[{"@type":"ReadAction","target":["https:\/\/m-acryl.hu\/prestige\/termek\/hill-allo-csaptelep\/"]}]},{"@type":"ImageObject","inLanguage":"hu","@id":"https:\/\/m-acryl.hu\/prestige\/termek\/hill-allo-csaptelep\/#primaryimage","url":"https:\/\/m-acryl.hu\/prestige\/wp-content\/uploads\/2026\/03\/m-acryl-prestige-hill-allo-csaptelep-image-01.webp","contentUrl":"https:\/\/m-acryl.hu\/prestige\/wp-content\/uploads\/2026\/03\/m-acryl-prestige-hill-allo-csaptelep-image-01.webp","width":1920,"height":1920},{"@type":"BreadcrumbList","@id":"https:\/\/m-acryl.hu\/prestige\/termek\/hill-allo-csaptelep\/#breadcrumb","itemListElement":[{"@type":"ListItem","position":1,"name":"Kezd\u0151lap","item":"https:\/\/m-acryl.hu\/prestige\/"},{"@type":"ListItem","position":2,"name":"K\u00e1dak","item":"https:\/\/m-acryl.hu\/prestige\/kadak\/"},{"@type":"ListItem","position":3,"name":"Hill \u00e1ll\u00f3 csaptelep"}]},{"@type":"WebSite","@id":"https:\/\/m-acryl.hu\/prestige\/#website","url":"https:\/\/m-acryl.hu\/prestige\/","name":"Prestige","description":"Kiemelt k\u00e9nyelem minden nap","potentialAction":[{"@type":"SearchAction","target":{"@type":"EntryPoint","urlTemplate":"https:\/\/m-acryl.hu\/prestige\/?s={search_term_string}"},"query-input":{"@type":"PropertyValueSpecification","valueRequired":true,"valueName":"search_term_string"}}],"inLanguage":"hu"}]}},"_links":{"self":[{"href":"https:\/\/m-acryl.hu\/prestige\/wp-json\/wp\/v2\/product\/4076","targetHints":{"allow":["GET"]}}],"collection":[{"href":"https:\/\/m-acryl.hu\/prestige\/wp-json\/wp\/v2\/product"}],"about":[{"href":"https:\/\/m-acryl.hu\/prestige\/wp-json\/wp\/v2\/types\/product"}],"wp:featuredmedia":[{"embeddable":true,"href":"https:\/\/m-acryl.hu\/prestige\/wp-json\/wp\/v2\/media\/7855"}],"wp:attachment":[{"href":"https:\/\/m-acryl.hu\/prestige\/wp-json\/wp\/v2\/media?parent=4076"}],"wp:term":[{"taxonomy":"product_brand","embeddable":true,"href":"https:\/\/m-acryl.hu\/prestige\/wp-json\/wp\/v2\/product_brand?post=4076"},{"taxonomy":"product_cat","embeddable":true,"href":"https:\/\/m-acryl.hu\/prestige\/wp-json\/wp\/v2\/product_cat?post=4076"},{"taxonomy":"product_tag","embeddable":true,"href":"https:\/\/m-acryl.hu\/prestige\/wp-json\/wp\/v2\/product_tag?post=4076"}],"curies":[{"name":"wp","href":"https:\/\/api.w.org\/{rel}","templated":true}]}}