{"id":4072,"date":"2024-05-31T13:00:16","date_gmt":"2024-05-31T13:00:16","guid":{"rendered":"https:\/\/m-acryl.hu\/prestige\/?post_type=product&#038;p=4072"},"modified":"2026-04-08T08:57:36","modified_gmt":"2026-04-08T08:57:36","slug":"violet-szabadon-allo-mumarvany-kad","status":"publish","type":"product","link":"https:\/\/m-acryl.hu\/prestige\/termek\/violet-szabadon-allo-mumarvany-kad\/","title":{"rendered":"Violet szabadon \u00e1ll\u00f3 m\u0171m\u00e1rv\u00e1ny k\u00e1d"},"content":{"rendered":"<p class=\"p1\">Luxus nekem, vagy mindkett\u0151nknek, b\u00e1rhol a f\u00fcrd\u0151szob\u00e1ban.<\/p>\n","protected":false},"excerpt":{"rendered":"<p>A Violet t\u00e9rben \u00e1ll\u00f3 k\u00e1d eleganci\u00e1ja t\u00f6k\u00e9letes v\u00e1laszt\u00e1s b\u00e1rmelyik f\u00fcrd\u0151szob\u00e1ba. K\u00fcl\u00f6nlegess\u00e9ge, hogy form\u00e1ja elt\u00e9r a szabadon \u00e1ll\u00f3 k\u00e1dakn\u00e1l megszokott egyhang\u00fa sz\u00f6gletes vagy kerekded kialak\u00edt\u00e1sokt\u00f3l. Az ellent\u00e9tek nemcsak vonzz\u00e1k egym\u00e1st, de egy\u00fctt harm\u00f3ni\u00e1t adnak ki. A Violet \u00e1ll\u00f3 k\u00e1d karakteres megjelen\u00e9s\u00e9nek titka: alja viszonylag \u00e9les sz\u00f6gben v\u00e9gz\u0151dik. A meglep\u0151 sz\u00f6gletess\u00e9g csipetnyi kem\u00e9nys\u00e9ggel ellens\u00falyozza a k\u00e1d egy\u00e9bk\u00e9nt l\u00e1gy vonalvezet\u00e9s\u0171 kialak\u00edt\u00e1s\u00e1t. A Violet mark\u00e1ns eleganci\u00e1j\u00e1t er\u0151s\u00edti: a m\u0171m\u00e1rv\u00e1ny egyszerre massz\u00edv \u00e9s t\u00f6m\u00f6r, ugyanakkor m\u0171alkot\u00e1sok k\u00e9sz\u00edt\u00e9s\u00e9hez k\u00edv\u00e1nkoz\u00f3an finom anyag.<\/p>\n<p><strong>A Violet szabadon \u00e1ll\u00f3 k\u00e1d f\u0151bb tulajdons\u00e1gai:<\/strong><\/p>\n<ul>\n<li>karakteres design k\u00e1d, izgalmas formavil\u00e1ggal,<\/li>\n<li>165&#215;75 cm m\u00e9ret,<\/li>\n<li>v\u00e1laszthat\u00f3 sz\u00ednek: f\u00e9nyes feh\u00e9r \u00e9s matt fekete,<\/li>\n<li>Kisz\u00e1ll\u00edt\u00e1ssal k\u00e9rhet\u0151,<\/li>\n<li>15 \u00e9v garanci\u00e1val v\u00e1s\u00e1rolhatja meg.<\/li>\n<\/ul>\n<p>V\u00e1lassza a Violet szabadon \u00e1ll\u00f3 k\u00e1dat, ha finom eleganci\u00e1ra, \u00e9s karakteres f\u00fcrd\u0151szob\u00e1ra v\u00e1gyik otthon\u00e1ban!<\/p>\n","protected":false},"featured_media":3797,"template":"","meta":[],"product_brand":[],"product_cat":[193,194,196,175,197,174,56,173],"product_tag":[52,53,54,200,199],"class_list":{"0":"post-4072","1":"product","2":"type-product","3":"status-publish","4":"has-post-thumbnail","6":"product_cat-15-ev-garancia","7":"product_cat-2-szemelyes-kad","8":"product_cat-antibakterialis-felulet","9":"product_cat-feher-kadak","10":"product_cat-kg","11":"product_cat-matt-fekete-kadak","12":"product_cat-mumarvany-kadak","13":"product_cat-terben-elhelyezheto-kadak","14":"product_tag-15-ev-garancia","15":"product_tag-2-szemelyes-kad","16":"product_tag-antibaterialis-felulet","17":"product_tag-kg","18":"product_tag-mumarvany","20":"first","21":"instock","22":"sold-individually","23":"shipping-taxable","24":"purchasable","25":"product-type-variable","26":"has-default-attributes"},"yoast_head":"<!-- This site is optimized with the Yoast SEO plugin v27.2 - https:\/\/yoast.com\/product\/yoast-seo-wordpress\/ -->\n<title>Violet szabadon \u00e1ll\u00f3 m\u0171m\u00e1rv\u00e1ny k\u00e1d - Prestige<\/title>\n<meta name=\"description\" content=\"A Violet szabadon \u00e1ll\u00f3 k\u00e1d karakteres \u00e9lekkel ellens\u00falyozza a f\u00fcrd\u0151k\u00e1d l\u00e1gy vonalvezet\u00e9s\u0171 kialak\u00edt\u00e1s\u00e1t. V\u00e1lassza a dinamikus energi\u00e1t sug\u00e1rz\u00f3 Violet k\u00e1dat!\" \/>\n<meta name=\"robots\" content=\"index, follow, max-snippet:-1, max-image-preview:large, max-video-preview:-1\" \/>\n<link rel=\"canonical\" href=\"https:\/\/m-acryl.hu\/prestige\/termek\/violet-szabadon-allo-mumarvany-kad\/\" \/>\n<meta property=\"og:locale\" content=\"hu_HU\" \/>\n<meta property=\"og:type\" content=\"article\" \/>\n<meta property=\"og:title\" content=\"Violet szabadon \u00e1ll\u00f3 m\u0171m\u00e1rv\u00e1ny k\u00e1d - Prestige\" \/>\n<meta property=\"og:description\" content=\"A Violet szabadon \u00e1ll\u00f3 k\u00e1d karakteres \u00e9lekkel ellens\u00falyozza a f\u00fcrd\u0151k\u00e1d l\u00e1gy vonalvezet\u00e9s\u0171 kialak\u00edt\u00e1s\u00e1t. V\u00e1lassza a dinamikus energi\u00e1t sug\u00e1rz\u00f3 Violet k\u00e1dat!\" \/>\n<meta property=\"og:url\" content=\"https:\/\/m-acryl.hu\/prestige\/termek\/violet-szabadon-allo-mumarvany-kad\/\" \/>\n<meta property=\"og:site_name\" content=\"Prestige\" \/>\n<meta property=\"article:modified_time\" content=\"2026-04-08T08:57:36+00:00\" \/>\n<meta property=\"og:image\" content=\"https:\/\/m-acryl.hu\/prestige\/wp-content\/uploads\/2024\/05\/m-acryl-prestige-violet-mumarvany-szabadon-allo-kad-feher-05.webp\" \/>\n\t<meta property=\"og:image:width\" content=\"1920\" \/>\n\t<meta property=\"og:image:height\" content=\"1200\" \/>\n\t<meta property=\"og:image:type\" content=\"image\/webp\" \/>\n<meta name=\"twitter:card\" content=\"summary_large_image\" \/>\n<meta name=\"twitter:label1\" content=\"Becs\u00fclt olvas\u00e1si id\u0151\" \/>\n\t<meta name=\"twitter:data1\" content=\"1 perc\" \/>\n<script type=\"application\/ld+json\" class=\"yoast-schema-graph\">{\"@context\":\"https:\/\/schema.org\",\"@graph\":[{\"@type\":\"WebPage\",\"@id\":\"https:\/\/m-acryl.hu\/prestige\/termek\/violet-szabadon-allo-mumarvany-kad\/\",\"url\":\"https:\/\/m-acryl.hu\/prestige\/termek\/violet-szabadon-allo-mumarvany-kad\/\",\"name\":\"Violet szabadon \u00e1ll\u00f3 m\u0171m\u00e1rv\u00e1ny k\u00e1d - Prestige\",\"isPartOf\":{\"@id\":\"https:\/\/m-acryl.hu\/prestige\/#website\"},\"primaryImageOfPage\":{\"@id\":\"https:\/\/m-acryl.hu\/prestige\/termek\/violet-szabadon-allo-mumarvany-kad\/#primaryimage\"},\"image\":{\"@id\":\"https:\/\/m-acryl.hu\/prestige\/termek\/violet-szabadon-allo-mumarvany-kad\/#primaryimage\"},\"thumbnailUrl\":\"https:\/\/m-acryl.hu\/prestige\/wp-content\/uploads\/2024\/05\/m-acryl-prestige-violet-mumarvany-szabadon-allo-kad-feher-05.webp\",\"datePublished\":\"2024-05-31T13:00:16+00:00\",\"dateModified\":\"2026-04-08T08:57:36+00:00\",\"description\":\"A Violet szabadon \u00e1ll\u00f3 k\u00e1d karakteres \u00e9lekkel ellens\u00falyozza a f\u00fcrd\u0151k\u00e1d l\u00e1gy vonalvezet\u00e9s\u0171 kialak\u00edt\u00e1s\u00e1t. V\u00e1lassza a dinamikus energi\u00e1t sug\u00e1rz\u00f3 Violet k\u00e1dat!\",\"breadcrumb\":{\"@id\":\"https:\/\/m-acryl.hu\/prestige\/termek\/violet-szabadon-allo-mumarvany-kad\/#breadcrumb\"},\"inLanguage\":\"hu\",\"potentialAction\":[{\"@type\":\"ReadAction\",\"target\":[\"https:\/\/m-acryl.hu\/prestige\/termek\/violet-szabadon-allo-mumarvany-kad\/\"]}]},{\"@type\":\"ImageObject\",\"inLanguage\":\"hu\",\"@id\":\"https:\/\/m-acryl.hu\/prestige\/termek\/violet-szabadon-allo-mumarvany-kad\/#primaryimage\",\"url\":\"https:\/\/m-acryl.hu\/prestige\/wp-content\/uploads\/2024\/05\/m-acryl-prestige-violet-mumarvany-szabadon-allo-kad-feher-05.webp\",\"contentUrl\":\"https:\/\/m-acryl.hu\/prestige\/wp-content\/uploads\/2024\/05\/m-acryl-prestige-violet-mumarvany-szabadon-allo-kad-feher-05.webp\",\"width\":1920,\"height\":1200,\"caption\":\"M-Acryl Prestige, Violet szabadon \u00e1ll\u00f3 k\u00e1d, m\u0171m\u00e1rv\u00e1ny k\u00e1d, modern f\u00fcrd\u0151szoba, feh\u00e9r f\u00fcrd\u0151szoba \u00f6tletek\"},{\"@type\":\"BreadcrumbList\",\"@id\":\"https:\/\/m-acryl.hu\/prestige\/termek\/violet-szabadon-allo-mumarvany-kad\/#breadcrumb\",\"itemListElement\":[{\"@type\":\"ListItem\",\"position\":1,\"name\":\"Kezd\u0151lap\",\"item\":\"https:\/\/m-acryl.hu\/prestige\/\"},{\"@type\":\"ListItem\",\"position\":2,\"name\":\"K\u00e1dak\",\"item\":\"https:\/\/m-acryl.hu\/prestige\/kadak\/\"},{\"@type\":\"ListItem\",\"position\":3,\"name\":\"Violet szabadon \u00e1ll\u00f3 m\u0171m\u00e1rv\u00e1ny k\u00e1d\"}]},{\"@type\":\"WebSite\",\"@id\":\"https:\/\/m-acryl.hu\/prestige\/#website\",\"url\":\"https:\/\/m-acryl.hu\/prestige\/\",\"name\":\"Prestige\",\"description\":\"Kiemelt k\u00e9nyelem minden nap\",\"potentialAction\":[{\"@type\":\"SearchAction\",\"target\":{\"@type\":\"EntryPoint\",\"urlTemplate\":\"https:\/\/m-acryl.hu\/prestige\/?s={search_term_string}\"},\"query-input\":{\"@type\":\"PropertyValueSpecification\",\"valueRequired\":true,\"valueName\":\"search_term_string\"}}],\"inLanguage\":\"hu\"}]}<\/script>\n<!-- \/ Yoast SEO plugin. -->","yoast_head_json":{"title":"Violet szabadon \u00e1ll\u00f3 m\u0171m\u00e1rv\u00e1ny k\u00e1d - Prestige","description":"A Violet szabadon \u00e1ll\u00f3 k\u00e1d karakteres \u00e9lekkel ellens\u00falyozza a f\u00fcrd\u0151k\u00e1d l\u00e1gy vonalvezet\u00e9s\u0171 kialak\u00edt\u00e1s\u00e1t. V\u00e1lassza a dinamikus energi\u00e1t sug\u00e1rz\u00f3 Violet k\u00e1dat!","robots":{"index":"index","follow":"follow","max-snippet":"max-snippet:-1","max-image-preview":"max-image-preview:large","max-video-preview":"max-video-preview:-1"},"canonical":"https:\/\/m-acryl.hu\/prestige\/termek\/violet-szabadon-allo-mumarvany-kad\/","og_locale":"hu_HU","og_type":"article","og_title":"Violet szabadon \u00e1ll\u00f3 m\u0171m\u00e1rv\u00e1ny k\u00e1d - Prestige","og_description":"A Violet szabadon \u00e1ll\u00f3 k\u00e1d karakteres \u00e9lekkel ellens\u00falyozza a f\u00fcrd\u0151k\u00e1d l\u00e1gy vonalvezet\u00e9s\u0171 kialak\u00edt\u00e1s\u00e1t. V\u00e1lassza a dinamikus energi\u00e1t sug\u00e1rz\u00f3 Violet k\u00e1dat!","og_url":"https:\/\/m-acryl.hu\/prestige\/termek\/violet-szabadon-allo-mumarvany-kad\/","og_site_name":"Prestige","article_modified_time":"2026-04-08T08:57:36+00:00","og_image":[{"width":1920,"height":1200,"url":"https:\/\/m-acryl.hu\/prestige\/wp-content\/uploads\/2024\/05\/m-acryl-prestige-violet-mumarvany-szabadon-allo-kad-feher-05.webp","type":"image\/webp"}],"twitter_card":"summary_large_image","twitter_misc":{"Becs\u00fclt olvas\u00e1si id\u0151":"1 perc"},"schema":{"@context":"https:\/\/schema.org","@graph":[{"@type":"WebPage","@id":"https:\/\/m-acryl.hu\/prestige\/termek\/violet-szabadon-allo-mumarvany-kad\/","url":"https:\/\/m-acryl.hu\/prestige\/termek\/violet-szabadon-allo-mumarvany-kad\/","name":"Violet szabadon \u00e1ll\u00f3 m\u0171m\u00e1rv\u00e1ny k\u00e1d - Prestige","isPartOf":{"@id":"https:\/\/m-acryl.hu\/prestige\/#website"},"primaryImageOfPage":{"@id":"https:\/\/m-acryl.hu\/prestige\/termek\/violet-szabadon-allo-mumarvany-kad\/#primaryimage"},"image":{"@id":"https:\/\/m-acryl.hu\/prestige\/termek\/violet-szabadon-allo-mumarvany-kad\/#primaryimage"},"thumbnailUrl":"https:\/\/m-acryl.hu\/prestige\/wp-content\/uploads\/2024\/05\/m-acryl-prestige-violet-mumarvany-szabadon-allo-kad-feher-05.webp","datePublished":"2024-05-31T13:00:16+00:00","dateModified":"2026-04-08T08:57:36+00:00","description":"A Violet szabadon \u00e1ll\u00f3 k\u00e1d karakteres \u00e9lekkel ellens\u00falyozza a f\u00fcrd\u0151k\u00e1d l\u00e1gy vonalvezet\u00e9s\u0171 kialak\u00edt\u00e1s\u00e1t. V\u00e1lassza a dinamikus energi\u00e1t sug\u00e1rz\u00f3 Violet k\u00e1dat!","breadcrumb":{"@id":"https:\/\/m-acryl.hu\/prestige\/termek\/violet-szabadon-allo-mumarvany-kad\/#breadcrumb"},"inLanguage":"hu","potentialAction":[{"@type":"ReadAction","target":["https:\/\/m-acryl.hu\/prestige\/termek\/violet-szabadon-allo-mumarvany-kad\/"]}]},{"@type":"ImageObject","inLanguage":"hu","@id":"https:\/\/m-acryl.hu\/prestige\/termek\/violet-szabadon-allo-mumarvany-kad\/#primaryimage","url":"https:\/\/m-acryl.hu\/prestige\/wp-content\/uploads\/2024\/05\/m-acryl-prestige-violet-mumarvany-szabadon-allo-kad-feher-05.webp","contentUrl":"https:\/\/m-acryl.hu\/prestige\/wp-content\/uploads\/2024\/05\/m-acryl-prestige-violet-mumarvany-szabadon-allo-kad-feher-05.webp","width":1920,"height":1200,"caption":"M-Acryl Prestige, Violet szabadon \u00e1ll\u00f3 k\u00e1d, m\u0171m\u00e1rv\u00e1ny k\u00e1d, modern f\u00fcrd\u0151szoba, feh\u00e9r f\u00fcrd\u0151szoba \u00f6tletek"},{"@type":"BreadcrumbList","@id":"https:\/\/m-acryl.hu\/prestige\/termek\/violet-szabadon-allo-mumarvany-kad\/#breadcrumb","itemListElement":[{"@type":"ListItem","position":1,"name":"Kezd\u0151lap","item":"https:\/\/m-acryl.hu\/prestige\/"},{"@type":"ListItem","position":2,"name":"K\u00e1dak","item":"https:\/\/m-acryl.hu\/prestige\/kadak\/"},{"@type":"ListItem","position":3,"name":"Violet szabadon \u00e1ll\u00f3 m\u0171m\u00e1rv\u00e1ny k\u00e1d"}]},{"@type":"WebSite","@id":"https:\/\/m-acryl.hu\/prestige\/#website","url":"https:\/\/m-acryl.hu\/prestige\/","name":"Prestige","description":"Kiemelt k\u00e9nyelem minden nap","potentialAction":[{"@type":"SearchAction","target":{"@type":"EntryPoint","urlTemplate":"https:\/\/m-acryl.hu\/prestige\/?s={search_term_string}"},"query-input":{"@type":"PropertyValueSpecification","valueRequired":true,"valueName":"search_term_string"}}],"inLanguage":"hu"}]}},"_links":{"self":[{"href":"https:\/\/m-acryl.hu\/prestige\/wp-json\/wp\/v2\/product\/4072","targetHints":{"allow":["GET"]}}],"collection":[{"href":"https:\/\/m-acryl.hu\/prestige\/wp-json\/wp\/v2\/product"}],"about":[{"href":"https:\/\/m-acryl.hu\/prestige\/wp-json\/wp\/v2\/types\/product"}],"wp:featuredmedia":[{"embeddable":true,"href":"https:\/\/m-acryl.hu\/prestige\/wp-json\/wp\/v2\/media\/3797"}],"wp:attachment":[{"href":"https:\/\/m-acryl.hu\/prestige\/wp-json\/wp\/v2\/media?parent=4072"}],"wp:term":[{"taxonomy":"product_brand","embeddable":true,"href":"https:\/\/m-acryl.hu\/prestige\/wp-json\/wp\/v2\/product_brand?post=4072"},{"taxonomy":"product_cat","embeddable":true,"href":"https:\/\/m-acryl.hu\/prestige\/wp-json\/wp\/v2\/product_cat?post=4072"},{"taxonomy":"product_tag","embeddable":true,"href":"https:\/\/m-acryl.hu\/prestige\/wp-json\/wp\/v2\/product_tag?post=4072"}],"curies":[{"name":"wp","href":"https:\/\/api.w.org\/{rel}","templated":true}]}}