{"id":4013,"date":"2024-05-31T12:08:07","date_gmt":"2024-05-31T12:08:07","guid":{"rendered":"https:\/\/m-acryl.hu\/prestige\/?post_type=product&#038;p=4013"},"modified":"2026-04-08T08:52:48","modified_gmt":"2026-04-08T08:52:48","slug":"harmony-kulonleges-akril-kad","status":"publish","type":"product","link":"https:\/\/m-acryl.hu\/prestige\/termek\/harmony-kulonleges-akril-kad\/","title":{"rendered":"Harmony k\u00fcl\u00f6nleges akril k\u00e1d"},"content":{"rendered":"<p class=\"p1\">Sarokba illeszked\u0151 kialak\u00edt\u00e1s. T\u00e1gas beltere k\u00e9nyelmet ny\u00fajt, m\u00edg a pereme praktikus t\u00e1rol\u00f3felu\u0308letk\u00e9nt szolg\u00e1l.<\/p>\n","protected":false},"excerpt":{"rendered":"<p>A Harmony k\u00e1d k\u00fcl\u00f6nleges aszimmetrikus kialak\u00edt\u00e1sa a sarokba k\u00edv\u00e1nkozik. Formavil\u00e1ga \u00e9s t\u00e1gas bels\u0151 tere a szabadon \u00e1ll\u00f3 k\u00e1dakhoz teszi hasonl\u00f3v\u00e1, mik\u00f6zben a kisz\u00e9les\u00edtett pereme praktikus t\u00e1rol\u00f3fel\u00fcletk\u00e9nt szolg\u00e1l. Rejtett r\u00e9st\u00falfoly\u00f3val \u00e9rkezik, ami akkor is v\u00e9di a f\u00fcrd\u0151szob\u00e1t, ha nyitva felejten\u00e9 a csapot. Higi\u00e9nikus akril fel\u00fclet\u00e9nek k\u00f6sz\u00f6nhet\u0151en k\u00f6nnyen tiszt\u00e1n tarthatja. F\u00e9nyes feh\u00e9r \u00e9s matt fekete sz\u00ednekben rendelhet\u0151, \u00edgy b\u00e1rmilyen f\u00fcrd\u0151szobai enteri\u0151rbe j\u00f3l illeszkedik.<\/p>\n<p><strong>A Harmony k\u00fcl\u00f6nleges k\u00e1d f\u0151bb jellemz\u0151i:<\/strong><\/p>\n<ul>\n<li>Tart\u00f3s \u00e9s k\u00f6nnyen tiszt\u00edthat\u00f3 akril k\u00e1d,<\/li>\n<li>Sarokba helyezhet\u0151 aszimmetrikus kialak\u00edt\u00e1s,<\/li>\n<li>Modern \u00e9s eleg\u00e1ns megjelen\u00e9s\u0171,<\/li>\n<li>2 sz\u00ednben rendelhet\u0151 (f\u00e9nyes feh\u00e9r \u00e9s matt fekete)<\/li>\n<li>15 \u00e9v garanci\u00e1val.<\/li>\n<\/ul>\n<p>Haszn\u00e1lja ki a Harmony k\u00e1d praktikus \u00e9s k\u00e9nyelmes kialak\u00edt\u00e1s\u00e1t!<\/p>\n","protected":false},"featured_media":3827,"template":"","meta":[],"product_brand":[],"product_cat":[193,194,65,196,195,175,174,218,172],"product_tag":[52,53,198,54,147],"class_list":{"0":"post-4013","1":"product","2":"type-product","3":"status-publish","4":"has-post-thumbnail","6":"product_cat-15-ev-garancia","7":"product_cat-2-szemelyes-kad","8":"product_cat-akril-kadak","9":"product_cat-antibakterialis-felulet","10":"product_cat-balos-jobbos","11":"product_cat-feher-kadak","12":"product_cat-matt-fekete-kadak","13":"product_cat-pakolhato-feluletu-kadak","14":"product_cat-sarokba-rakhato-kadak","15":"product_tag-15-ev-garancia","16":"product_tag-2-szemelyes-kad","17":"product_tag-akril","18":"product_tag-antibaterialis-felulet","19":"product_tag-balos-jobbos","21":"first","22":"instock","23":"sold-individually","24":"shipping-taxable","25":"purchasable","26":"product-type-variable","27":"has-default-attributes"},"yoast_head":"<!-- This site is optimized with the Yoast SEO plugin v27.2 - https:\/\/yoast.com\/product\/yoast-seo-wordpress\/ -->\n<title>Harmony k\u00fcl\u00f6nleges akril k\u00e1d - Prestige<\/title>\n<meta name=\"description\" content=\"A Harmony aszimmetrikus sarokk\u00e1d, amit modern diz\u00e1jn, t\u00e1gas bels\u0151 t\u00e9r \u00e9s praktikus pakol\u00f3t\u00e9r jellem. Ismerje meg a Prestige k\u00e1d r\u00e9szleteit!\" \/>\n<meta name=\"robots\" content=\"index, follow, max-snippet:-1, max-image-preview:large, max-video-preview:-1\" \/>\n<link rel=\"canonical\" href=\"https:\/\/m-acryl.hu\/prestige\/termek\/harmony-kulonleges-akril-kad\/\" \/>\n<meta property=\"og:locale\" content=\"hu_HU\" \/>\n<meta property=\"og:type\" content=\"article\" \/>\n<meta property=\"og:title\" content=\"Harmony k\u00fcl\u00f6nleges akril k\u00e1d - Prestige\" \/>\n<meta property=\"og:description\" content=\"A Harmony aszimmetrikus sarokk\u00e1d, amit modern diz\u00e1jn, t\u00e1gas bels\u0151 t\u00e9r \u00e9s praktikus pakol\u00f3t\u00e9r jellem. Ismerje meg a Prestige k\u00e1d r\u00e9szleteit!\" \/>\n<meta property=\"og:url\" content=\"https:\/\/m-acryl.hu\/prestige\/termek\/harmony-kulonleges-akril-kad\/\" \/>\n<meta property=\"og:site_name\" content=\"Prestige\" \/>\n<meta property=\"article:modified_time\" content=\"2026-04-08T08:52:48+00:00\" \/>\n<meta property=\"og:image\" content=\"https:\/\/m-acryl.hu\/prestige\/wp-content\/uploads\/2024\/05\/m-acryl-prestige-harmony-acryl-szabadon-allo-kad-feher-01.webp\" \/>\n\t<meta property=\"og:image:width\" content=\"1920\" \/>\n\t<meta property=\"og:image:height\" content=\"1200\" \/>\n\t<meta property=\"og:image:type\" content=\"image\/webp\" \/>\n<meta name=\"twitter:card\" content=\"summary_large_image\" \/>\n<meta name=\"twitter:label1\" content=\"Becs\u00fclt olvas\u00e1si id\u0151\" \/>\n\t<meta name=\"twitter:data1\" content=\"1 perc\" \/>\n<script type=\"application\/ld+json\" class=\"yoast-schema-graph\">{\"@context\":\"https:\/\/schema.org\",\"@graph\":[{\"@type\":\"WebPage\",\"@id\":\"https:\/\/m-acryl.hu\/prestige\/termek\/harmony-kulonleges-akril-kad\/\",\"url\":\"https:\/\/m-acryl.hu\/prestige\/termek\/harmony-kulonleges-akril-kad\/\",\"name\":\"Harmony k\u00fcl\u00f6nleges akril k\u00e1d - Prestige\",\"isPartOf\":{\"@id\":\"https:\/\/m-acryl.hu\/prestige\/#website\"},\"primaryImageOfPage\":{\"@id\":\"https:\/\/m-acryl.hu\/prestige\/termek\/harmony-kulonleges-akril-kad\/#primaryimage\"},\"image\":{\"@id\":\"https:\/\/m-acryl.hu\/prestige\/termek\/harmony-kulonleges-akril-kad\/#primaryimage\"},\"thumbnailUrl\":\"https:\/\/m-acryl.hu\/prestige\/wp-content\/uploads\/2024\/05\/m-acryl-prestige-harmony-acryl-szabadon-allo-kad-feher-01.webp\",\"datePublished\":\"2024-05-31T12:08:07+00:00\",\"dateModified\":\"2026-04-08T08:52:48+00:00\",\"description\":\"A Harmony aszimmetrikus sarokk\u00e1d, amit modern diz\u00e1jn, t\u00e1gas bels\u0151 t\u00e9r \u00e9s praktikus pakol\u00f3t\u00e9r jellem. Ismerje meg a Prestige k\u00e1d r\u00e9szleteit!\",\"breadcrumb\":{\"@id\":\"https:\/\/m-acryl.hu\/prestige\/termek\/harmony-kulonleges-akril-kad\/#breadcrumb\"},\"inLanguage\":\"hu\",\"potentialAction\":[{\"@type\":\"ReadAction\",\"target\":[\"https:\/\/m-acryl.hu\/prestige\/termek\/harmony-kulonleges-akril-kad\/\"]}]},{\"@type\":\"ImageObject\",\"inLanguage\":\"hu\",\"@id\":\"https:\/\/m-acryl.hu\/prestige\/termek\/harmony-kulonleges-akril-kad\/#primaryimage\",\"url\":\"https:\/\/m-acryl.hu\/prestige\/wp-content\/uploads\/2024\/05\/m-acryl-prestige-harmony-acryl-szabadon-allo-kad-feher-01.webp\",\"contentUrl\":\"https:\/\/m-acryl.hu\/prestige\/wp-content\/uploads\/2024\/05\/m-acryl-prestige-harmony-acryl-szabadon-allo-kad-feher-01.webp\",\"width\":1920,\"height\":1200,\"caption\":\"M-Acryl Prestige k\u00e1d, Harmony falra tolhat\u00f3 szabadon \u00e1ll\u00f3 k\u00e1d, szabadon \u00e1ll\u00f3 k\u00e1d, f\u00fcrd\u0151k\u00e1d, luxus f\u00fcrd\u0151szoba\"},{\"@type\":\"BreadcrumbList\",\"@id\":\"https:\/\/m-acryl.hu\/prestige\/termek\/harmony-kulonleges-akril-kad\/#breadcrumb\",\"itemListElement\":[{\"@type\":\"ListItem\",\"position\":1,\"name\":\"Kezd\u0151lap\",\"item\":\"https:\/\/m-acryl.hu\/prestige\/\"},{\"@type\":\"ListItem\",\"position\":2,\"name\":\"K\u00e1dak\",\"item\":\"https:\/\/m-acryl.hu\/prestige\/kadak\/\"},{\"@type\":\"ListItem\",\"position\":3,\"name\":\"Harmony k\u00fcl\u00f6nleges akril k\u00e1d\"}]},{\"@type\":\"WebSite\",\"@id\":\"https:\/\/m-acryl.hu\/prestige\/#website\",\"url\":\"https:\/\/m-acryl.hu\/prestige\/\",\"name\":\"Prestige\",\"description\":\"Kiemelt k\u00e9nyelem minden nap\",\"potentialAction\":[{\"@type\":\"SearchAction\",\"target\":{\"@type\":\"EntryPoint\",\"urlTemplate\":\"https:\/\/m-acryl.hu\/prestige\/?s={search_term_string}\"},\"query-input\":{\"@type\":\"PropertyValueSpecification\",\"valueRequired\":true,\"valueName\":\"search_term_string\"}}],\"inLanguage\":\"hu\"}]}<\/script>\n<!-- \/ Yoast SEO plugin. -->","yoast_head_json":{"title":"Harmony k\u00fcl\u00f6nleges akril k\u00e1d - Prestige","description":"A Harmony aszimmetrikus sarokk\u00e1d, amit modern diz\u00e1jn, t\u00e1gas bels\u0151 t\u00e9r \u00e9s praktikus pakol\u00f3t\u00e9r jellem. Ismerje meg a Prestige k\u00e1d r\u00e9szleteit!","robots":{"index":"index","follow":"follow","max-snippet":"max-snippet:-1","max-image-preview":"max-image-preview:large","max-video-preview":"max-video-preview:-1"},"canonical":"https:\/\/m-acryl.hu\/prestige\/termek\/harmony-kulonleges-akril-kad\/","og_locale":"hu_HU","og_type":"article","og_title":"Harmony k\u00fcl\u00f6nleges akril k\u00e1d - Prestige","og_description":"A Harmony aszimmetrikus sarokk\u00e1d, amit modern diz\u00e1jn, t\u00e1gas bels\u0151 t\u00e9r \u00e9s praktikus pakol\u00f3t\u00e9r jellem. Ismerje meg a Prestige k\u00e1d r\u00e9szleteit!","og_url":"https:\/\/m-acryl.hu\/prestige\/termek\/harmony-kulonleges-akril-kad\/","og_site_name":"Prestige","article_modified_time":"2026-04-08T08:52:48+00:00","og_image":[{"width":1920,"height":1200,"url":"https:\/\/m-acryl.hu\/prestige\/wp-content\/uploads\/2024\/05\/m-acryl-prestige-harmony-acryl-szabadon-allo-kad-feher-01.webp","type":"image\/webp"}],"twitter_card":"summary_large_image","twitter_misc":{"Becs\u00fclt olvas\u00e1si id\u0151":"1 perc"},"schema":{"@context":"https:\/\/schema.org","@graph":[{"@type":"WebPage","@id":"https:\/\/m-acryl.hu\/prestige\/termek\/harmony-kulonleges-akril-kad\/","url":"https:\/\/m-acryl.hu\/prestige\/termek\/harmony-kulonleges-akril-kad\/","name":"Harmony k\u00fcl\u00f6nleges akril k\u00e1d - Prestige","isPartOf":{"@id":"https:\/\/m-acryl.hu\/prestige\/#website"},"primaryImageOfPage":{"@id":"https:\/\/m-acryl.hu\/prestige\/termek\/harmony-kulonleges-akril-kad\/#primaryimage"},"image":{"@id":"https:\/\/m-acryl.hu\/prestige\/termek\/harmony-kulonleges-akril-kad\/#primaryimage"},"thumbnailUrl":"https:\/\/m-acryl.hu\/prestige\/wp-content\/uploads\/2024\/05\/m-acryl-prestige-harmony-acryl-szabadon-allo-kad-feher-01.webp","datePublished":"2024-05-31T12:08:07+00:00","dateModified":"2026-04-08T08:52:48+00:00","description":"A Harmony aszimmetrikus sarokk\u00e1d, amit modern diz\u00e1jn, t\u00e1gas bels\u0151 t\u00e9r \u00e9s praktikus pakol\u00f3t\u00e9r jellem. Ismerje meg a Prestige k\u00e1d r\u00e9szleteit!","breadcrumb":{"@id":"https:\/\/m-acryl.hu\/prestige\/termek\/harmony-kulonleges-akril-kad\/#breadcrumb"},"inLanguage":"hu","potentialAction":[{"@type":"ReadAction","target":["https:\/\/m-acryl.hu\/prestige\/termek\/harmony-kulonleges-akril-kad\/"]}]},{"@type":"ImageObject","inLanguage":"hu","@id":"https:\/\/m-acryl.hu\/prestige\/termek\/harmony-kulonleges-akril-kad\/#primaryimage","url":"https:\/\/m-acryl.hu\/prestige\/wp-content\/uploads\/2024\/05\/m-acryl-prestige-harmony-acryl-szabadon-allo-kad-feher-01.webp","contentUrl":"https:\/\/m-acryl.hu\/prestige\/wp-content\/uploads\/2024\/05\/m-acryl-prestige-harmony-acryl-szabadon-allo-kad-feher-01.webp","width":1920,"height":1200,"caption":"M-Acryl Prestige k\u00e1d, Harmony falra tolhat\u00f3 szabadon \u00e1ll\u00f3 k\u00e1d, szabadon \u00e1ll\u00f3 k\u00e1d, f\u00fcrd\u0151k\u00e1d, luxus f\u00fcrd\u0151szoba"},{"@type":"BreadcrumbList","@id":"https:\/\/m-acryl.hu\/prestige\/termek\/harmony-kulonleges-akril-kad\/#breadcrumb","itemListElement":[{"@type":"ListItem","position":1,"name":"Kezd\u0151lap","item":"https:\/\/m-acryl.hu\/prestige\/"},{"@type":"ListItem","position":2,"name":"K\u00e1dak","item":"https:\/\/m-acryl.hu\/prestige\/kadak\/"},{"@type":"ListItem","position":3,"name":"Harmony k\u00fcl\u00f6nleges akril k\u00e1d"}]},{"@type":"WebSite","@id":"https:\/\/m-acryl.hu\/prestige\/#website","url":"https:\/\/m-acryl.hu\/prestige\/","name":"Prestige","description":"Kiemelt k\u00e9nyelem minden nap","potentialAction":[{"@type":"SearchAction","target":{"@type":"EntryPoint","urlTemplate":"https:\/\/m-acryl.hu\/prestige\/?s={search_term_string}"},"query-input":{"@type":"PropertyValueSpecification","valueRequired":true,"valueName":"search_term_string"}}],"inLanguage":"hu"}]}},"_links":{"self":[{"href":"https:\/\/m-acryl.hu\/prestige\/wp-json\/wp\/v2\/product\/4013","targetHints":{"allow":["GET"]}}],"collection":[{"href":"https:\/\/m-acryl.hu\/prestige\/wp-json\/wp\/v2\/product"}],"about":[{"href":"https:\/\/m-acryl.hu\/prestige\/wp-json\/wp\/v2\/types\/product"}],"wp:featuredmedia":[{"embeddable":true,"href":"https:\/\/m-acryl.hu\/prestige\/wp-json\/wp\/v2\/media\/3827"}],"wp:attachment":[{"href":"https:\/\/m-acryl.hu\/prestige\/wp-json\/wp\/v2\/media?parent=4013"}],"wp:term":[{"taxonomy":"product_brand","embeddable":true,"href":"https:\/\/m-acryl.hu\/prestige\/wp-json\/wp\/v2\/product_brand?post=4013"},{"taxonomy":"product_cat","embeddable":true,"href":"https:\/\/m-acryl.hu\/prestige\/wp-json\/wp\/v2\/product_cat?post=4013"},{"taxonomy":"product_tag","embeddable":true,"href":"https:\/\/m-acryl.hu\/prestige\/wp-json\/wp\/v2\/product_tag?post=4013"}],"curies":[{"name":"wp","href":"https:\/\/api.w.org\/{rel}","templated":true}]}}