{"id":16,"date":"2024-05-07T07:27:09","date_gmt":"2024-05-07T07:27:09","guid":{"rendered":"https:\/\/m-acryl.hu\/prestige\/kosar\/"},"modified":"2024-07-03T12:25:10","modified_gmt":"2024-07-03T12:25:10","slug":"kosar","status":"publish","type":"page","link":"https:\/\/m-acryl.hu\/prestige\/kosar\/","title":{"rendered":"Kos\u00e1r"},"content":{"rendered":"<div class=\"fusion-fullwidth fullwidth-box fusion-builder-row-1 fusion-flex-container nonhundred-percent-fullwidth non-hundred-percent-height-scrolling\" style=\"--awb-border-radius-top-left:0px;--awb-border-radius-top-right:0px;--awb-border-radius-bottom-right:0px;--awb-border-radius-bottom-left:0px;--awb-flex-wrap:wrap;\" ><div class=\"fusion-builder-row fusion-row fusion-flex-align-items-flex-start fusion-flex-content-wrap\" style=\"max-width:1310.4px;margin-left: calc(-4% \/ 2 );margin-right: calc(-4% \/ 2 );\"><div class=\"fusion-layout-column fusion_builder_column fusion-builder-column-0 fusion_builder_column_1_1 1_1 fusion-flex-column\" style=\"--awb-bg-size:cover;--awb-width-large:100%;--awb-margin-top-large:0px;--awb-spacing-right-large:1.92%;--awb-margin-bottom-large:0px;--awb-spacing-left-large:1.92%;--awb-width-medium:100%;--awb-spacing-right-medium:1.92%;--awb-spacing-left-medium:1.92%;--awb-width-small:100%;--awb-spacing-right-small:1.92%;--awb-spacing-left-small:1.92%;\"><div class=\"fusion-column-wrapper fusion-flex-justify-content-flex-start fusion-content-layout-column\"><div id=\"mmform298775\" class=\"mmform\" style=\"position: relative; padding-bottom: 300px; height: 0; overflow: hidden; max-width: 100%;\"><\/div>\n<script type=\"text\/javascript\">\nvar uniqueId = 2987751719900617332,\n\tlistId = 150949,\n\tformId = 298775,\n\tiwidth=420,\n\tmmDomain='salesautopilot.s3.amazonaws.com',\n\tsecondMMDomain='public.metakft.hu',\n\tspancont=false,\n\tsecure='https:' == (document.location.protocol)?true:false;\n<\/script>\n<script type=\"text\/javascript\" src=\"https:\/\/d1ursyhqs5x9h1.cloudfront.net\/sw\/scripts\/mm-embed-iframe-1.17.min.js\"><\/script><\/div><\/div><\/div><\/div>\n","protected":false},"excerpt":{"rendered":"","protected":false},"author":1,"featured_media":0,"parent":0,"menu_order":0,"comment_status":"closed","ping_status":"closed","template":"100-width.php","meta":{"footnotes":""},"class_list":["post-16","page","type-page","status-publish","hentry"],"yoast_head":"<!-- This site is optimized with the Yoast SEO plugin v27.2 - https:\/\/yoast.com\/product\/yoast-seo-wordpress\/ -->\n<title>Kos\u00e1r - Prestige<\/title>\n<meta name=\"robots\" content=\"index, follow, max-snippet:-1, max-image-preview:large, max-video-preview:-1\" \/>\n<link rel=\"canonical\" href=\"https:\/\/m-acryl.hu\/prestige\/kosar\/\" \/>\n<meta property=\"og:locale\" content=\"hu_HU\" \/>\n<meta property=\"og:type\" content=\"article\" \/>\n<meta property=\"og:title\" content=\"Kos\u00e1r - Prestige\" \/>\n<meta property=\"og:url\" content=\"https:\/\/m-acryl.hu\/prestige\/kosar\/\" \/>\n<meta property=\"og:site_name\" content=\"Prestige\" \/>\n<meta property=\"article:modified_time\" content=\"2024-07-03T12:25:10+00:00\" \/>\n<meta name=\"twitter:card\" content=\"summary_large_image\" \/>\n<meta name=\"twitter:label1\" content=\"Becs\u00fclt olvas\u00e1si id\u0151\" \/>\n\t<meta name=\"twitter:data1\" content=\"2 perc\" \/>\n<script type=\"application\/ld+json\" class=\"yoast-schema-graph\">{\"@context\":\"https:\/\/schema.org\",\"@graph\":[{\"@type\":\"WebPage\",\"@id\":\"https:\/\/m-acryl.hu\/prestige\/kosar\/\",\"url\":\"https:\/\/m-acryl.hu\/prestige\/kosar\/\",\"name\":\"Kos\u00e1r - Prestige\",\"isPartOf\":{\"@id\":\"https:\/\/m-acryl.hu\/prestige\/#website\"},\"datePublished\":\"2024-05-07T07:27:09+00:00\",\"dateModified\":\"2024-07-03T12:25:10+00:00\",\"breadcrumb\":{\"@id\":\"https:\/\/m-acryl.hu\/prestige\/kosar\/#breadcrumb\"},\"inLanguage\":\"hu\",\"potentialAction\":[{\"@type\":\"ReadAction\",\"target\":[\"https:\/\/m-acryl.hu\/prestige\/kosar\/\"]}]},{\"@type\":\"BreadcrumbList\",\"@id\":\"https:\/\/m-acryl.hu\/prestige\/kosar\/#breadcrumb\",\"itemListElement\":[{\"@type\":\"ListItem\",\"position\":1,\"name\":\"Kezd\u0151lap\",\"item\":\"https:\/\/m-acryl.hu\/prestige\/\"},{\"@type\":\"ListItem\",\"position\":2,\"name\":\"Kos\u00e1r\"}]},{\"@type\":\"WebSite\",\"@id\":\"https:\/\/m-acryl.hu\/prestige\/#website\",\"url\":\"https:\/\/m-acryl.hu\/prestige\/\",\"name\":\"Prestige\",\"description\":\"Kiemelt k\u00e9nyelem minden nap\",\"potentialAction\":[{\"@type\":\"SearchAction\",\"target\":{\"@type\":\"EntryPoint\",\"urlTemplate\":\"https:\/\/m-acryl.hu\/prestige\/?s={search_term_string}\"},\"query-input\":{\"@type\":\"PropertyValueSpecification\",\"valueRequired\":true,\"valueName\":\"search_term_string\"}}],\"inLanguage\":\"hu\"}]}<\/script>\n<!-- \/ Yoast SEO plugin. -->","yoast_head_json":{"title":"Kos\u00e1r - Prestige","robots":{"index":"index","follow":"follow","max-snippet":"max-snippet:-1","max-image-preview":"max-image-preview:large","max-video-preview":"max-video-preview:-1"},"canonical":"https:\/\/m-acryl.hu\/prestige\/kosar\/","og_locale":"hu_HU","og_type":"article","og_title":"Kos\u00e1r - Prestige","og_url":"https:\/\/m-acryl.hu\/prestige\/kosar\/","og_site_name":"Prestige","article_modified_time":"2024-07-03T12:25:10+00:00","twitter_card":"summary_large_image","twitter_misc":{"Becs\u00fclt olvas\u00e1si id\u0151":"2 perc"},"schema":{"@context":"https:\/\/schema.org","@graph":[{"@type":"WebPage","@id":"https:\/\/m-acryl.hu\/prestige\/kosar\/","url":"https:\/\/m-acryl.hu\/prestige\/kosar\/","name":"Kos\u00e1r - Prestige","isPartOf":{"@id":"https:\/\/m-acryl.hu\/prestige\/#website"},"datePublished":"2024-05-07T07:27:09+00:00","dateModified":"2024-07-03T12:25:10+00:00","breadcrumb":{"@id":"https:\/\/m-acryl.hu\/prestige\/kosar\/#breadcrumb"},"inLanguage":"hu","potentialAction":[{"@type":"ReadAction","target":["https:\/\/m-acryl.hu\/prestige\/kosar\/"]}]},{"@type":"BreadcrumbList","@id":"https:\/\/m-acryl.hu\/prestige\/kosar\/#breadcrumb","itemListElement":[{"@type":"ListItem","position":1,"name":"Kezd\u0151lap","item":"https:\/\/m-acryl.hu\/prestige\/"},{"@type":"ListItem","position":2,"name":"Kos\u00e1r"}]},{"@type":"WebSite","@id":"https:\/\/m-acryl.hu\/prestige\/#website","url":"https:\/\/m-acryl.hu\/prestige\/","name":"Prestige","description":"Kiemelt k\u00e9nyelem minden nap","potentialAction":[{"@type":"SearchAction","target":{"@type":"EntryPoint","urlTemplate":"https:\/\/m-acryl.hu\/prestige\/?s={search_term_string}"},"query-input":{"@type":"PropertyValueSpecification","valueRequired":true,"valueName":"search_term_string"}}],"inLanguage":"hu"}]}},"_links":{"self":[{"href":"https:\/\/m-acryl.hu\/prestige\/wp-json\/wp\/v2\/pages\/16","targetHints":{"allow":["GET"]}}],"collection":[{"href":"https:\/\/m-acryl.hu\/prestige\/wp-json\/wp\/v2\/pages"}],"about":[{"href":"https:\/\/m-acryl.hu\/prestige\/wp-json\/wp\/v2\/types\/page"}],"author":[{"embeddable":true,"href":"https:\/\/m-acryl.hu\/prestige\/wp-json\/wp\/v2\/users\/1"}],"replies":[{"embeddable":true,"href":"https:\/\/m-acryl.hu\/prestige\/wp-json\/wp\/v2\/comments?post=16"}],"version-history":[{"count":3,"href":"https:\/\/m-acryl.hu\/prestige\/wp-json\/wp\/v2\/pages\/16\/revisions"}],"predecessor-version":[{"id":5191,"href":"https:\/\/m-acryl.hu\/prestige\/wp-json\/wp\/v2\/pages\/16\/revisions\/5191"}],"wp:attachment":[{"href":"https:\/\/m-acryl.hu\/prestige\/wp-json\/wp\/v2\/media?parent=16"}],"curies":[{"name":"wp","href":"https:\/\/api.w.org\/{rel}","templated":true}]}}