{"id":603,"date":"2020-02-03T11:59:38","date_gmt":"2020-02-03T11:59:38","guid":{"rendered":"https:\/\/m-acryl.hu\/kad-kisokos\/?page_id=603"},"modified":"2026-03-19T14:42:55","modified_gmt":"2026-03-19T14:42:55","slug":"inspiracio","status":"publish","type":"page","link":"https:\/\/m-acryl.hu\/kad-kisokos\/inspiracio\/","title":{"rendered":"Inspir\u00e1ci\u00f3"},"content":{"rendered":"<p>[et_pb_section fb_built=&#8221;1&#8243; admin_label=&#8221;Hero section&#8221; _builder_version=&#8221;4.16&#8243; use_background_color_gradient=&#8221;on&#8221; background_color_gradient_stops=&#8221;rgba(62,80,98,0.6) 0%|rgba(62,80,98,0.95) 100%&#8221; background_color_gradient_overlays_image=&#8221;on&#8221; background_color_gradient_start=&#8221;rgba(62,80,98,0.6)&#8221; background_color_gradient_end=&#8221;rgba(62,80,98,0.95)&#8221; background_image=&#8221;https:\/\/m-acryl.hu\/kad-kisokos\/wp-content\/uploads\/2020\/02\/Mia-web.jpg&#8221; background_position=&#8221;top_center&#8221; custom_margin=&#8221;|||&#8221; custom_padding=&#8221;16.3%||16.3%||true|&#8221; global_colors_info=&#8221;{}&#8221;][et_pb_row _builder_version=&#8221;4.16&#8243; global_colors_info=&#8221;{}&#8221;][et_pb_column type=&#8221;4_4&#8243; _builder_version=&#8221;4.16&#8243; global_colors_info=&#8221;{}&#8221;][et_pb_blurb title=&#8221;Inspir\u00e1ci\u00f3 a t\u00f6k\u00e9letes k\u00e1d kiv\u00e1laszt\u00e1s\u00e1hoz&#8221; _builder_version=&#8221;4.16&#8243; header_level=&#8221;h1&#8243; header_text_align=&#8221;center&#8221; header_text_color=&#8221;#FFFFFF&#8221; header_font_size=&#8221;40px&#8221; header_line_height=&#8221;1.4em&#8221; body_text_color=&#8221;#FFFFFF&#8221; body_font_size=&#8221;16px&#8221; custom_margin=&#8221;||-13px|||&#8221; global_colors_info=&#8221;{}&#8221;][\/et_pb_blurb][\/et_pb_column][\/et_pb_row][\/et_pb_section][et_pb_section fb_built=&#8221;1&#8243; _builder_version=&#8221;4.16&#8243; custom_margin=&#8221;11px||||false|false&#8221; custom_padding=&#8221;0px||0px|||&#8221; global_colors_info=&#8221;{}&#8221;][et_pb_row use_custom_gutter=&#8221;on&#8221; gutter_width=&#8221;1&#8243; _builder_version=&#8221;4.16&#8243; width=&#8221;100%&#8221; custom_margin=&#8221;-11px|auto||auto||&#8221; custom_padding=&#8221;0px||0px|||&#8221; global_colors_info=&#8221;{}&#8221;][et_pb_column type=&#8221;4_4&#8243; _builder_version=&#8221;4.16&#8243; global_colors_info=&#8221;{}&#8221;][et_pb_text _builder_version=&#8221;4.16&#8243; header_2_text_align=&#8221;left&#8221; header_2_font_size=&#8221;28px&#8221; custom_margin=&#8221;44px||44px||true|false&#8221; global_colors_info=&#8221;{}&#8221;]<\/p>\n<h2 style=\"text-align: center;\">Egyenes akril k\u00e1dak<\/h2>\n<p>[\/et_pb_text][et_pb_gallery gallery_ids=&#8221;681,680,677,742,743,744&#8243; fullwidth=&#8221;on&#8221; _builder_version=&#8221;4.16&#8243; global_colors_info=&#8221;{}&#8221;][\/et_pb_gallery][et_pb_text _builder_version=&#8221;4.16&#8243; header_2_text_align=&#8221;left&#8221; header_2_font_size=&#8221;28px&#8221; custom_margin=&#8221;44px||44px||true|false&#8221; global_colors_info=&#8221;{}&#8221;]<\/p>\n<h2 style=\"text-align: center;\">Aszimmetrikus k\u00e1dak<\/h2>\n<p>[\/et_pb_text][et_pb_gallery gallery_ids=&#8221;746,747,748,749&#8243; fullwidth=&#8221;on&#8221; _builder_version=&#8221;4.16&#8243; global_colors_info=&#8221;{}&#8221;][\/et_pb_gallery][et_pb_text _builder_version=&#8221;4.16&#8243; header_2_text_align=&#8221;left&#8221; header_2_font_size=&#8221;28px&#8221; custom_margin=&#8221;44px||44px||true|false&#8221; global_colors_info=&#8221;{}&#8221;]<\/p>\n<h2 style=\"text-align: center;\">Sarokk\u00e1dak<\/h2>\n<p>[\/et_pb_text][et_pb_gallery gallery_ids=&#8221;752,753,754,755,756,749&#8243; fullwidth=&#8221;on&#8221; _builder_version=&#8221;4.16&#8243; global_colors_info=&#8221;{}&#8221;][\/et_pb_gallery][et_pb_text _builder_version=&#8221;4.16&#8243; header_2_text_align=&#8221;left&#8221; header_2_font_size=&#8221;28px&#8221; custom_margin=&#8221;44px||44px||true|false&#8221; global_colors_info=&#8221;{}&#8221;]<\/p>\n<h2 style=\"text-align: center;\">K\u00fcl\u00f6nlegesk\u00e1dak<\/h2>\n<p>[\/et_pb_text][et_pb_gallery gallery_ids=&#8221;757,758,759,760,761,762&#8243; fullwidth=&#8221;on&#8221; _builder_version=&#8221;4.16&#8243; global_colors_info=&#8221;{}&#8221;][\/et_pb_gallery][et_pb_text _builder_version=&#8221;4.16&#8243; header_2_text_align=&#8221;left&#8221; header_2_font_size=&#8221;28px&#8221; custom_margin=&#8221;44px||44px||true|false&#8221; global_colors_info=&#8221;{}&#8221;]<\/p>\n<h2 style=\"text-align: center;\">Szabadon \u00e1ll\u00f3 k\u00e1dak<\/h2>\n<p>[\/et_pb_text][et_pb_gallery gallery_ids=&#8221;7254,7244,7159,6922,6924&#8243; fullwidth=&#8221;on&#8221; _builder_version=&#8221;4.27.5&#8243; hover_enabled=&#8221;0&#8243; global_colors_info=&#8221;{}&#8221; sticky_enabled=&#8221;0&#8243;][\/et_pb_gallery][\/et_pb_column][\/et_pb_row][\/et_pb_section]<\/p>\n","protected":false},"excerpt":{"rendered":"<p>Egyenes akril k\u00e1dakAszimmetrikus k\u00e1dakSarokk\u00e1dakK\u00fcl\u00f6nlegesk\u00e1dakSzabadon \u00e1ll\u00f3 k\u00e1dak<\/p>\n","protected":false},"author":1,"featured_media":0,"parent":0,"menu_order":0,"comment_status":"closed","ping_status":"closed","template":"","meta":{"_et_pb_use_builder":"on","_et_pb_old_content":"","_et_gb_content_width":"","footnotes":""},"class_list":["post-603","page","type-page","status-publish","hentry"],"yoast_head":"<!-- This site is optimized with the Yoast SEO plugin v26.6 - https:\/\/yoast.com\/wordpress\/plugins\/seo\/ -->\n<title>Inspir\u00e1ci\u00f3 - K\u00e1d-Kisokos<\/title>\n<meta name=\"description\" content=\"Tervez? \u00d6tletet szeretne? Inspir\u00e1ci\u00f3 t\u00e1runkba \u00f6sszegy\u00fajt\u00f6tt\u00fck az M-Acryl f\u00fcrd\u0151k\u00e1dat teljes v\u00e1laszt\u00e9k\u00e1t, k\u00e1pr\u00e1zatos enteri\u00f6r\u00f6kbe tervezve. Tekintse meg!\" \/>\n<meta name=\"robots\" content=\"index, follow, max-snippet:-1, max-image-preview:large, max-video-preview:-1\" \/>\n<link rel=\"canonical\" href=\"https:\/\/m-acryl.hu\/kad-kisokos\/inspiracio\/\" \/>\n<meta property=\"og:locale\" content=\"hu_HU\" \/>\n<meta property=\"og:type\" content=\"article\" \/>\n<meta property=\"og:title\" content=\"M-Acryl f\u00fcrd\u0151k\u00e1d inspir\u00e1ci\u00f3t\u00e1r\" \/>\n<meta property=\"og:description\" content=\"Tervez? \u00d6tletet szeretne? Inspir\u00e1ci\u00f3 t\u00e1runkba \u00f6sszegy\u00fajt\u00f6tt\u00fck az M-Acryl f\u00fcrd\u0151k\u00e1dat teljes v\u00e1laszt\u00e9k\u00e1t, k\u00e1pr\u00e1zatos enteri\u00f6r\u00f6kbe tervezve. Tekintse meg!\" \/>\n<meta property=\"og:url\" content=\"https:\/\/m-acryl.hu\/kad-kisokos\/inspiracio\/\" \/>\n<meta property=\"og:site_name\" content=\"K\u00e1d kisokos\" \/>\n<meta property=\"article:modified_time\" content=\"2026-03-19T14:42:55+00:00\" \/>\n<meta name=\"twitter:card\" content=\"summary_large_image\" \/>\n<meta name=\"twitter:label1\" content=\"Becs\u00fclt olvas\u00e1si id\u0151\" \/>\n\t<meta name=\"twitter:data1\" content=\"2 perc\" \/>\n<script type=\"application\/ld+json\" class=\"yoast-schema-graph\">{\"@context\":\"https:\/\/schema.org\",\"@graph\":[{\"@type\":\"WebPage\",\"@id\":\"https:\/\/m-acryl.hu\/kad-kisokos\/inspiracio\/\",\"url\":\"https:\/\/m-acryl.hu\/kad-kisokos\/inspiracio\/\",\"name\":\"Inspir\u00e1ci\u00f3 - K\u00e1d-Kisokos\",\"isPartOf\":{\"@id\":\"https:\/\/m-acryl.hu\/kad-kisokos\/#website\"},\"datePublished\":\"2020-02-03T11:59:38+00:00\",\"dateModified\":\"2026-03-19T14:42:55+00:00\",\"description\":\"Tervez? \u00d6tletet szeretne? Inspir\u00e1ci\u00f3 t\u00e1runkba \u00f6sszegy\u00fajt\u00f6tt\u00fck az M-Acryl f\u00fcrd\u0151k\u00e1dat teljes v\u00e1laszt\u00e9k\u00e1t, k\u00e1pr\u00e1zatos enteri\u00f6r\u00f6kbe tervezve. Tekintse meg!\",\"breadcrumb\":{\"@id\":\"https:\/\/m-acryl.hu\/kad-kisokos\/inspiracio\/#breadcrumb\"},\"inLanguage\":\"hu\",\"potentialAction\":[{\"@type\":\"ReadAction\",\"target\":[\"https:\/\/m-acryl.hu\/kad-kisokos\/inspiracio\/\"]}]},{\"@type\":\"BreadcrumbList\",\"@id\":\"https:\/\/m-acryl.hu\/kad-kisokos\/inspiracio\/#breadcrumb\",\"itemListElement\":[{\"@type\":\"ListItem\",\"position\":1,\"name\":\"Home\",\"item\":\"https:\/\/m-acryl.hu\/kad-kisokos\/\"},{\"@type\":\"ListItem\",\"position\":2,\"name\":\"Inspir\u00e1ci\u00f3\"}]},{\"@type\":\"WebSite\",\"@id\":\"https:\/\/m-acryl.hu\/kad-kisokos\/#website\",\"url\":\"https:\/\/m-acryl.hu\/kad-kisokos\/\",\"name\":\"K\u00e1d kisokos\",\"description\":\"Az M-Acryl f\u00fcrd\u0151k\u00e1dakr\u00f3l k\u00f6z\u00e9rthet\u0151en\",\"potentialAction\":[{\"@type\":\"SearchAction\",\"target\":{\"@type\":\"EntryPoint\",\"urlTemplate\":\"https:\/\/m-acryl.hu\/kad-kisokos\/?s={search_term_string}\"},\"query-input\":{\"@type\":\"PropertyValueSpecification\",\"valueRequired\":true,\"valueName\":\"search_term_string\"}}],\"inLanguage\":\"hu\"}]}<\/script>\n<!-- \/ Yoast SEO plugin. -->","yoast_head_json":{"title":"Inspir\u00e1ci\u00f3 - K\u00e1d-Kisokos","description":"Tervez? \u00d6tletet szeretne? Inspir\u00e1ci\u00f3 t\u00e1runkba \u00f6sszegy\u00fajt\u00f6tt\u00fck az M-Acryl f\u00fcrd\u0151k\u00e1dat teljes v\u00e1laszt\u00e9k\u00e1t, k\u00e1pr\u00e1zatos enteri\u00f6r\u00f6kbe tervezve. Tekintse meg!","robots":{"index":"index","follow":"follow","max-snippet":"max-snippet:-1","max-image-preview":"max-image-preview:large","max-video-preview":"max-video-preview:-1"},"canonical":"https:\/\/m-acryl.hu\/kad-kisokos\/inspiracio\/","og_locale":"hu_HU","og_type":"article","og_title":"M-Acryl f\u00fcrd\u0151k\u00e1d inspir\u00e1ci\u00f3t\u00e1r","og_description":"Tervez? \u00d6tletet szeretne? Inspir\u00e1ci\u00f3 t\u00e1runkba \u00f6sszegy\u00fajt\u00f6tt\u00fck az M-Acryl f\u00fcrd\u0151k\u00e1dat teljes v\u00e1laszt\u00e9k\u00e1t, k\u00e1pr\u00e1zatos enteri\u00f6r\u00f6kbe tervezve. Tekintse meg!","og_url":"https:\/\/m-acryl.hu\/kad-kisokos\/inspiracio\/","og_site_name":"K\u00e1d kisokos","article_modified_time":"2026-03-19T14:42:55+00:00","twitter_card":"summary_large_image","twitter_misc":{"Becs\u00fclt olvas\u00e1si id\u0151":"2 perc"},"schema":{"@context":"https:\/\/schema.org","@graph":[{"@type":"WebPage","@id":"https:\/\/m-acryl.hu\/kad-kisokos\/inspiracio\/","url":"https:\/\/m-acryl.hu\/kad-kisokos\/inspiracio\/","name":"Inspir\u00e1ci\u00f3 - K\u00e1d-Kisokos","isPartOf":{"@id":"https:\/\/m-acryl.hu\/kad-kisokos\/#website"},"datePublished":"2020-02-03T11:59:38+00:00","dateModified":"2026-03-19T14:42:55+00:00","description":"Tervez? \u00d6tletet szeretne? Inspir\u00e1ci\u00f3 t\u00e1runkba \u00f6sszegy\u00fajt\u00f6tt\u00fck az M-Acryl f\u00fcrd\u0151k\u00e1dat teljes v\u00e1laszt\u00e9k\u00e1t, k\u00e1pr\u00e1zatos enteri\u00f6r\u00f6kbe tervezve. Tekintse meg!","breadcrumb":{"@id":"https:\/\/m-acryl.hu\/kad-kisokos\/inspiracio\/#breadcrumb"},"inLanguage":"hu","potentialAction":[{"@type":"ReadAction","target":["https:\/\/m-acryl.hu\/kad-kisokos\/inspiracio\/"]}]},{"@type":"BreadcrumbList","@id":"https:\/\/m-acryl.hu\/kad-kisokos\/inspiracio\/#breadcrumb","itemListElement":[{"@type":"ListItem","position":1,"name":"Home","item":"https:\/\/m-acryl.hu\/kad-kisokos\/"},{"@type":"ListItem","position":2,"name":"Inspir\u00e1ci\u00f3"}]},{"@type":"WebSite","@id":"https:\/\/m-acryl.hu\/kad-kisokos\/#website","url":"https:\/\/m-acryl.hu\/kad-kisokos\/","name":"K\u00e1d kisokos","description":"Az M-Acryl f\u00fcrd\u0151k\u00e1dakr\u00f3l k\u00f6z\u00e9rthet\u0151en","potentialAction":[{"@type":"SearchAction","target":{"@type":"EntryPoint","urlTemplate":"https:\/\/m-acryl.hu\/kad-kisokos\/?s={search_term_string}"},"query-input":{"@type":"PropertyValueSpecification","valueRequired":true,"valueName":"search_term_string"}}],"inLanguage":"hu"}]}},"_links":{"self":[{"href":"https:\/\/m-acryl.hu\/kad-kisokos\/wp-json\/wp\/v2\/pages\/603","targetHints":{"allow":["GET"]}}],"collection":[{"href":"https:\/\/m-acryl.hu\/kad-kisokos\/wp-json\/wp\/v2\/pages"}],"about":[{"href":"https:\/\/m-acryl.hu\/kad-kisokos\/wp-json\/wp\/v2\/types\/page"}],"author":[{"embeddable":true,"href":"https:\/\/m-acryl.hu\/kad-kisokos\/wp-json\/wp\/v2\/users\/1"}],"replies":[{"embeddable":true,"href":"https:\/\/m-acryl.hu\/kad-kisokos\/wp-json\/wp\/v2\/comments?post=603"}],"version-history":[{"count":15,"href":"https:\/\/m-acryl.hu\/kad-kisokos\/wp-json\/wp\/v2\/pages\/603\/revisions"}],"predecessor-version":[{"id":7445,"href":"https:\/\/m-acryl.hu\/kad-kisokos\/wp-json\/wp\/v2\/pages\/603\/revisions\/7445"}],"wp:attachment":[{"href":"https:\/\/m-acryl.hu\/kad-kisokos\/wp-json\/wp\/v2\/media?parent=603"}],"curies":[{"name":"wp","href":"https:\/\/api.w.org\/{rel}","templated":true}]}}