{"id":5823,"date":"2023-12-14T13:26:17","date_gmt":"2023-12-14T13:26:17","guid":{"rendered":"https:\/\/m-acryl.hu\/kad-kisokos\/?page_id=5823"},"modified":"2023-12-14T13:26:22","modified_gmt":"2023-12-14T13:26:22","slug":"iratkozzon-fel-az-m-acryl-hirlevelre","status":"publish","type":"page","link":"https:\/\/m-acryl.hu\/kad-kisokos\/iratkozzon-fel-az-m-acryl-hirlevelre\/","title":{"rendered":"Iratkozzon fel az M-Acryl h\u00edrlev\u00e9lre!"},"content":{"rendered":"<p>[et_pb_section fb_built=&#8221;1&#8243; _builder_version=&#8221;4.16&#8243; background_color=&#8221;#f0f0f0&#8243; custom_margin=&#8221;||0px|||&#8221; custom_padding=&#8221;9px||1px|||&#8221; top_divider_height=&#8221;25px&#8221; border_width_all=&#8221;23px&#8221; border_color_all=&#8221;#e2e2e2&#8243; locked=&#8221;off&#8221; collapsed=&#8221;on&#8221; global_colors_info=&#8221;{}&#8221;][et_pb_row _builder_version=&#8221;4.16&#8243; width=&#8221;70%&#8221; width_tablet=&#8221;&#8221; width_phone=&#8221;90%&#8221; width_last_edited=&#8221;on|phone&#8221; min_height=&#8221;636px&#8221; custom_margin=&#8221;40px|auto||auto||&#8221; global_colors_info=&#8221;{}&#8221;][et_pb_column type=&#8221;4_4&#8243; _builder_version=&#8221;4.16&#8243; global_colors_info=&#8221;{}&#8221;][et_pb_blurb use_icon=&#8221;on&#8221; font_icon=&#8221;&#xe010;||divi||400&#8243; icon_color=&#8221;#c5d300&#8243; image_icon_width=&#8221;108px&#8221; content_max_width=&#8221;687px&#8221; _builder_version=&#8221;4.16&#8243; header_level=&#8221;h2&#8243; body_text_color=&#8221;#424242&#8243; body_font_size=&#8221;17px&#8221; custom_margin=&#8221;|0px|0px|0px|false|false&#8221; custom_padding=&#8221;|0px||0px|false|false&#8221; icon_font_size=&#8221;108px&#8221; global_colors_info=&#8221;{}&#8221;][\/et_pb_blurb][et_pb_text _builder_version=&#8221;4.23.1&#8243; header_text_align=&#8221;center&#8221; custom_margin=&#8221;6px||6px||true|false&#8221; global_colors_info=&#8221;{}&#8221;]<\/p>\n<h2 style=\"text-align: center;\">M-Acryl f\u00fcrd\u0151k\u00e1d h\u00edrek<\/h2>\n<p>[\/et_pb_text][et_pb_text _builder_version=&#8221;4.23.1&#8243; text_text_color=&#8221;#FFFFFF&#8221; text_font_size=&#8221;17px&#8221; text_line_height=&#8221;1.6em&#8221; custom_padding=&#8221;||2px|||&#8221; global_colors_info=&#8221;{}&#8221;]<\/p>\n<p style=\"text-align: center;\"><span style=\"color: #333333;\">Iratkozzon fel, hogy \u00e9rtes\u00fclj\u00f6n inspir\u00e1l\u00f3 \u00e9s szak\u00e9rt\u0151i cikkeinkr\u0151l, \u00fajdons\u00e1gainkr\u00f3l \u00e9s az aktu\u00e1lis M-Acryl f\u00fcrd\u0151k\u00e1d kevdezm\u00e9nyekr\u0151l.<br \/><\/span><\/p>\n<p>[\/et_pb_text][et_pb_code _builder_version=&#8221;4.16&#8243; background_color=&#8221;rgba(0,0,0,0)&#8221; custom_padding=&#8221;||0px|||&#8221; animation_style=&#8221;fade&#8221; global_colors_info=&#8221;{}&#8221;]<\/p>\n<div id=\"mmform201115\" class=\"mmform\" style=\"position: relative; padding-bottom: 300px; height: 0; overflow: hidden; max-width: 100%;\"><\/div>\n<p><!-- [et_pb_line_break_holder] --><!-- [et_pb_line_break_holder] --><script type=\"text\/javascript\"><!-- [et_pb_line_break_holder] -->var uniqueId = 2011151587117327,listId = 104491,formId = 201115,iwidth=115,mmDomain='salesautopilot.s3.amazonaws.com',secondMMDomain='sw.marketingszoftverek.hu',spancont=false,secure=('https:' == document.location.protocol)?true:false;<!-- [et_pb_line_break_holder] --><\/script><!-- [et_pb_line_break_holder] --><script type=\"text\/javascript\" src=\"https:\/\/d1ursyhqs5x9h1.cloudfront.net\/sw\/scripts\/mm-embed-iframe-1.15.min.js\"><\/script>[\/et_pb_code][\/et_pb_column][\/et_pb_row][\/et_pb_section]<\/p>\n","protected":false},"excerpt":{"rendered":"<p>M-Acryl f\u00fcrd\u0151k\u00e1d h\u00edrekIratkozzon fel, hogy \u00e9rtes\u00fclj\u00f6n inspir\u00e1l\u00f3 \u00e9s szak\u00e9rt\u0151i cikkeinkr\u0151l, \u00fajdons\u00e1gainkr\u00f3l \u00e9s az aktu\u00e1lis M-Acryl f\u00fcrd\u0151k\u00e1d kevdezm\u00e9nyekr\u0151l.<\/p>\n","protected":false},"author":6,"featured_media":0,"parent":0,"menu_order":0,"comment_status":"closed","ping_status":"closed","template":"","meta":{"_et_pb_use_builder":"on","_et_pb_old_content":"","_et_gb_content_width":"","footnotes":""},"class_list":["post-5823","page","type-page","status-publish","hentry"],"yoast_head":"<!-- This site is optimized with the Yoast SEO plugin v26.6 - https:\/\/yoast.com\/wordpress\/plugins\/seo\/ -->\n<title>Iratkozzon fel az M-Acryl h\u00edrlev\u00e9lre! - K\u00e1d kisokos<\/title>\n<meta name=\"description\" content=\"Szeretne \u00e9rtes\u00fclni a legfrissebb M-Arcry f\u00fcrd\u0151k\u00e1d h\u00edrekr\u0151l \u00e9s kedvezm\u00e9nyekr\u0151l? Iratkozzon a fel a h\u00edrlevel\u00fcnkre!\" \/>\n<meta name=\"robots\" content=\"index, follow, max-snippet:-1, max-image-preview:large, max-video-preview:-1\" \/>\n<link rel=\"canonical\" href=\"https:\/\/m-acryl.hu\/kad-kisokos\/iratkozzon-fel-az-m-acryl-hirlevelre\/\" \/>\n<meta property=\"og:locale\" content=\"hu_HU\" \/>\n<meta property=\"og:type\" content=\"article\" \/>\n<meta property=\"og:title\" content=\"Iratkozzon fel az M-Acryl h\u00edrlev\u00e9lre! - K\u00e1d kisokos\" \/>\n<meta property=\"og:description\" content=\"Szeretne \u00e9rtes\u00fclni a legfrissebb M-Arcry f\u00fcrd\u0151k\u00e1d h\u00edrekr\u0151l \u00e9s kedvezm\u00e9nyekr\u0151l? Iratkozzon a fel a h\u00edrlevel\u00fcnkre!\" \/>\n<meta property=\"og:url\" content=\"https:\/\/m-acryl.hu\/kad-kisokos\/iratkozzon-fel-az-m-acryl-hirlevelre\/\" \/>\n<meta property=\"og:site_name\" content=\"K\u00e1d kisokos\" \/>\n<meta property=\"article:modified_time\" content=\"2023-12-14T13:26:22+00:00\" \/>\n<meta name=\"twitter:card\" content=\"summary_large_image\" \/>\n<meta name=\"twitter:label1\" content=\"Becs\u00fclt olvas\u00e1si id\u0151\" \/>\n\t<meta name=\"twitter:data1\" content=\"1 perc\" \/>\n<script type=\"application\/ld+json\" class=\"yoast-schema-graph\">{\"@context\":\"https:\/\/schema.org\",\"@graph\":[{\"@type\":\"WebPage\",\"@id\":\"https:\/\/m-acryl.hu\/kad-kisokos\/iratkozzon-fel-az-m-acryl-hirlevelre\/\",\"url\":\"https:\/\/m-acryl.hu\/kad-kisokos\/iratkozzon-fel-az-m-acryl-hirlevelre\/\",\"name\":\"Iratkozzon fel az M-Acryl h\u00edrlev\u00e9lre! - K\u00e1d kisokos\",\"isPartOf\":{\"@id\":\"https:\/\/m-acryl.hu\/kad-kisokos\/#website\"},\"datePublished\":\"2023-12-14T13:26:17+00:00\",\"dateModified\":\"2023-12-14T13:26:22+00:00\",\"description\":\"Szeretne \u00e9rtes\u00fclni a legfrissebb M-Arcry f\u00fcrd\u0151k\u00e1d h\u00edrekr\u0151l \u00e9s kedvezm\u00e9nyekr\u0151l? Iratkozzon a fel a h\u00edrlevel\u00fcnkre!\",\"breadcrumb\":{\"@id\":\"https:\/\/m-acryl.hu\/kad-kisokos\/iratkozzon-fel-az-m-acryl-hirlevelre\/#breadcrumb\"},\"inLanguage\":\"hu\",\"potentialAction\":[{\"@type\":\"ReadAction\",\"target\":[\"https:\/\/m-acryl.hu\/kad-kisokos\/iratkozzon-fel-az-m-acryl-hirlevelre\/\"]}]},{\"@type\":\"BreadcrumbList\",\"@id\":\"https:\/\/m-acryl.hu\/kad-kisokos\/iratkozzon-fel-az-m-acryl-hirlevelre\/#breadcrumb\",\"itemListElement\":[{\"@type\":\"ListItem\",\"position\":1,\"name\":\"Home\",\"item\":\"https:\/\/m-acryl.hu\/kad-kisokos\/\"},{\"@type\":\"ListItem\",\"position\":2,\"name\":\"Iratkozzon fel az M-Acryl h\u00edrlev\u00e9lre!\"}]},{\"@type\":\"WebSite\",\"@id\":\"https:\/\/m-acryl.hu\/kad-kisokos\/#website\",\"url\":\"https:\/\/m-acryl.hu\/kad-kisokos\/\",\"name\":\"K\u00e1d kisokos\",\"description\":\"Az M-Acryl f\u00fcrd\u0151k\u00e1dakr\u00f3l k\u00f6z\u00e9rthet\u0151en\",\"potentialAction\":[{\"@type\":\"SearchAction\",\"target\":{\"@type\":\"EntryPoint\",\"urlTemplate\":\"https:\/\/m-acryl.hu\/kad-kisokos\/?s={search_term_string}\"},\"query-input\":{\"@type\":\"PropertyValueSpecification\",\"valueRequired\":true,\"valueName\":\"search_term_string\"}}],\"inLanguage\":\"hu\"}]}<\/script>\n<!-- \/ Yoast SEO plugin. -->","yoast_head_json":{"title":"Iratkozzon fel az M-Acryl h\u00edrlev\u00e9lre! - K\u00e1d kisokos","description":"Szeretne \u00e9rtes\u00fclni a legfrissebb M-Arcry f\u00fcrd\u0151k\u00e1d h\u00edrekr\u0151l \u00e9s kedvezm\u00e9nyekr\u0151l? Iratkozzon a fel a h\u00edrlevel\u00fcnkre!","robots":{"index":"index","follow":"follow","max-snippet":"max-snippet:-1","max-image-preview":"max-image-preview:large","max-video-preview":"max-video-preview:-1"},"canonical":"https:\/\/m-acryl.hu\/kad-kisokos\/iratkozzon-fel-az-m-acryl-hirlevelre\/","og_locale":"hu_HU","og_type":"article","og_title":"Iratkozzon fel az M-Acryl h\u00edrlev\u00e9lre! - K\u00e1d kisokos","og_description":"Szeretne \u00e9rtes\u00fclni a legfrissebb M-Arcry f\u00fcrd\u0151k\u00e1d h\u00edrekr\u0151l \u00e9s kedvezm\u00e9nyekr\u0151l? Iratkozzon a fel a h\u00edrlevel\u00fcnkre!","og_url":"https:\/\/m-acryl.hu\/kad-kisokos\/iratkozzon-fel-az-m-acryl-hirlevelre\/","og_site_name":"K\u00e1d kisokos","article_modified_time":"2023-12-14T13:26:22+00:00","twitter_card":"summary_large_image","twitter_misc":{"Becs\u00fclt olvas\u00e1si id\u0151":"1 perc"},"schema":{"@context":"https:\/\/schema.org","@graph":[{"@type":"WebPage","@id":"https:\/\/m-acryl.hu\/kad-kisokos\/iratkozzon-fel-az-m-acryl-hirlevelre\/","url":"https:\/\/m-acryl.hu\/kad-kisokos\/iratkozzon-fel-az-m-acryl-hirlevelre\/","name":"Iratkozzon fel az M-Acryl h\u00edrlev\u00e9lre! - K\u00e1d kisokos","isPartOf":{"@id":"https:\/\/m-acryl.hu\/kad-kisokos\/#website"},"datePublished":"2023-12-14T13:26:17+00:00","dateModified":"2023-12-14T13:26:22+00:00","description":"Szeretne \u00e9rtes\u00fclni a legfrissebb M-Arcry f\u00fcrd\u0151k\u00e1d h\u00edrekr\u0151l \u00e9s kedvezm\u00e9nyekr\u0151l? Iratkozzon a fel a h\u00edrlevel\u00fcnkre!","breadcrumb":{"@id":"https:\/\/m-acryl.hu\/kad-kisokos\/iratkozzon-fel-az-m-acryl-hirlevelre\/#breadcrumb"},"inLanguage":"hu","potentialAction":[{"@type":"ReadAction","target":["https:\/\/m-acryl.hu\/kad-kisokos\/iratkozzon-fel-az-m-acryl-hirlevelre\/"]}]},{"@type":"BreadcrumbList","@id":"https:\/\/m-acryl.hu\/kad-kisokos\/iratkozzon-fel-az-m-acryl-hirlevelre\/#breadcrumb","itemListElement":[{"@type":"ListItem","position":1,"name":"Home","item":"https:\/\/m-acryl.hu\/kad-kisokos\/"},{"@type":"ListItem","position":2,"name":"Iratkozzon fel az M-Acryl h\u00edrlev\u00e9lre!"}]},{"@type":"WebSite","@id":"https:\/\/m-acryl.hu\/kad-kisokos\/#website","url":"https:\/\/m-acryl.hu\/kad-kisokos\/","name":"K\u00e1d kisokos","description":"Az M-Acryl f\u00fcrd\u0151k\u00e1dakr\u00f3l k\u00f6z\u00e9rthet\u0151en","potentialAction":[{"@type":"SearchAction","target":{"@type":"EntryPoint","urlTemplate":"https:\/\/m-acryl.hu\/kad-kisokos\/?s={search_term_string}"},"query-input":{"@type":"PropertyValueSpecification","valueRequired":true,"valueName":"search_term_string"}}],"inLanguage":"hu"}]}},"_links":{"self":[{"href":"https:\/\/m-acryl.hu\/kad-kisokos\/wp-json\/wp\/v2\/pages\/5823","targetHints":{"allow":["GET"]}}],"collection":[{"href":"https:\/\/m-acryl.hu\/kad-kisokos\/wp-json\/wp\/v2\/pages"}],"about":[{"href":"https:\/\/m-acryl.hu\/kad-kisokos\/wp-json\/wp\/v2\/types\/page"}],"author":[{"embeddable":true,"href":"https:\/\/m-acryl.hu\/kad-kisokos\/wp-json\/wp\/v2\/users\/6"}],"replies":[{"embeddable":true,"href":"https:\/\/m-acryl.hu\/kad-kisokos\/wp-json\/wp\/v2\/comments?post=5823"}],"version-history":[{"count":5,"href":"https:\/\/m-acryl.hu\/kad-kisokos\/wp-json\/wp\/v2\/pages\/5823\/revisions"}],"predecessor-version":[{"id":5838,"href":"https:\/\/m-acryl.hu\/kad-kisokos\/wp-json\/wp\/v2\/pages\/5823\/revisions\/5838"}],"wp:attachment":[{"href":"https:\/\/m-acryl.hu\/kad-kisokos\/wp-json\/wp\/v2\/media?parent=5823"}],"curies":[{"name":"wp","href":"https:\/\/api.w.org\/{rel}","templated":true}]}}