{"id":352,"date":"2020-02-01T13:40:23","date_gmt":"2020-02-01T13:40:23","guid":{"rendered":"https:\/\/m-acryl.hu\/kad-kisokos\/?page_id=352"},"modified":"2020-02-13T18:50:17","modified_gmt":"2020-02-13T18:50:17","slug":"osszes-cikk","status":"publish","type":"page","link":"https:\/\/m-acryl.hu\/kad-kisokos\/osszes-cikk\/","title":{"rendered":"\u00d6SSZES CIKK"},"content":{"rendered":"","protected":false},"excerpt":{"rendered":"","protected":false},"author":1,"featured_media":0,"parent":0,"menu_order":0,"comment_status":"closed","ping_status":"closed","template":"page-template-blog-feed.php","meta":{"_et_pb_use_builder":"on","_et_pb_old_content":"<!-- wp:divi\/placeholder \/-->","_et_gb_content_width":"","footnotes":""},"class_list":["post-352","page","type-page","status-publish","hentry"],"yoast_head":"<!-- This site is optimized with the Yoast SEO plugin v26.6 - https:\/\/yoast.com\/wordpress\/plugins\/seo\/ -->\n<title>K\u00e1d-Kisokos | Mindent a f\u00fcrd\u0151k\u00e1dakr\u00f3l k\u00f6z\u00e9rthet\u0151en<\/title>\n<meta name=\"description\" content=\"\u00c9p\u00edtkezik? Fel\u00faj\u00edt? Tudjon meg mindent, egyszer\u0171en a f\u00fcrd\u0151k\u00e1dakr\u00f3l. Seg\u00edt \u00d6nnek a K\u00e1d-Kisokos!\" \/>\n<meta name=\"robots\" content=\"index, follow, max-snippet:-1, max-image-preview:large, max-video-preview:-1\" \/>\n<link rel=\"canonical\" href=\"https:\/\/m-acryl.hu\/kad-kisokos\/osszes-cikk\/\" \/>\n<meta property=\"og:locale\" content=\"hu_HU\" \/>\n<meta property=\"og:type\" content=\"article\" \/>\n<meta property=\"og:title\" content=\"K\u00e1d-Kisokos | Mindent a f\u00fcrd\u0151k\u00e1dakr\u00f3l k\u00f6z\u00e9rthet\u0151en\" \/>\n<meta property=\"og:description\" content=\"\u00c9p\u00edtkezik? Fel\u00faj\u00edt? Tudjon meg mindent, egyszer\u0171en a f\u00fcrd\u0151k\u00e1dakr\u00f3l. Seg\u00edt \u00d6nnek a K\u00e1d-Kisokos!\" \/>\n<meta property=\"og:url\" content=\"https:\/\/m-acryl.hu\/kad-kisokos\/osszes-cikk\/\" \/>\n<meta property=\"og:site_name\" content=\"K\u00e1d kisokos\" \/>\n<meta property=\"article:modified_time\" content=\"2020-02-13T18:50:17+00:00\" \/>\n<meta name=\"twitter:card\" content=\"summary_large_image\" \/>\n<script type=\"application\/ld+json\" class=\"yoast-schema-graph\">{\"@context\":\"https:\/\/schema.org\",\"@graph\":[{\"@type\":\"WebPage\",\"@id\":\"https:\/\/m-acryl.hu\/kad-kisokos\/osszes-cikk\/\",\"url\":\"https:\/\/m-acryl.hu\/kad-kisokos\/osszes-cikk\/\",\"name\":\"K\u00e1d-Kisokos | Mindent a f\u00fcrd\u0151k\u00e1dakr\u00f3l k\u00f6z\u00e9rthet\u0151en\",\"isPartOf\":{\"@id\":\"https:\/\/m-acryl.hu\/kad-kisokos\/#website\"},\"datePublished\":\"2020-02-01T13:40:23+00:00\",\"dateModified\":\"2020-02-13T18:50:17+00:00\",\"description\":\"\u00c9p\u00edtkezik? Fel\u00faj\u00edt? Tudjon meg mindent, egyszer\u0171en a f\u00fcrd\u0151k\u00e1dakr\u00f3l. Seg\u00edt \u00d6nnek a K\u00e1d-Kisokos!\",\"breadcrumb\":{\"@id\":\"https:\/\/m-acryl.hu\/kad-kisokos\/osszes-cikk\/#breadcrumb\"},\"inLanguage\":\"hu\",\"potentialAction\":[{\"@type\":\"ReadAction\",\"target\":[\"https:\/\/m-acryl.hu\/kad-kisokos\/osszes-cikk\/\"]}]},{\"@type\":\"BreadcrumbList\",\"@id\":\"https:\/\/m-acryl.hu\/kad-kisokos\/osszes-cikk\/#breadcrumb\",\"itemListElement\":[{\"@type\":\"ListItem\",\"position\":1,\"name\":\"Home\",\"item\":\"https:\/\/m-acryl.hu\/kad-kisokos\/\"},{\"@type\":\"ListItem\",\"position\":2,\"name\":\"\u00d6SSZES CIKK\"}]},{\"@type\":\"WebSite\",\"@id\":\"https:\/\/m-acryl.hu\/kad-kisokos\/#website\",\"url\":\"https:\/\/m-acryl.hu\/kad-kisokos\/\",\"name\":\"K\u00e1d kisokos\",\"description\":\"Az M-Acryl f\u00fcrd\u0151k\u00e1dakr\u00f3l k\u00f6z\u00e9rthet\u0151en\",\"potentialAction\":[{\"@type\":\"SearchAction\",\"target\":{\"@type\":\"EntryPoint\",\"urlTemplate\":\"https:\/\/m-acryl.hu\/kad-kisokos\/?s={search_term_string}\"},\"query-input\":{\"@type\":\"PropertyValueSpecification\",\"valueRequired\":true,\"valueName\":\"search_term_string\"}}],\"inLanguage\":\"hu\"}]}<\/script>\n<!-- \/ Yoast SEO plugin. -->","yoast_head_json":{"title":"K\u00e1d-Kisokos | Mindent a f\u00fcrd\u0151k\u00e1dakr\u00f3l k\u00f6z\u00e9rthet\u0151en","description":"\u00c9p\u00edtkezik? Fel\u00faj\u00edt? Tudjon meg mindent, egyszer\u0171en a f\u00fcrd\u0151k\u00e1dakr\u00f3l. Seg\u00edt \u00d6nnek a K\u00e1d-Kisokos!","robots":{"index":"index","follow":"follow","max-snippet":"max-snippet:-1","max-image-preview":"max-image-preview:large","max-video-preview":"max-video-preview:-1"},"canonical":"https:\/\/m-acryl.hu\/kad-kisokos\/osszes-cikk\/","og_locale":"hu_HU","og_type":"article","og_title":"K\u00e1d-Kisokos | Mindent a f\u00fcrd\u0151k\u00e1dakr\u00f3l k\u00f6z\u00e9rthet\u0151en","og_description":"\u00c9p\u00edtkezik? Fel\u00faj\u00edt? Tudjon meg mindent, egyszer\u0171en a f\u00fcrd\u0151k\u00e1dakr\u00f3l. Seg\u00edt \u00d6nnek a K\u00e1d-Kisokos!","og_url":"https:\/\/m-acryl.hu\/kad-kisokos\/osszes-cikk\/","og_site_name":"K\u00e1d kisokos","article_modified_time":"2020-02-13T18:50:17+00:00","twitter_card":"summary_large_image","schema":{"@context":"https:\/\/schema.org","@graph":[{"@type":"WebPage","@id":"https:\/\/m-acryl.hu\/kad-kisokos\/osszes-cikk\/","url":"https:\/\/m-acryl.hu\/kad-kisokos\/osszes-cikk\/","name":"K\u00e1d-Kisokos | Mindent a f\u00fcrd\u0151k\u00e1dakr\u00f3l k\u00f6z\u00e9rthet\u0151en","isPartOf":{"@id":"https:\/\/m-acryl.hu\/kad-kisokos\/#website"},"datePublished":"2020-02-01T13:40:23+00:00","dateModified":"2020-02-13T18:50:17+00:00","description":"\u00c9p\u00edtkezik? Fel\u00faj\u00edt? Tudjon meg mindent, egyszer\u0171en a f\u00fcrd\u0151k\u00e1dakr\u00f3l. Seg\u00edt \u00d6nnek a K\u00e1d-Kisokos!","breadcrumb":{"@id":"https:\/\/m-acryl.hu\/kad-kisokos\/osszes-cikk\/#breadcrumb"},"inLanguage":"hu","potentialAction":[{"@type":"ReadAction","target":["https:\/\/m-acryl.hu\/kad-kisokos\/osszes-cikk\/"]}]},{"@type":"BreadcrumbList","@id":"https:\/\/m-acryl.hu\/kad-kisokos\/osszes-cikk\/#breadcrumb","itemListElement":[{"@type":"ListItem","position":1,"name":"Home","item":"https:\/\/m-acryl.hu\/kad-kisokos\/"},{"@type":"ListItem","position":2,"name":"\u00d6SSZES CIKK"}]},{"@type":"WebSite","@id":"https:\/\/m-acryl.hu\/kad-kisokos\/#website","url":"https:\/\/m-acryl.hu\/kad-kisokos\/","name":"K\u00e1d kisokos","description":"Az M-Acryl f\u00fcrd\u0151k\u00e1dakr\u00f3l k\u00f6z\u00e9rthet\u0151en","potentialAction":[{"@type":"SearchAction","target":{"@type":"EntryPoint","urlTemplate":"https:\/\/m-acryl.hu\/kad-kisokos\/?s={search_term_string}"},"query-input":{"@type":"PropertyValueSpecification","valueRequired":true,"valueName":"search_term_string"}}],"inLanguage":"hu"}]}},"_links":{"self":[{"href":"https:\/\/m-acryl.hu\/kad-kisokos\/wp-json\/wp\/v2\/pages\/352","targetHints":{"allow":["GET"]}}],"collection":[{"href":"https:\/\/m-acryl.hu\/kad-kisokos\/wp-json\/wp\/v2\/pages"}],"about":[{"href":"https:\/\/m-acryl.hu\/kad-kisokos\/wp-json\/wp\/v2\/types\/page"}],"author":[{"embeddable":true,"href":"https:\/\/m-acryl.hu\/kad-kisokos\/wp-json\/wp\/v2\/users\/1"}],"replies":[{"embeddable":true,"href":"https:\/\/m-acryl.hu\/kad-kisokos\/wp-json\/wp\/v2\/comments?post=352"}],"version-history":[{"count":2,"href":"https:\/\/m-acryl.hu\/kad-kisokos\/wp-json\/wp\/v2\/pages\/352\/revisions"}],"predecessor-version":[{"id":424,"href":"https:\/\/m-acryl.hu\/kad-kisokos\/wp-json\/wp\/v2\/pages\/352\/revisions\/424"}],"wp:attachment":[{"href":"https:\/\/m-acryl.hu\/kad-kisokos\/wp-json\/wp\/v2\/media?parent=352"}],"curies":[{"name":"wp","href":"https:\/\/api.w.org\/{rel}","templated":true}]}}