{"id":1204,"date":"2020-04-01T08:36:32","date_gmt":"2020-04-01T08:36:32","guid":{"rendered":"https:\/\/m-acryl.hu\/kad-kisokos\/?page_id=1204"},"modified":"2026-03-17T09:32:47","modified_gmt":"2026-03-17T09:32:47","slug":"gyik","status":"publish","type":"page","link":"https:\/\/m-acryl.hu\/kad-kisokos\/gyik\/","title":{"rendered":"GYIK"},"content":{"rendered":"<p>[et_pb_section fb_built=&#8221;1&#8243; admin_label=&#8221;Hero section&#8221; _builder_version=&#8221;4.16&#8243; use_background_color_gradient=&#8221;on&#8221; background_color_gradient_stops=&#8221;rgba(62,80,98,0.6) 0%|rgba(62,80,98,0.95) 100%&#8221; background_color_gradient_overlays_image=&#8221;on&#8221; background_color_gradient_start=&#8221;rgba(62,80,98,0.6)&#8221; background_color_gradient_end=&#8221;rgba(62,80,98,0.95)&#8221; background_image=&#8221;https:\/\/m-acryl.hu\/kad-kisokos\/wp-content\/uploads\/2020\/02\/Lux-I_enterio\u030br.jpg&#8221; background_position=&#8221;top_center&#8221; custom_margin=&#8221;|||&#8221; custom_padding=&#8221;15%||15%||true|false&#8221; global_colors_info=&#8221;{}&#8221;][et_pb_row _builder_version=&#8221;4.16&#8243; global_colors_info=&#8221;{}&#8221;][et_pb_column type=&#8221;4_4&#8243; _builder_version=&#8221;4.16&#8243; global_colors_info=&#8221;{}&#8221;][et_pb_blurb title=&#8221;GYAKRAN ISM\u00c9TELT K\u00c9RD\u00c9SEK&#8221; _builder_version=&#8221;4.16&#8243; header_text_align=&#8221;center&#8221; header_text_color=&#8221;#FFFFFF&#8221; header_font_size=&#8221;40px&#8221; body_text_color=&#8221;#FFFFFF&#8221; body_font_size=&#8221;16px&#8221; custom_margin=&#8221;||-13px|||&#8221; global_colors_info=&#8221;{}&#8221;][\/et_pb_blurb][\/et_pb_column][\/et_pb_row][\/et_pb_section][et_pb_section fb_built=&#8221;1&#8243; _builder_version=&#8221;4.16&#8243; global_colors_info=&#8221;{}&#8221;][et_pb_row _builder_version=&#8221;4.16&#8243; width=&#8221;70%&#8221; width_tablet=&#8221;&#8221; width_phone=&#8221;90%&#8221; width_last_edited=&#8221;on|phone&#8221; global_colors_info=&#8221;{}&#8221;][et_pb_column type=&#8221;4_4&#8243; _builder_version=&#8221;4.16&#8243; global_colors_info=&#8221;{}&#8221;][et_pb_text _builder_version=&#8221;4.23.1&#8243; _module_preset=&#8221;default&#8221; text_font_size=&#8221;16px&#8221; global_colors_info=&#8221;{}&#8221;]<\/p>\n<h2>Gyakran ism\u00e9telt k\u00e9rd\u00e9sek az M-Acryl f\u00fcrd\u0151k\u00e1dakra vonatkoz\u00f3an?<\/h2>\n<p>\u00d6sszegy\u0171jt\u00f6tt\u00fck azokat a k\u00e9rd\u00e9seket, amelyekkel f\u00fcrd\u0151k\u00e1d szak\u00e9rt\u0151inkh\u00f6z\u00a0 leggyakrabban fordulnak. Amennyiben az \u00d6nt \u00e9rdekl\u0151 inform\u00e1ci\u00f3t nem tal\u00e1lja meg az itt szerepl\u0151 v\u00e1laszok k\u00f6z\u00f6tt, \u00fagy \u00e9rdekl\u0151dj\u00f6n a <a href=\"mailto:bemutatoterem@metahungary.hu\">bemutatoterem@metahungary.hu<\/a> e-mail c\u00edmen.<\/p>\n<p>[\/et_pb_text][et_pb_toggle title=&#8221;Milyen k\u00e1dt\u00edpusok l\u00e9teznek?&#8221; _builder_version=&#8221;4.23.1&#8243; body_font_size=&#8221;16px&#8221; global_colors_info=&#8221;{}&#8221;]<\/p>\n<p>Az M-Acryl f\u00fcrd\u0151k\u00e1dakat megk\u00fcl\u00f6nb\u00f6ztethetj\u00fck forma szerint: egyenes, aszimmetrikus, sarok-, k\u00fcl\u00f6nleges \u00e9s szabadon \u00e1ll\u00f3 k\u00e1d. Ezen bel\u00fcl pedig tal\u00e1lhat\u00f3 m\u00e9g v\u00e9glefoly\u00f3s vagy k\u00f6z\u00e9plefoly\u00f3s kialak\u00edt\u00e1s.<\/p>\n<p>[\/et_pb_toggle][et_pb_toggle title=&#8221;Mi a k\u00fcl\u00f6nbs\u00e9g a v\u00e9glefoly\u00f3 \u00e9s a k\u00f6z\u00e9plefoly\u00f3 k\u00f6z\u00f6tt?&#8221; _builder_version=&#8221;4.16&#8243; body_font_size=&#8221;16px&#8221; global_colors_info=&#8221;{}&#8221;]<\/p>\n<p>A v\u00e9glefoly\u00f3s kialak\u00edt\u00e1sn\u00e1l a lefoly\u00f3, valamint a t\u00falfoly\u00f3 ny\u00edl\u00e1sai \u00e9s szerelv\u00e9nyei hagyom\u00e1nyosan a k\u00e1d l\u00e1b fel\u0151li v\u00e9g\u00e9n\u00e9l helyezkednek el. A k\u00f6z\u00e9plefoly\u00f3s elrendez\u00e9sben a lefoly\u00f3 \u00e9s a t\u00falfoly\u00f3 ny\u00edl\u00e1sai, szerelv\u00e9nyei a k\u00e1d k\u00f6zep\u00e9n helyezkednek el. Ha egyszerre ketten is haszn\u00e1lj\u00e1k a k\u00e1dat, akkor \u00e9rdemes k\u00f6z\u00e9plefoly\u00f3s k\u00e1dat v\u00e1lasztani, mert ebben az esetben nem zavarja (nem nyomja a h\u00e1tat) a f\u00fcrd\u0151z\u0151t a t\u00falfoly\u00f3 gombja.\u00a0 Olvasson b\u0151vebben is a k\u00f6z\u00e9plefoly\u00f3s k\u00e1dadr\u00f3l <span style=\"text-decoration: underline;\"><strong><span style=\"color: #00ccff; text-decoration: underline;\"><a href=\"https:\/\/m-acryl.hu\/kad-kisokos\/ketten-egy-kadban-kozeplefolyos-kaddal-nagyobb-elmeny\/\" target=\"_blank\" rel=\"noopener noreferrer\" style=\"color: #00ccff; text-decoration: underline;\">itt.<\/a><\/span><\/strong><\/span><i>\u00a0<\/i><\/p>\n<p>[\/et_pb_toggle][et_pb_toggle title=&#8221;Van igazi fa el\u0151lap a f\u00fcrd\u0151k\u00e1dakhoz?&#8221; _builder_version=&#8221;4.16&#8243; body_font_size=&#8221;16px&#8221; global_colors_info=&#8221;{}&#8221;]<\/p>\n<p><span>Igen, az M-Acryl f\u00fcrd\u0151k\u00e1dakhoz igazi tr\u00f3pusi fa el\u0151lapot rendelhet, ami csom\u00f3mentes \u00e9s id\u0151t\u00e1ll\u00f3 \u00e9s v\u00edz\u00e1ll\u00f3. Ismerje meg a tr\u00f3pusi fa el\u0151lapokat!<br \/><a href=\"https:\/\/m-acryl.hu\/kad-kisokos\/ezert-erdemel-furdokadja-igazi-tropusi-fa-elolapot\/\" target=\"_blank\" rel=\"noopener noreferrer\"><span style=\"text-decoration: underline; color: #00ccff;\"><strong>Tov\u00e1bb a cikkhez<\/strong><\/span><\/a><\/span><\/p>\n<p>[\/et_pb_toggle][et_pb_toggle title=&#8221;Ki tudom pr\u00f3b\u00e1lni a k\u00e1dat?&#8221; _builder_version=&#8221;4.16&#8243; body_font_size=&#8221;16px&#8221; global_colors_info=&#8221;{}&#8221;]<\/p>\n<p><span>Igen term\u00e9szetesen, budapesti bemutat\u00f3term\u00fcnkben, az \u00f6sszes k\u00e1dform\u00e1t kipr\u00f3b\u00e1lhatja, bele\u00fclhet a ki\u00e1ll\u00edtott k\u00e1dakba. K\u00e9rje szak\u00e9rt\u0151ink seg\u00edts\u00e9g\u00e9t. <span style=\"text-decoration: underline; color: #00ccff;\"><strong><a href=\"https:\/\/www.google.com\/maps\/place\/M-Acryl+F%C3%BCrd%C5[k%C3%A1d+bemutat%C3%B3terem\/@47.505815,19.11291,15z\/data=!4m5!3m4!1s0x0:0x54358ef5641f9f5c!8m2!3d47.505815!4d19.11291\" target=\"_blank\" rel=\"noopener noreferrer\" style=\"color: #00ccff; text-decoration: underline;\">\u00datvonaltervez\u00e9s a bemutat\u00f3terembe<\/a><\/strong><\/span><\/span><\/p>\n<p>[\/et_pb_toggle][et_pb_toggle title=&#8221;Milyen az akad\u00e1lymentes\u00edtett \u2013 bes\u00e9t\u00e1l\u00f3s k\u00e1d?&#8221; _builder_version=&#8221;4.16&#8243; body_font_size=&#8221;16px&#8221; global_colors_info=&#8221;{}&#8221;]<\/p>\n<p><span>Akad\u00e1lymentesnek mondhat\u00f3 egy k\u00e1d, ha az alacsonyabb a k\u00e1d bel\u00e9p\u0151 magass\u00e1ga a hagyom\u00e1nyos k\u00e1dhoz k\u00e9pest, vagy pedig a f\u00fcrd\u0151k\u00e1d oldal\u00e1n ajt\u00f3 tal\u00e1lhat\u00f3, ami megk\u00f6nny\u00edti a be- \u00e9s kisz\u00e1ll\u00e1st. Mindk\u00e9t term\u00e9kre mutatunk p\u00e9ld\u00e1t: <span style=\"color: #00ccff;\"><strong><a href=\"https:\/\/m-acryl.hu\/kad-kisokos\/csodakad-biztonsagos-kenyelmes-viztakarekos-az-eco-egyenes-furdokad\/\" target=\"_blank\" rel=\"noopener\" style=\"color: #00ccff;\">Eco egyenes k\u00e1d<\/a><\/strong><\/span>, <span style=\"text-decoration: underline; color: #00ccff;\"><strong><a href=\"https:\/\/m-acryl.hu\/termekek\/kulonleges-kad\/hera-akadalymentesitett-besetalos-akril-kad\" target=\"_blank\" rel=\"noopener\" style=\"color: #00ccff; text-decoration: underline;\">H\u00e9ra akad\u00e1lymentes\u00edtett k\u00e1d<\/a><\/strong><\/span>.<\/span><\/p>\n<p>[\/et_pb_toggle][et_pb_toggle title=&#8221;F\u00fcrdeni vagy zuhanyozni? Mindk\u00e9t m\u0171velet megoldhat\u00f3!&#8221; _builder_version=&#8221;4.16&#8243; body_font_size=&#8221;16px&#8221; global_colors_info=&#8221;{}&#8221;]<\/p>\n<p>Az M-Acryl f\u00fcrd\u0151k\u00e1dak megold\u00e1st ny\u00fajtanak mindk\u00e9t tiszt\u00e1lkod\u00e1si form\u00e1ra. <span style=\"color: #00ccff;\"><strong><a href=\"https:\/\/m-acryl.hu\/kad-kisokos\/ismerje-meg-az-elegans-kadparavanok-vilagat\/\" target=\"_blank\" rel=\"noopener\" style=\"color: #00ccff;\">K\u00e1dparav\u00e1nnal<\/a> <\/strong><\/span>kieg\u00e9sz\u00edtve kiel\u00e9g\u00edti a csal\u00e1d minden ig\u00e9ny\u00e9t. <strong><span style=\"color: #00ccff;\"><a href=\"https:\/\/m-acryl.hu\/kad-kisokos\/kettos-elmeny-az-aszimmetrikus-kadban\/\" target=\"_blank\" rel=\"noopener noreferrer\" style=\"color: #00ccff;\">Cikk\u00fcnkben b\u0151vebben olvashat err\u0151l <em>K\u00e1d is, kabin is.<\/em><\/a><\/span><\/strong><\/p>\n<p>[\/et_pb_toggle][et_pb_toggle title=&#8221;Milyen vastag az akril r\u00e9teg a f\u00fcrd\u0151k\u00e1d kialak\u00edt\u00e1s\u00e1ban?&#8221; _builder_version=&#8221;4.16&#8243; body_font_size=&#8221;16px&#8221; global_colors_info=&#8221;{}&#8221;]<\/p>\n<p><span>Az antibakteri\u00e1lis akril fel\u00fclet \u00fcvegsz\u00e1l er\u0151s\u00edt\u00e9ssel 4mm vastag r\u00e9teget k\u00e9pez, ami teherb\u00edr\u00f3v\u00e1 \u00e9s ellen\u00e1ll\u00f3v\u00e1 teszi. Minden M-Acryl f\u00fcrd\u0151k\u00e1d alj\u00e1n gyant\u00e1ba bor\u00edtott 2 cm vastag farostlemez er\u0151s\u00edt\u00e9s tal\u00e1lhat\u00f3.<\/span><\/p>\n<p>[\/et_pb_toggle][et_pb_toggle title=&#8221;Milyen tiszt\u00edt\u00f3szerekkel lehet a k\u00e1dat tiszt\u00edtani? &#8221; _builder_version=&#8221;4.16&#8243; body_font_size=&#8221;16px&#8221; global_colors_info=&#8221;{}&#8221;]<\/p>\n<p>Tiszt\u00edt\u00e1shoz karcmentes, szemcsementes tiszt\u00edt\u00f3szereket javaslunk, \u00edgy nem s\u00e9r\u00fcl az akril r\u00e9teg fel\u00fclete. <strong><span style=\"color: #00ccff;\"><a href=\"https:\/\/m-acryl.hu\/kiegeszitok\/tisztitas\" target=\"_blank\" rel=\"noopener\" style=\"color: #00ccff;\">Kieg\u00e9sz\u00edt\u0151k f\u00fcrd\u0151k\u00e1d tiszt\u00edt\u00e1shoz<\/a><\/span><\/strong>.<\/p>\n<p>[\/et_pb_toggle][et_pb_toggle title=&#8221;H\u00e1ny \u00e9v garanci\u00e1t biztos\u00edt az M-Acryl a f\u00fcrd\u0151k\u00e1dakra?&#8221; _builder_version=&#8221;4.16&#8243; body_font_size=&#8221;16px&#8221; global_colors_info=&#8221;{}&#8221;]<\/p>\n<ul>\n<li><span>A f\u00fcrd\u0151k\u00e1dakra 10 \u00e9v, t\u00e9rben \u00e1ll\u00f3 k\u00e1dakra 15 \u00e9vet garanci\u00e1t biztos\u00edtunk<\/span><\/li>\n<li><span>3 \u00e9v garancia van a massz\u00e1zsrendszerekre,<\/span><\/li>\n<li><span>2-3 \u00e9v garancia a k\u00e1dparav\u00e1nokra,<\/span><\/li>\n<li><span>2 \u00e9v garancia a kieg\u00e9sz\u00edt\u0151kre (el\u0151lapokra, sz\u00ednter\u00e1pi\u00e1kra, lefoly\u00f3kra, zuhanycs\u0151re \u00e9s zuhanyfejre, fejp\u00e1rn\u00e1kra),<\/span><\/li>\n<li><span>5 \u00e9v garancia a csaptelep alkatr\u00e9szekre.<br \/><\/span><span><\/span><span><\/span><\/li>\n<\/ul>\n<p><span><strong><span style=\"color: #00ccff;\"><a href=\"https:\/\/m-acryl.hu\/garancia\" target=\"_blank\" rel=\"noopener\" style=\"color: #00ccff;\">B\u0151vebben a garanci\u00e1r\u00f3l<\/a><\/span><\/strong>.<\/span><\/p>\n<p>[\/et_pb_toggle][et_pb_toggle title=&#8221;K\u00e1dl\u00e1bat \u00e9s a falhoz r\u00f6gz\u00edt\u0151 csomagot tartalmazza-e a k\u00e1d?&#8221; _builder_version=&#8221;4.16&#8243; body_font_size=&#8221;16px&#8221; global_colors_info=&#8221;{}&#8221;]<\/p>\n<p>Minden megv\u00e1s\u00e1rolt M-Acryl f\u00fcrd\u0151k\u00e1dhoz <span style=\"color: #00ccff;\"><strong><a href=\"https:\/\/m-acryl.hu\/img\/popPic.png\" target=\"_blank\" rel=\"noopener\" style=\"color: #00ccff;\">aj\u00e1nd\u00e9k k\u00e1dl\u00e1bat \u00e9s peremr\u00f6gz\u00edt\u0151t<\/a><\/strong><\/span> ad a gy\u00e1rt\u00f3.<\/p>\n<p>[\/et_pb_toggle][et_pb_toggle title=&#8221;Ki \u00fczemelheti be a k\u00e1dat. Szakszerviz vagy b\u00e1rki m\u00e1s? &#8221; _builder_version=&#8221;4.16&#8243; body_font_size=&#8221;16px&#8221; global_colors_info=&#8221;{}&#8221;]<\/p>\n<p>Az akril f\u00fcrd\u0151k\u00e1d beszerel\u00e9s\u00e9t b\u00e1rmilyen szakember elv\u00e9gezheti a szerel\u00e9si \u00fatmutat\u00f3 alapj\u00e1n, \u00edgy\u00a0 garancia \u00e9rv\u00e9nyes a k\u00e1dtestre. Amennyiben az \u00e1ltalunk k\u00edn\u00e1lt <strong><span style=\"color: #00ccff;\"><a href=\"https:\/\/m-acryl.hu\/beuzemeles\" target=\"_blank\" rel=\"noopener\" style=\"color: #00ccff;\">szakszerviz<\/a><\/span><\/strong> \u00e9p\u00edti be a k\u00e1dat, akkor garant\u00e1lt a szakszer\u0171 be\u00e9p\u00edt\u00e9s.<\/p>\n<p>[\/et_pb_toggle][et_pb_toggle title=&#8221;Be\u00e9p\u00edt\u00e9shez sz\u00fcks\u00e9ges beszerel\u00e9si \u00fatmutat\u00f3 hol tal\u00e1lhat\u00f3?&#8221; _builder_version=&#8221;4.27.5&#8243; body_font_size=&#8221;16px&#8221; hover_enabled=&#8221;0&#8243; global_colors_info=&#8221;{}&#8221; sticky_enabled=&#8221;0&#8243;]<\/p>\n<p>Minden M-Acryl f\u00fcrd\u0151k\u00e1d csomagj\u00e1ban tal\u00e1lhat\u00f3 a garancialev\u00e9l mellett egy beszerel\u00e9si \u00fatmutat\u00f3. Let\u00f6lthet\u0151 az <a href=\"https:\/\/m-acryl.hu\/letoltesek\" target=\"_blank\" rel=\"noopener\"><strong><span style=\"text-decoration: underline;\"><span style=\"color: #00ccff; text-decoration: underline;\">m-acryl.hu weboldalr\u00f3l. <\/span><\/span><\/strong><\/a><\/p>\n<p>[\/et_pb_toggle][et_pb_toggle title=&#8221;Jav\u00edthat\u00f3-e az akril k\u00e1d ha s\u00e9r\u00fcl?&#8221; _builder_version=&#8221;4.16&#8243; body_font_size=&#8221;16px&#8221; global_colors_info=&#8221;{}&#8221;]<\/p>\n<p><span>Kisebb karcok \u00e9s s\u00e9r\u00fcl\u00e9sek jav\u00edt\u00e1sa megoldhat\u00f3 puha rongy \u00e9s aut\u00f3pol\u00edrpaszta seg\u00edts\u00e9g\u00e9vel. <\/span><\/p>\n<p>[\/et_pb_toggle][\/et_pb_column][\/et_pb_row][\/et_pb_section]<\/p>\n","protected":false},"excerpt":{"rendered":"<p>Gyakran ism\u00e9telt k\u00e9rd\u00e9sek az M-Acryl f\u00fcrd\u0151k\u00e1dakra vonatkoz\u00f3an? \u00d6sszegy\u0171jt\u00f6tt\u00fck azokat a k\u00e9rd\u00e9seket, amelyekkel f\u00fcrd\u0151k\u00e1d szak\u00e9rt\u0151inkh\u00f6z\u00a0 leggyakrabban fordulnak. Amennyiben az \u00d6nt \u00e9rdekl\u0151 inform\u00e1ci\u00f3t nem tal\u00e1lja meg az itt szerepl\u0151 v\u00e1laszok k\u00f6z\u00f6tt, \u00fagy \u00e9rdekl\u0151dj\u00f6n a bemutatoterem@metahungary.hu e-mail c\u00edmen.Az M-Acryl f\u00fcrd\u0151k\u00e1dakat megk\u00fcl\u00f6nb\u00f6ztethetj\u00fck forma szerint: egyenes, aszimmetrikus, sarok-, k\u00fcl\u00f6nleges \u00e9s szabadon \u00e1ll\u00f3 k\u00e1d. Ezen bel\u00fcl pedig tal\u00e1lhat\u00f3 m\u00e9g v\u00e9glefoly\u00f3s vagy [&hellip;]<\/p>\n","protected":false},"author":3,"featured_media":0,"parent":0,"menu_order":0,"comment_status":"closed","ping_status":"closed","template":"","meta":{"_et_pb_use_builder":"on","_et_pb_old_content":"<!-- wp:divi\/placeholder \/-->","_et_gb_content_width":"","footnotes":""},"class_list":["post-1204","page","type-page","status-publish","hentry"],"yoast_head":"<!-- This site is optimized with the Yoast SEO plugin v26.6 - https:\/\/yoast.com\/wordpress\/plugins\/seo\/ -->\n<title>GYIK - K\u00e1d kisokos<\/title>\n<meta name=\"description\" content=\"M-Acryl f\u00fcrd\u0151k\u00e1d Gyarkran Ism\u00e9telt K\u00e9rd\u00e9sek. A legt\u00f6bbet feltet k\u00e9rd\u00e9sek gy\u0171jtem\u00e9nyes a v\u00e1s\u00e1rl\u00e1ink \u00e1ltal. Tekintse meg.\" \/>\n<meta name=\"robots\" content=\"index, follow, max-snippet:-1, max-image-preview:large, max-video-preview:-1\" \/>\n<link rel=\"canonical\" href=\"https:\/\/m-acryl.hu\/kad-kisokos\/gyik\/\" \/>\n<meta property=\"og:locale\" content=\"hu_HU\" \/>\n<meta property=\"og:type\" content=\"article\" \/>\n<meta property=\"og:title\" content=\"GYIK - K\u00e1d kisokos\" \/>\n<meta property=\"og:description\" content=\"M-Acryl f\u00fcrd\u0151k\u00e1d Gyarkran Ism\u00e9telt K\u00e9rd\u00e9sek. A legt\u00f6bbet feltet k\u00e9rd\u00e9sek gy\u0171jtem\u00e9nyes a v\u00e1s\u00e1rl\u00e1ink \u00e1ltal. Tekintse meg.\" \/>\n<meta property=\"og:url\" content=\"https:\/\/m-acryl.hu\/kad-kisokos\/gyik\/\" \/>\n<meta property=\"og:site_name\" content=\"K\u00e1d kisokos\" \/>\n<meta property=\"article:modified_time\" content=\"2026-03-17T09:32:47+00:00\" \/>\n<meta name=\"twitter:card\" content=\"summary_large_image\" \/>\n<meta name=\"twitter:label1\" content=\"Becs\u00fclt olvas\u00e1si id\u0151\" \/>\n\t<meta name=\"twitter:data1\" content=\"6 perc\" \/>\n<script type=\"application\/ld+json\" class=\"yoast-schema-graph\">{\"@context\":\"https:\/\/schema.org\",\"@graph\":[{\"@type\":\"WebPage\",\"@id\":\"https:\/\/m-acryl.hu\/kad-kisokos\/gyik\/\",\"url\":\"https:\/\/m-acryl.hu\/kad-kisokos\/gyik\/\",\"name\":\"GYIK - K\u00e1d kisokos\",\"isPartOf\":{\"@id\":\"https:\/\/m-acryl.hu\/kad-kisokos\/#website\"},\"datePublished\":\"2020-04-01T08:36:32+00:00\",\"dateModified\":\"2026-03-17T09:32:47+00:00\",\"description\":\"M-Acryl f\u00fcrd\u0151k\u00e1d Gyarkran Ism\u00e9telt K\u00e9rd\u00e9sek. A legt\u00f6bbet feltet k\u00e9rd\u00e9sek gy\u0171jtem\u00e9nyes a v\u00e1s\u00e1rl\u00e1ink \u00e1ltal. Tekintse meg.\",\"breadcrumb\":{\"@id\":\"https:\/\/m-acryl.hu\/kad-kisokos\/gyik\/#breadcrumb\"},\"inLanguage\":\"hu\",\"potentialAction\":[{\"@type\":\"ReadAction\",\"target\":[\"https:\/\/m-acryl.hu\/kad-kisokos\/gyik\/\"]}]},{\"@type\":\"BreadcrumbList\",\"@id\":\"https:\/\/m-acryl.hu\/kad-kisokos\/gyik\/#breadcrumb\",\"itemListElement\":[{\"@type\":\"ListItem\",\"position\":1,\"name\":\"Home\",\"item\":\"https:\/\/m-acryl.hu\/kad-kisokos\/\"},{\"@type\":\"ListItem\",\"position\":2,\"name\":\"GYIK\"}]},{\"@type\":\"WebSite\",\"@id\":\"https:\/\/m-acryl.hu\/kad-kisokos\/#website\",\"url\":\"https:\/\/m-acryl.hu\/kad-kisokos\/\",\"name\":\"K\u00e1d kisokos\",\"description\":\"Az M-Acryl f\u00fcrd\u0151k\u00e1dakr\u00f3l k\u00f6z\u00e9rthet\u0151en\",\"potentialAction\":[{\"@type\":\"SearchAction\",\"target\":{\"@type\":\"EntryPoint\",\"urlTemplate\":\"https:\/\/m-acryl.hu\/kad-kisokos\/?s={search_term_string}\"},\"query-input\":{\"@type\":\"PropertyValueSpecification\",\"valueRequired\":true,\"valueName\":\"search_term_string\"}}],\"inLanguage\":\"hu\"}]}<\/script>\n<!-- \/ Yoast SEO plugin. -->","yoast_head_json":{"title":"GYIK - K\u00e1d kisokos","description":"M-Acryl f\u00fcrd\u0151k\u00e1d Gyarkran Ism\u00e9telt K\u00e9rd\u00e9sek. A legt\u00f6bbet feltet k\u00e9rd\u00e9sek gy\u0171jtem\u00e9nyes a v\u00e1s\u00e1rl\u00e1ink \u00e1ltal. Tekintse meg.","robots":{"index":"index","follow":"follow","max-snippet":"max-snippet:-1","max-image-preview":"max-image-preview:large","max-video-preview":"max-video-preview:-1"},"canonical":"https:\/\/m-acryl.hu\/kad-kisokos\/gyik\/","og_locale":"hu_HU","og_type":"article","og_title":"GYIK - K\u00e1d kisokos","og_description":"M-Acryl f\u00fcrd\u0151k\u00e1d Gyarkran Ism\u00e9telt K\u00e9rd\u00e9sek. A legt\u00f6bbet feltet k\u00e9rd\u00e9sek gy\u0171jtem\u00e9nyes a v\u00e1s\u00e1rl\u00e1ink \u00e1ltal. Tekintse meg.","og_url":"https:\/\/m-acryl.hu\/kad-kisokos\/gyik\/","og_site_name":"K\u00e1d kisokos","article_modified_time":"2026-03-17T09:32:47+00:00","twitter_card":"summary_large_image","twitter_misc":{"Becs\u00fclt olvas\u00e1si id\u0151":"6 perc"},"schema":{"@context":"https:\/\/schema.org","@graph":[{"@type":"WebPage","@id":"https:\/\/m-acryl.hu\/kad-kisokos\/gyik\/","url":"https:\/\/m-acryl.hu\/kad-kisokos\/gyik\/","name":"GYIK - K\u00e1d kisokos","isPartOf":{"@id":"https:\/\/m-acryl.hu\/kad-kisokos\/#website"},"datePublished":"2020-04-01T08:36:32+00:00","dateModified":"2026-03-17T09:32:47+00:00","description":"M-Acryl f\u00fcrd\u0151k\u00e1d Gyarkran Ism\u00e9telt K\u00e9rd\u00e9sek. A legt\u00f6bbet feltet k\u00e9rd\u00e9sek gy\u0171jtem\u00e9nyes a v\u00e1s\u00e1rl\u00e1ink \u00e1ltal. Tekintse meg.","breadcrumb":{"@id":"https:\/\/m-acryl.hu\/kad-kisokos\/gyik\/#breadcrumb"},"inLanguage":"hu","potentialAction":[{"@type":"ReadAction","target":["https:\/\/m-acryl.hu\/kad-kisokos\/gyik\/"]}]},{"@type":"BreadcrumbList","@id":"https:\/\/m-acryl.hu\/kad-kisokos\/gyik\/#breadcrumb","itemListElement":[{"@type":"ListItem","position":1,"name":"Home","item":"https:\/\/m-acryl.hu\/kad-kisokos\/"},{"@type":"ListItem","position":2,"name":"GYIK"}]},{"@type":"WebSite","@id":"https:\/\/m-acryl.hu\/kad-kisokos\/#website","url":"https:\/\/m-acryl.hu\/kad-kisokos\/","name":"K\u00e1d kisokos","description":"Az M-Acryl f\u00fcrd\u0151k\u00e1dakr\u00f3l k\u00f6z\u00e9rthet\u0151en","potentialAction":[{"@type":"SearchAction","target":{"@type":"EntryPoint","urlTemplate":"https:\/\/m-acryl.hu\/kad-kisokos\/?s={search_term_string}"},"query-input":{"@type":"PropertyValueSpecification","valueRequired":true,"valueName":"search_term_string"}}],"inLanguage":"hu"}]}},"_links":{"self":[{"href":"https:\/\/m-acryl.hu\/kad-kisokos\/wp-json\/wp\/v2\/pages\/1204","targetHints":{"allow":["GET"]}}],"collection":[{"href":"https:\/\/m-acryl.hu\/kad-kisokos\/wp-json\/wp\/v2\/pages"}],"about":[{"href":"https:\/\/m-acryl.hu\/kad-kisokos\/wp-json\/wp\/v2\/types\/page"}],"author":[{"embeddable":true,"href":"https:\/\/m-acryl.hu\/kad-kisokos\/wp-json\/wp\/v2\/users\/3"}],"replies":[{"embeddable":true,"href":"https:\/\/m-acryl.hu\/kad-kisokos\/wp-json\/wp\/v2\/comments?post=1204"}],"version-history":[{"count":24,"href":"https:\/\/m-acryl.hu\/kad-kisokos\/wp-json\/wp\/v2\/pages\/1204\/revisions"}],"predecessor-version":[{"id":7397,"href":"https:\/\/m-acryl.hu\/kad-kisokos\/wp-json\/wp\/v2\/pages\/1204\/revisions\/7397"}],"wp:attachment":[{"href":"https:\/\/m-acryl.hu\/kad-kisokos\/wp-json\/wp\/v2\/media?parent=1204"}],"curies":[{"name":"wp","href":"https:\/\/api.w.org\/{rel}","templated":true}]}}